











































































































































































































































































































































































































































































{"id":9121,"date":"2023-03-10T16:18:09","date_gmt":"2023-03-10T15:18:09","guid":{"rendered":"https:\/\/cmogroup.it\/alluminio\/"},"modified":"2025-08-28T10:38:57","modified_gmt":"2025-08-28T09:38:57","slug":"alluminio","status":"publish","type":"page","link":"https:\/\/cmogroup.it\/it\/alluminio\/","title":{"rendered":"Alluminio"},"content":{"rendered":"\t\t<div data-elementor-type=\"wp-page\" data-elementor-id=\"9121\" class=\"elementor elementor-9121 elementor-5130\">\n\t\t\t\t\t\t<div class=\"elementor-inner\">\n\t\t\t\t<div class=\"elementor-section-wrap\">\n\t\t\t\t\t\t\t\t\t<section class=\"elementor-section elementor-top-section elementor-element elementor-element-d3a42a6 blacktxt elementor-section-boxed elementor-section-height-default elementor-section-height-default\" data-id=\"d3a42a6\" data-element_type=\"section\">\n\t\t\t\t\t\t<div class=\"elementor-container elementor-column-gap-default\">\n\t\t\t\t\t\t\t<div class=\"elementor-row\">\n\t\t\t\t\t<div class=\"elementor-column elementor-col-100 elementor-top-column elementor-element elementor-element-ee5f7ec\" data-id=\"ee5f7ec\" data-element_type=\"column\">\n\t\t\t<div class=\"elementor-column-wrap elementor-element-populated\">\n\t\t\t\t\t\t\t<div class=\"elementor-widget-wrap\">\n\t\t\t\t\t\t<div class=\"elementor-element elementor-element-f5ec79e elementor-widget elementor-widget-text-editor\" data-id=\"f5ec79e\" data-element_type=\"widget\" data-widget_type=\"text-editor.default\">\n\t\t\t\t<div class=\"elementor-widget-container\">\n\t\t\t\t\t\t\t\t<div class=\"elementor-text-editor elementor-clearfix\">\n\t\t\t\t<p>Le leghe di alluminio presentano una serie di propriet\u00e0 vantaggiose che ne consentono l&#8217;impiego in un&#8217;ampia gamma di applicazioni.<\/p>\n<p>L&#8217;alluminio \u00e8 riciclabile al 100%. Il nostro obiettivo \u00e8 contribuire a ridurre l&#8217;impatto sul clima sfruttando appieno il potenziale dell&#8217;alluminio come soluzione a basse emissioni di carbonio.<\/p>\n\t\t\t\t\t<\/div>\n\t\t\t\t\t\t<\/div>\n\t\t\t\t<\/div>\n\t\t\t\t<div class=\"elementor-element elementor-element-902d457 elementor-widget elementor-widget-heading\" data-id=\"902d457\" data-element_type=\"widget\" data-widget_type=\"heading.default\">\n\t\t\t\t<div class=\"elementor-widget-container\">\n\t\t\t<h4 class=\"elementor-heading-title elementor-size-default\">Leghe<\/h4>\t\t<\/div>\n\t\t\t\t<\/div>\n\t\t\t\t<div class=\"elementor-element elementor-element-f6394e7 elementor-widget elementor-widget-text-editor\" data-id=\"f6394e7\" data-element_type=\"widget\" data-widget_type=\"text-editor.default\">\n\t\t\t\t<div class=\"elementor-widget-container\">\n\t\t\t\t\t\t\t\t<div class=\"elementor-text-editor elementor-clearfix\">\n\t\t\t\t<ul>\n<li>EN AW &#8211; AI Cu4 Si Mg ENAW2014<\/li>\n<li>EN AW &#8211; AI Cu4 Mg Si ENAW2017<\/li>\n<li>EN AW &#8211; AI Cu4 Mg1 ENAW2024<\/li>\n<li>EN AW &#8211; AI Mg3 ENAW5754<\/li>\n<li>EN AW &#8211; AI Mg Si ENAW6060<\/li>\n<li>EN AW &#8211; AI Mg1 Si Cu ENAW6061<\/li>\n<li>EN AW &#8211; AI Si1 Mg Mn ENAW6082<\/li>\n<li>EN AW &#8211; AI Zn6 Mg0,8 Zr ENAW7003<\/li>\n<li>EN AW &#8211; AI Zn4,5 Mg1 ENAW7020<\/li>\n<li>EN AW &#8211; AI Zn5,5 Mg Cu ENAW7075<\/li>\n<\/ul>\n\t\t\t\t\t<\/div>\n\t\t\t\t\t\t<\/div>\n\t\t\t\t<\/div>\n\t\t\t\t\t\t<\/div>\n\t\t\t\t\t<\/div>\n\t\t<\/div>\n\t\t\t\t\t\t\t\t<\/div>\n\t\t\t\t\t<\/div>\n\t\t<\/section>\n\t\t\t\t<section class=\"elementor-section elementor-top-section elementor-element elementor-element-5b46cf0 blacktxt icon-box2 elementor-section-boxed elementor-section-height-default elementor-section-height-default\" data-id=\"5b46cf0\" data-element_type=\"section\" data-settings=\"{&quot;background_background&quot;:&quot;classic&quot;}\">\n\t\t\t\t\t\t<div class=\"elementor-container elementor-column-gap-default\">\n\t\t\t\t\t\t\t<div class=\"elementor-row\">\n\t\t\t\t\t<div class=\"elementor-column elementor-col-100 elementor-top-column elementor-element elementor-element-a069195\" data-id=\"a069195\" data-element_type=\"column\">\n\t\t\t<div class=\"elementor-column-wrap elementor-element-populated\">\n\t\t\t\t\t\t\t<div class=\"elementor-widget-wrap\">\n\t\t\t\t\t\t<div class=\"elementor-element elementor-element-5d2c834 txt4 elementor-widget elementor-widget-heading\" data-id=\"5d2c834\" data-element_type=\"widget\" data-settings=\"{&quot;motion_fx_motion_fx_scrolling&quot;:&quot;yes&quot;,&quot;motion_fx_translateX_effect&quot;:&quot;yes&quot;,&quot;motion_fx_translateX_speed&quot;:{&quot;unit&quot;:&quot;px&quot;,&quot;size&quot;:2,&quot;sizes&quot;:[]},&quot;motion_fx_devices&quot;:[&quot;desktop&quot;],&quot;motion_fx_translateX_affectedRange&quot;:{&quot;unit&quot;:&quot;%&quot;,&quot;size&quot;:&quot;&quot;,&quot;sizes&quot;:{&quot;start&quot;:0,&quot;end&quot;:100}}}\" data-widget_type=\"heading.default\">\n\t\t\t\t<div class=\"elementor-widget-container\">\n\t\t\t<h2 class=\"elementor-heading-title elementor-size-default\">Caratteristiche<\/h2>\t\t<\/div>\n\t\t\t\t<\/div>\n\t\t\t\t<div class=\"elementor-element elementor-element-6640a93 elementor-widget elementor-widget-text-editor\" data-id=\"6640a93\" data-element_type=\"widget\" data-widget_type=\"text-editor.default\">\n\t\t\t\t<div class=\"elementor-widget-container\">\n\t\t\t\t\t\t\t\t<div class=\"elementor-text-editor elementor-clearfix\">\n\t\t\t\t<p>Di seguito le principali caratteristiche dei forgiati in alluminio:<\/p>\t\t\t\t\t<\/div>\n\t\t\t\t\t\t<\/div>\n\t\t\t\t<\/div>\n\t\t\t\t<section class=\"elementor-section elementor-inner-section elementor-element elementor-element-6dfcf2a pad  elementor-section-boxed elementor-section-height-default elementor-section-height-default\" data-id=\"6dfcf2a\" data-element_type=\"section\">\n\t\t\t\t\t\t<div class=\"elementor-container elementor-column-gap-default\">\n\t\t\t\t\t\t\t<div class=\"elementor-row\">\n\t\t\t\t\t<div class=\"elementor-column elementor-col-50 elementor-inner-column elementor-element elementor-element-b1efdf7\" data-id=\"b1efdf7\" data-element_type=\"column\">\n\t\t\t<div class=\"elementor-column-wrap elementor-element-populated\">\n\t\t\t\t\t\t\t<div class=\"elementor-widget-wrap\">\n\t\t\t\t\t\t<div class=\"elementor-element elementor-element-77da035 elementor-position-left elementor-vertical-align-top elementor-widget elementor-widget-image-box\" data-id=\"77da035\" data-element_type=\"widget\" data-widget_type=\"image-box.default\">\n\t\t\t\t<div class=\"elementor-widget-container\">\n\t\t\t<div class=\"elementor-image-box-wrapper\"><figure class=\"elementor-image-box-img\"><img decoding=\"async\" width=\"77\" height=\"58\" src=\"https:\/\/cmogroup.it\/wp-content\/uploads\/2025\/08\/light-1.png\" class=\"attachment-full size-full wp-image-13487\" alt=\"\" \/><\/figure><div class=\"elementor-image-box-content\"><h6 class=\"elementor-image-box-title\">Leggerezza<\/h6><p class=\"elementor-image-box-description\">L\u2019alluminio pesa solamente un terzo dell\u2019acciaio<\/p><\/div><\/div>\t\t<\/div>\n\t\t\t\t<\/div>\n\t\t\t\t<div class=\"elementor-element elementor-element-2259f7c elementor-position-left elementor-vertical-align-top elementor-widget elementor-widget-image-box\" data-id=\"2259f7c\" data-element_type=\"widget\" data-widget_type=\"image-box.default\">\n\t\t\t\t<div class=\"elementor-widget-container\">\n\t\t\t<div class=\"elementor-image-box-wrapper\"><figure class=\"elementor-image-box-img\"><img decoding=\"async\" width=\"65\" height=\"66\" src=\"https:\/\/cmogroup.it\/wp-content\/uploads\/2025\/08\/Group-1-1.png\" class=\"attachment-full size-full wp-image-13491\" alt=\"\" \/><\/figure><div class=\"elementor-image-box-content\"><h6 class=\"elementor-image-box-title\">Versatilit\u00e0<\/h6><p class=\"elementor-image-box-description\">Considerando i vari trattamenti termici applicabili su di esse e le diverse possibilit\u00e0 di alligazione, le leghe si possono adattare ad una vasta gamma di esigenze.<\/p><\/div><\/div>\t\t<\/div>\n\t\t\t\t<\/div>\n\t\t\t\t<div class=\"elementor-element elementor-element-e7fa3d6 elementor-position-left elementor-vertical-align-top elementor-widget elementor-widget-image-box\" data-id=\"e7fa3d6\" data-element_type=\"widget\" data-widget_type=\"image-box.default\">\n\t\t\t\t<div class=\"elementor-widget-container\">\n\t\t\t<div class=\"elementor-image-box-wrapper\"><figure class=\"elementor-image-box-img\"><img decoding=\"async\" width=\"66\" height=\"66\" src=\"https:\/\/cmogroup.it\/wp-content\/uploads\/2025\/08\/workability-1.png\" class=\"attachment-full size-full wp-image-13495\" alt=\"\" \/><\/figure><div class=\"elementor-image-box-content\"><h6 class=\"elementor-image-box-title\">Lavorabilit\u00e0 <\/h6><p class=\"elementor-image-box-description\">L\u2019elevata truciolabilit\u00e0 consente un a facilit\u00e0 di lavorazione dello stesso metallo<\/p><\/div><\/div>\t\t<\/div>\n\t\t\t\t<\/div>\n\t\t\t\t<div class=\"elementor-element elementor-element-5ed1553 elementor-position-left elementor-vertical-align-top elementor-widget elementor-widget-image-box\" data-id=\"5ed1553\" data-element_type=\"widget\" data-widget_type=\"image-box.default\">\n\t\t\t\t<div class=\"elementor-widget-container\">\n\t\t\t<div class=\"elementor-image-box-wrapper\"><figure class=\"elementor-image-box-img\"><img decoding=\"async\" width=\"77\" height=\"58\" src=\"https:\/\/cmogroup.it\/wp-content\/uploads\/2025\/08\/light-1.png\" class=\"attachment-full size-full wp-image-13487\" alt=\"\" \/><\/figure><div class=\"elementor-image-box-content\"><h6 class=\"elementor-image-box-title\">Ottima conducibilit\u00e0 elettrica<\/h6><p class=\"elementor-image-box-description\">A parit\u00e0 di costo e di peso, l\u2019alluminio conduce molto pi\u00f9 calore di qualsiasi altro metallo e la sua conducibilit\u00e0 elettrica \u00e8 circa doppia di quella del rame.<\/p><\/div><\/div>\t\t<\/div>\n\t\t\t\t<\/div>\n\t\t\t\t\t\t<\/div>\n\t\t\t\t\t<\/div>\n\t\t<\/div>\n\t\t\t\t<div class=\"elementor-column elementor-col-50 elementor-inner-column elementor-element elementor-element-a54b343\" data-id=\"a54b343\" data-element_type=\"column\">\n\t\t\t<div class=\"elementor-column-wrap elementor-element-populated\">\n\t\t\t\t\t\t\t<div class=\"elementor-widget-wrap\">\n\t\t\t\t\t\t<div class=\"elementor-element elementor-element-4f0cfd6 elementor-position-left elementor-vertical-align-top elementor-widget elementor-widget-image-box\" data-id=\"4f0cfd6\" data-element_type=\"widget\" data-widget_type=\"image-box.default\">\n\t\t\t\t<div class=\"elementor-widget-container\">\n\t\t\t<div class=\"elementor-image-box-wrapper\"><figure class=\"elementor-image-box-img\"><img decoding=\"async\" width=\"63\" height=\"63\" src=\"https:\/\/cmogroup.it\/wp-content\/uploads\/2025\/08\/durability-1.png\" class=\"attachment-full size-full wp-image-13499\" alt=\"\" \/><\/figure><div class=\"elementor-image-box-content\"><h6 class=\"elementor-image-box-title\">Durevolezza<\/h6><p class=\"elementor-image-box-description\">Resistente alla corrosione atmosferica.<\/p><\/div><\/div>\t\t<\/div>\n\t\t\t\t<\/div>\n\t\t\t\t<div class=\"elementor-element elementor-element-87e2dad elementor-position-left elementor-vertical-align-top elementor-widget elementor-widget-image-box\" data-id=\"87e2dad\" data-element_type=\"widget\" data-widget_type=\"image-box.default\">\n\t\t\t\t<div class=\"elementor-widget-container\">\n\t\t\t<div class=\"elementor-image-box-wrapper\"><figure class=\"elementor-image-box-img\"><img decoding=\"async\" width=\"69\" height=\"66\" src=\"https:\/\/cmogroup.it\/wp-content\/uploads\/2025\/08\/mechan-1.png\" class=\"attachment-full size-full wp-image-13503\" alt=\"\" \/><\/figure><div class=\"elementor-image-box-content\"><h6 class=\"elementor-image-box-title\">Caratteristiche meccaniche medio-alte <\/h6><p class=\"elementor-image-box-description\">Le leghe di alluminio possono raggiungere resistenze meccaniche fino a oltre 560 Mpa; il limite di snervamento per le leghe di pi\u00f9 elevata resistenza \u00e8 di circa l\u201985% della resistenza a rottura.<\/p><\/div><\/div>\t\t<\/div>\n\t\t\t\t<\/div>\n\t\t\t\t<div class=\"elementor-element elementor-element-9c3be6a elementor-position-left elementor-vertical-align-top elementor-widget elementor-widget-image-box\" data-id=\"9c3be6a\" data-element_type=\"widget\" data-widget_type=\"image-box.default\">\n\t\t\t\t<div class=\"elementor-widget-container\">\n\t\t\t<div class=\"elementor-image-box-wrapper\"><figure class=\"elementor-image-box-img\"><img decoding=\"async\" width=\"63\" height=\"53\" src=\"https:\/\/cmogroup.it\/wp-content\/uploads\/2025\/08\/weight-1.png\" class=\"attachment-full size-full wp-image-13507\" alt=\"\" \/><\/figure><div class=\"elementor-image-box-content\"><h6 class=\"elementor-image-box-title\">Peso specifico <\/h6><p class=\"elementor-image-box-description\">Il peso specifico \u00e8 di circa 2,7 kg\/dm<sup>3<\/sup><\/p><\/div><\/div>\t\t<\/div>\n\t\t\t\t<\/div>\n\t\t\t\t<div class=\"elementor-element elementor-element-78dba0c elementor-position-left elementor-vertical-align-top elementor-widget elementor-widget-image-box\" data-id=\"78dba0c\" data-element_type=\"widget\" data-widget_type=\"image-box.default\">\n\t\t\t\t<div class=\"elementor-widget-container\">\n\t\t\t<div class=\"elementor-image-box-wrapper\"><figure class=\"elementor-image-box-img\"><img decoding=\"async\" width=\"86\" height=\"62\" src=\"https:\/\/cmogroup.it\/wp-content\/uploads\/2025\/08\/braze.png\" class=\"attachment-full size-full wp-image-13511\" alt=\"\" \/><\/figure><div class=\"elementor-image-box-content\"><h6 class=\"elementor-image-box-title\"> Facilit\u00e0 di assemblaggio <\/h6><p class=\"elementor-image-box-description\">Le varie leghe di alluminio possono essere assemblate con keenserts, viti ecc. ed inoltre si possono realizzare assemblaggi strutturali. Esistono anche leghe saldabili per fusione e brasabili<\/p><\/div><\/div>\t\t<\/div>\n\t\t\t\t<\/div>\n\t\t\t\t\t\t<\/div>\n\t\t\t\t\t<\/div>\n\t\t<\/div>\n\t\t\t\t\t\t\t\t<\/div>\n\t\t\t\t\t<\/div>\n\t\t<\/section>\n\t\t\t\t\t\t<\/div>\n\t\t\t\t\t<\/div>\n\t\t<\/div>\n\t\t\t\t\t\t\t\t<\/div>\n\t\t\t\t\t<\/div>\n\t\t<\/section>\n\t\t\t\t<section class=\"elementor-section elementor-top-section elementor-element elementor-element-4768e1d elementor-section-boxed elementor-section-height-default elementor-section-height-default\" data-id=\"4768e1d\" data-element_type=\"section\">\n\t\t\t\t\t\t<div class=\"elementor-container elementor-column-gap-default\">\n\t\t\t\t\t\t\t<div class=\"elementor-row\">\n\t\t\t\t\t<div class=\"elementor-column elementor-col-100 elementor-top-column elementor-element elementor-element-8cfa194\" data-id=\"8cfa194\" data-element_type=\"column\">\n\t\t\t<div class=\"elementor-column-wrap elementor-element-populated\">\n\t\t\t\t\t\t\t<div class=\"elementor-widget-wrap\">\n\t\t\t\t\t\t<div class=\"elementor-element elementor-element-c8deec0 blacktxt txt4 elementor-widget elementor-widget-heading\" data-id=\"c8deec0\" data-element_type=\"widget\" data-widget_type=\"heading.default\">\n\t\t\t\t<div class=\"elementor-widget-container\">\n\t\t\t<h4 class=\"elementor-heading-title elementor-size-default\">Settori di applicazione <\/h4>\t\t<\/div>\n\t\t\t\t<\/div>\n\t\t\t\t<div class=\"elementor-element elementor-element-fdc61b7 elementor-widget elementor-widget-text-editor\" data-id=\"fdc61b7\" data-element_type=\"widget\" data-widget_type=\"text-editor.default\">\n\t\t\t\t<div class=\"elementor-widget-container\">\n\t\t\t\t\t\t\t\t<div class=\"elementor-text-editor elementor-clearfix\">\n\t\t\t\t<ul><li>Railways &#8211; high speed<\/li><li>Difesa<\/li><li>Nautico<\/li><li>Valvole a idrogeno<\/li><li>Auto elettriche<\/li><li>Valvole<\/li><li>Medicale<\/li><li>Petrolio e Gas<\/li><li>Chimico<\/li><li>Sport<\/li><li>Bassa e media tensione<\/li><li>Alta tensione<\/li><\/ul>\t\t\t\t\t<\/div>\n\t\t\t\t\t\t<\/div>\n\t\t\t\t<\/div>\n\t\t\t\t\t\t<\/div>\n\t\t\t\t\t<\/div>\n\t\t<\/div>\n\t\t\t\t\t\t\t\t<\/div>\n\t\t\t\t\t<\/div>\n\t\t<\/section>\n\t\t\t\t\t\t\t\t\t<\/div>\n\t\t\t<\/div>\n\t\t\t\t\t<\/div>\n\t\t","protected":false},"excerpt":{"rendered":"<p>Le leghe di alluminio presentano una serie di propriet\u00e0 vantaggiose che ne consentono l&#8217;impiego in un&#8217;ampia gamma di applicazioni. L&#8217;alluminio \u00e8 riciclabile al 100%. Il nostro obiettivo \u00e8 contribuire a ridurre l&#8217;impatto sul clima sfruttando appieno il potenziale dell&#8217;alluminio come soluzione a basse emissioni di carbonio. Leghe EN AW &#8211; AI Cu4 Si Mg ENAW2014 [&hellip;]<\/p>\n","protected":false},"author":12,"featured_media":8812,"parent":0,"menu_order":0,"comment_status":"closed","ping_status":"closed","template":"","meta":{"footnotes":""},"class_list":["post-9121","page","type-page","status-publish","has-post-thumbnail","hentry"],"acf":[],"_links":{"self":[{"href":"https:\/\/cmogroup.it\/it\/wp-json\/wp\/v2\/pages\/9121","targetHints":{"allow":["GET"]}}],"collection":[{"href":"https:\/\/cmogroup.it\/it\/wp-json\/wp\/v2\/pages"}],"about":[{"href":"https:\/\/cmogroup.it\/it\/wp-json\/wp\/v2\/types\/page"}],"author":[{"embeddable":true,"href":"https:\/\/cmogroup.it\/it\/wp-json\/wp\/v2\/users\/12"}],"replies":[{"embeddable":true,"href":"https:\/\/cmogroup.it\/it\/wp-json\/wp\/v2\/comments?post=9121"}],"version-history":[{"count":3,"href":"https:\/\/cmogroup.it\/it\/wp-json\/wp\/v2\/pages\/9121\/revisions"}],"predecessor-version":[{"id":13545,"href":"https:\/\/cmogroup.it\/it\/wp-json\/wp\/v2\/pages\/9121\/revisions\/13545"}],"wp:featuredmedia":[{"embeddable":true,"href":"https:\/\/cmogroup.it\/it\/wp-json\/wp\/v2\/media\/8812"}],"wp:attachment":[{"href":"https:\/\/cmogroup.it\/it\/wp-json\/wp\/v2\/media?parent=9121"}],"curies":[{"name":"wp","href":"https:\/\/api.w.org\/{rel}","templated":true}]}}