











































































































































































































































































































































































































































































{"id":9115,"date":"2023-03-01T09:58:23","date_gmt":"2023-03-01T08:58:23","guid":{"rendered":"https:\/\/cmogroup.it\/tracciabilita\/"},"modified":"2025-09-04T14:54:24","modified_gmt":"2025-09-04T13:54:24","slug":"tracciabilita","status":"publish","type":"page","link":"https:\/\/cmogroup.it\/it\/tracciabilita\/","title":{"rendered":"Tracciabilit\u00e0"},"content":{"rendered":"\t\t<div data-elementor-type=\"wp-page\" data-elementor-id=\"9115\" class=\"elementor elementor-9115 elementor-4090\">\n\t\t\t\t\t\t<div class=\"elementor-inner\">\n\t\t\t\t<div class=\"elementor-section-wrap\">\n\t\t\t\t\t\t\t\t\t<section class=\"elementor-section elementor-top-section elementor-element elementor-element-3de05d8 blacktxt elementor-section-boxed elementor-section-height-default elementor-section-height-default\" data-id=\"3de05d8\" data-element_type=\"section\">\n\t\t\t\t\t\t<div class=\"elementor-container elementor-column-gap-default\">\n\t\t\t\t\t\t\t<div class=\"elementor-row\">\n\t\t\t\t\t<div class=\"elementor-column elementor-col-100 elementor-top-column elementor-element elementor-element-b883533\" data-id=\"b883533\" data-element_type=\"column\">\n\t\t\t<div class=\"elementor-column-wrap elementor-element-populated\">\n\t\t\t\t\t\t\t<div class=\"elementor-widget-wrap\">\n\t\t\t\t\t\t<div class=\"elementor-element elementor-element-79dc0dc txt3 elementor-widget elementor-widget-heading\" data-id=\"79dc0dc\" data-element_type=\"widget\" data-widget_type=\"heading.default\">\n\t\t\t\t<div class=\"elementor-widget-container\">\n\t\t\t<h2 class=\"elementor-heading-title elementor-size-default\">La traccaibilit\u00e0 \u00e8 essenziale all'interno del processo produttivo <\/h2>\t\t<\/div>\n\t\t\t\t<\/div>\n\t\t\t\t<div class=\"elementor-element elementor-element-51e80a7 elementor-widget elementor-widget-text-editor\" data-id=\"51e80a7\" data-element_type=\"widget\" data-widget_type=\"text-editor.default\">\n\t\t\t\t<div class=\"elementor-widget-container\">\n\t\t\t\t\t\t\t\t<div class=\"elementor-text-editor elementor-clearfix\">\n\t\t\t\t<p>Ci impegniamo a offrire ai nostri clienti le informazioni pi\u00f9 complete possibili sul prodotto richiesto, compresi rapporti sullo stato di avanzamento della fase di produzione.<\/p>\n<p>Tutti i lotti di prodotto sono identificati individualmente tramite un sistema di codici a barre, che garantisce una rapida localizzazione all&#8217;interno del magazzino.<\/p>\n<p>Inoltre, nelle tecnologie di stampaggio a caldo tutte le macchine sono integrate nell&#8217;ERP aziendale e registrano immediatamente le condizioni dei principali parametri di processo.<\/p>\n<p>Se uno di questi parametri non rientra nell&#8217;intervallo ottimale, le presse si fermano automaticamente e non possono essere utilizzate.<\/p>\n\t\t\t\t\t<\/div>\n\t\t\t\t\t\t<\/div>\n\t\t\t\t<\/div>\n\t\t\t\t\t\t<\/div>\n\t\t\t\t\t<\/div>\n\t\t<\/div>\n\t\t\t\t\t\t\t\t<\/div>\n\t\t\t\t\t<\/div>\n\t\t<\/section>\n\t\t\t\t<section class=\"elementor-section elementor-top-section elementor-element elementor-element-2305cef adv-box1 elementor-section-boxed elementor-section-height-default elementor-section-height-default\" data-id=\"2305cef\" data-element_type=\"section\">\n\t\t\t\t\t\t<div class=\"elementor-container elementor-column-gap-default\">\n\t\t\t\t\t\t\t<div class=\"elementor-row\">\n\t\t\t\t\t<div class=\"elementor-column elementor-col-100 elementor-top-column elementor-element elementor-element-dc467b4\" data-id=\"dc467b4\" data-element_type=\"column\">\n\t\t\t<div class=\"elementor-column-wrap elementor-element-populated\">\n\t\t\t\t\t\t\t<div class=\"elementor-widget-wrap\">\n\t\t\t\t\t\t<section class=\"elementor-section elementor-inner-section elementor-element elementor-element-8c1dfae elementor-reverse-tablet elementor-reverse-mobile blacktxt elementor-section-boxed elementor-section-height-default elementor-section-height-default\" data-id=\"8c1dfae\" data-element_type=\"section\">\n\t\t\t\t\t\t<div class=\"elementor-container elementor-column-gap-default\">\n\t\t\t\t\t\t\t<div class=\"elementor-row\">\n\t\t\t\t\t<div class=\"elementor-column elementor-col-50 elementor-inner-column elementor-element elementor-element-10ec128\" data-id=\"10ec128\" data-element_type=\"column\">\n\t\t\t<div class=\"elementor-column-wrap elementor-element-populated\">\n\t\t\t\t\t\t\t<div class=\"elementor-widget-wrap\">\n\t\t\t\t\t\t<section data-dce-background-color=\"#F6F6F6\" data-dce-background-hover-color=\"#F1F4F8\" class=\"elementor-section elementor-inner-section elementor-element elementor-element-2d14696 elementor-section-full_width elementor-section-height-min-height animated-slow gr1 elementor-section-height-default elementor-invisible\" data-id=\"2d14696\" data-element_type=\"section\" data-settings=\"{&quot;background_background&quot;:&quot;classic&quot;,&quot;animation&quot;:&quot;fadeIn&quot;,&quot;animation_delay&quot;:400}\">\n\t\t\t\t\t\t<div class=\"elementor-container elementor-column-gap-default\">\n\t\t\t\t\t\t\t<div class=\"elementor-row\">\n\t\t\t\t\t<div data-dce-background-color=\"#5593C4\" data-dce-background-image-url=\"https:\/\/cmogroup.it\/wp-content\/uploads\/2025\/08\/quad-grad1.png\" class=\"elementor-column elementor-col-50 elementor-inner-column elementor-element elementor-element-b64ad91\" data-id=\"b64ad91\" data-element_type=\"column\" data-settings=\"{&quot;background_background&quot;:&quot;classic&quot;}\">\n\t\t\t<div class=\"elementor-column-wrap\">\n\t\t\t\t\t\t\t<div class=\"elementor-widget-wrap\">\n\t\t\t\t\t\t\t\t<\/div>\n\t\t\t\t\t<\/div>\n\t\t<\/div>\n\t\t\t\t<div class=\"elementor-column elementor-col-50 elementor-inner-column elementor-element elementor-element-847fe83\" data-id=\"847fe83\" data-element_type=\"column\">\n\t\t\t<div class=\"elementor-column-wrap elementor-element-populated\">\n\t\t\t\t\t\t\t<div class=\"elementor-widget-wrap\">\n\t\t\t\t\t\t<div class=\"elementor-element elementor-element-0848387 txts7 txt-cap elementor-widget elementor-widget-heading\" data-id=\"0848387\" data-element_type=\"widget\" data-widget_type=\"heading.default\">\n\t\t\t\t<div class=\"elementor-widget-container\">\n\t\t\t<h5 class=\"elementor-heading-title elementor-size-default\">LA TEMPERATURA dei pezzi da forgiare<\/h5>\t\t<\/div>\n\t\t\t\t<\/div>\n\t\t\t\t\t\t<\/div>\n\t\t\t\t\t<\/div>\n\t\t<\/div>\n\t\t\t\t\t\t\t\t<\/div>\n\t\t\t\t\t<\/div>\n\t\t<\/section>\n\t\t\t\t<section data-dce-background-color=\"#F6F6F6\" data-dce-background-hover-color=\"#F1F4F8\" class=\"elementor-section elementor-inner-section elementor-element elementor-element-99c6002 elementor-section-full_width elementor-section-height-min-height animated-slow gr1 elementor-section-height-default elementor-invisible\" data-id=\"99c6002\" data-element_type=\"section\" data-settings=\"{&quot;background_background&quot;:&quot;classic&quot;,&quot;animation&quot;:&quot;fadeIn&quot;,&quot;animation_delay&quot;:400}\">\n\t\t\t\t\t\t<div class=\"elementor-container elementor-column-gap-default\">\n\t\t\t\t\t\t\t<div class=\"elementor-row\">\n\t\t\t\t\t<div data-dce-background-color=\"#5593C4\" data-dce-background-image-url=\"https:\/\/cmogroup.it\/wp-content\/uploads\/2025\/08\/quad-grad1.png\" class=\"elementor-column elementor-col-50 elementor-inner-column elementor-element elementor-element-0968193\" data-id=\"0968193\" data-element_type=\"column\" data-settings=\"{&quot;background_background&quot;:&quot;classic&quot;}\">\n\t\t\t<div class=\"elementor-column-wrap\">\n\t\t\t\t\t\t\t<div class=\"elementor-widget-wrap\">\n\t\t\t\t\t\t\t\t<\/div>\n\t\t\t\t\t<\/div>\n\t\t<\/div>\n\t\t\t\t<div class=\"elementor-column elementor-col-50 elementor-inner-column elementor-element elementor-element-b438fe4\" data-id=\"b438fe4\" data-element_type=\"column\">\n\t\t\t<div class=\"elementor-column-wrap elementor-element-populated\">\n\t\t\t\t\t\t\t<div class=\"elementor-widget-wrap\">\n\t\t\t\t\t\t<div class=\"elementor-element elementor-element-55845fd txts7 txt-cap elementor-widget elementor-widget-heading\" data-id=\"55845fd\" data-element_type=\"widget\" data-widget_type=\"heading.default\">\n\t\t\t\t<div class=\"elementor-widget-container\">\n\t\t\t<h5 class=\"elementor-heading-title elementor-size-default\">L'INTERVALLO DI TEMPERATURA all'interno del forno<\/h5>\t\t<\/div>\n\t\t\t\t<\/div>\n\t\t\t\t\t\t<\/div>\n\t\t\t\t\t<\/div>\n\t\t<\/div>\n\t\t\t\t\t\t\t\t<\/div>\n\t\t\t\t\t<\/div>\n\t\t<\/section>\n\t\t\t\t\t\t<\/div>\n\t\t\t\t\t<\/div>\n\t\t<\/div>\n\t\t\t\t<div class=\"elementor-column elementor-col-50 elementor-inner-column elementor-element elementor-element-51f0076\" data-id=\"51f0076\" data-element_type=\"column\">\n\t\t\t<div class=\"elementor-column-wrap elementor-element-populated\">\n\t\t\t\t\t\t\t<div class=\"elementor-widget-wrap\">\n\t\t\t\t\t\t<section data-dce-background-color=\"#F6F6F6\" data-dce-background-hover-color=\"#F1F4F8\" class=\"elementor-section elementor-inner-section elementor-element elementor-element-de6f8db elementor-section-full_width elementor-section-height-min-height animated-slow gr1 elementor-section-height-default elementor-invisible\" data-id=\"de6f8db\" data-element_type=\"section\" data-settings=\"{&quot;background_background&quot;:&quot;classic&quot;,&quot;animation&quot;:&quot;fadeIn&quot;,&quot;animation_delay&quot;:400}\">\n\t\t\t\t\t\t<div class=\"elementor-container elementor-column-gap-default\">\n\t\t\t\t\t\t\t<div class=\"elementor-row\">\n\t\t\t\t\t<div data-dce-background-color=\"#5593C4\" data-dce-background-image-url=\"https:\/\/cmogroup.it\/wp-content\/uploads\/2025\/08\/quad-grad1.png\" class=\"elementor-column elementor-col-50 elementor-inner-column elementor-element elementor-element-d4faf6b\" data-id=\"d4faf6b\" data-element_type=\"column\" data-settings=\"{&quot;background_background&quot;:&quot;classic&quot;}\">\n\t\t\t<div class=\"elementor-column-wrap\">\n\t\t\t\t\t\t\t<div class=\"elementor-widget-wrap\">\n\t\t\t\t\t\t\t\t<\/div>\n\t\t\t\t\t<\/div>\n\t\t<\/div>\n\t\t\t\t<div class=\"elementor-column elementor-col-50 elementor-inner-column elementor-element elementor-element-a86b534\" data-id=\"a86b534\" data-element_type=\"column\">\n\t\t\t<div class=\"elementor-column-wrap elementor-element-populated\">\n\t\t\t\t\t\t\t<div class=\"elementor-widget-wrap\">\n\t\t\t\t\t\t<div class=\"elementor-element elementor-element-ed54432 txts7 txt-cap elementor-widget elementor-widget-heading\" data-id=\"ed54432\" data-element_type=\"widget\" data-widget_type=\"heading.default\">\n\t\t\t\t<div class=\"elementor-widget-container\">\n\t\t\t<h5 class=\"elementor-heading-title elementor-size-default\">LA TEMPERATURA EFFETTIVA \u00a0degli stampi durante la lavorazione<\/h5>\t\t<\/div>\n\t\t\t\t<\/div>\n\t\t\t\t\t\t<\/div>\n\t\t\t\t\t<\/div>\n\t\t<\/div>\n\t\t\t\t\t\t\t\t<\/div>\n\t\t\t\t\t<\/div>\n\t\t<\/section>\n\t\t\t\t<section data-dce-background-color=\"#F6F6F6\" data-dce-background-hover-color=\"#F1F4F8\" class=\"elementor-section elementor-inner-section elementor-element elementor-element-845c7f8 elementor-section-full_width elementor-section-height-min-height animated-slow gr1 elementor-section-height-default elementor-invisible\" data-id=\"845c7f8\" data-element_type=\"section\" data-settings=\"{&quot;background_background&quot;:&quot;classic&quot;,&quot;animation&quot;:&quot;fadeIn&quot;,&quot;animation_delay&quot;:400}\">\n\t\t\t\t\t\t<div class=\"elementor-container elementor-column-gap-default\">\n\t\t\t\t\t\t\t<div class=\"elementor-row\">\n\t\t\t\t\t<div data-dce-background-color=\"#5593C4\" data-dce-background-image-url=\"https:\/\/cmogroup.it\/wp-content\/uploads\/2025\/08\/quad-grad1.png\" class=\"elementor-column elementor-col-50 elementor-inner-column elementor-element elementor-element-e1c6531\" data-id=\"e1c6531\" data-element_type=\"column\" data-settings=\"{&quot;background_background&quot;:&quot;classic&quot;}\">\n\t\t\t<div class=\"elementor-column-wrap\">\n\t\t\t\t\t\t\t<div class=\"elementor-widget-wrap\">\n\t\t\t\t\t\t\t\t<\/div>\n\t\t\t\t\t<\/div>\n\t\t<\/div>\n\t\t\t\t<div class=\"elementor-column elementor-col-50 elementor-inner-column elementor-element elementor-element-89df1bd\" data-id=\"89df1bd\" data-element_type=\"column\">\n\t\t\t<div class=\"elementor-column-wrap elementor-element-populated\">\n\t\t\t\t\t\t\t<div class=\"elementor-widget-wrap\">\n\t\t\t\t\t\t<div class=\"elementor-element elementor-element-082978c txts7 txt-cap elementor-widget elementor-widget-heading\" data-id=\"082978c\" data-element_type=\"widget\" data-widget_type=\"heading.default\">\n\t\t\t\t<div class=\"elementor-widget-container\">\n\t\t\t<h5 class=\"elementor-heading-title elementor-size-default\">La VELOCIT\u00c0 e la FORZAdella pressa<\/h5>\t\t<\/div>\n\t\t\t\t<\/div>\n\t\t\t\t\t\t<\/div>\n\t\t\t\t\t<\/div>\n\t\t<\/div>\n\t\t\t\t\t\t\t\t<\/div>\n\t\t\t\t\t<\/div>\n\t\t<\/section>\n\t\t\t\t\t\t<\/div>\n\t\t\t\t\t<\/div>\n\t\t<\/div>\n\t\t\t\t\t\t\t\t<\/div>\n\t\t\t\t\t<\/div>\n\t\t<\/section>\n\t\t\t\t\t\t<\/div>\n\t\t\t\t\t<\/div>\n\t\t<\/div>\n\t\t\t\t\t\t\t\t<\/div>\n\t\t\t\t\t<\/div>\n\t\t<\/section>\n\t\t\t\t<section class=\"elementor-section elementor-top-section elementor-element elementor-element-5999e22 elementor-section-full_width elementor-section-height-min-height elementor-section-items-stretch norad elementor-section-height-default\" data-id=\"5999e22\" data-element_type=\"section\">\n\t\t\t\t\t\t<div class=\"elementor-container elementor-column-gap-default\">\n\t\t\t\t\t\t\t<div class=\"elementor-row\">\n\t\t\t\t\t<div data-dce-background-image-url=\"https:\/\/cmogroup.it\/wp-content\/uploads\/2023\/03\/cmo-traceability-01.jpg\" class=\"elementor-column elementor-col-50 elementor-top-column elementor-element elementor-element-820e07d\" data-id=\"820e07d\" data-element_type=\"column\" data-settings=\"{&quot;background_background&quot;:&quot;classic&quot;}\">\n\t\t\t<div class=\"elementor-column-wrap elementor-element-populated\">\n\t\t\t\t\t<div class=\"elementor-background-overlay\"><\/div>\n\t\t\t\t\t\t\t<div class=\"elementor-widget-wrap\">\n\t\t\t\t\t\t<div class=\"elementor-element elementor-element-d317c39 elementor-widget elementor-widget-spacer\" data-id=\"d317c39\" data-element_type=\"widget\" data-widget_type=\"spacer.default\">\n\t\t\t\t<div class=\"elementor-widget-container\">\n\t\t\t\t\t<div class=\"elementor-spacer\">\n\t\t\t<div class=\"elementor-spacer-inner\"><\/div>\n\t\t<\/div>\n\t\t\t\t<\/div>\n\t\t\t\t<\/div>\n\t\t\t\t\t\t<\/div>\n\t\t\t\t\t<\/div>\n\t\t<\/div>\n\t\t\t\t<div data-dce-background-image-url=\"https:\/\/cmogroup.it\/wp-content\/uploads\/2023\/03\/cmo-traceability-02.jpg\" class=\"elementor-column elementor-col-50 elementor-top-column elementor-element elementor-element-4334cd8\" data-id=\"4334cd8\" data-element_type=\"column\" data-settings=\"{&quot;background_background&quot;:&quot;classic&quot;}\">\n\t\t\t<div class=\"elementor-column-wrap elementor-element-populated\">\n\t\t\t\t\t<div class=\"elementor-background-overlay\"><\/div>\n\t\t\t\t\t\t\t<div class=\"elementor-widget-wrap\">\n\t\t\t\t\t\t<div class=\"elementor-element elementor-element-a1ae66f elementor-widget elementor-widget-spacer\" data-id=\"a1ae66f\" data-element_type=\"widget\" data-widget_type=\"spacer.default\">\n\t\t\t\t<div class=\"elementor-widget-container\">\n\t\t\t\t\t<div class=\"elementor-spacer\">\n\t\t\t<div class=\"elementor-spacer-inner\"><\/div>\n\t\t<\/div>\n\t\t\t\t<\/div>\n\t\t\t\t<\/div>\n\t\t\t\t\t\t<\/div>\n\t\t\t\t\t<\/div>\n\t\t<\/div>\n\t\t\t\t\t\t\t\t<\/div>\n\t\t\t\t\t<\/div>\n\t\t<\/section>\n\t\t\t\t\t\t\t\t\t<\/div>\n\t\t\t<\/div>\n\t\t\t\t\t<\/div>\n\t\t","protected":false},"excerpt":{"rendered":"<p>La traccaibilit\u00e0 \u00e8 essenziale all&#8217;interno del processo produttivo Ci impegniamo a offrire ai nostri clienti le informazioni pi\u00f9 complete possibili sul prodotto richiesto, compresi rapporti sullo stato di avanzamento della fase di produzione. Tutti i lotti di prodotto sono identificati individualmente tramite un sistema di codici a barre, che garantisce una rapida localizzazione all&#8217;interno del [&hellip;]<\/p>\n","protected":false},"author":12,"featured_media":8745,"parent":0,"menu_order":0,"comment_status":"closed","ping_status":"closed","template":"","meta":{"footnotes":""},"class_list":["post-9115","page","type-page","status-publish","has-post-thumbnail","hentry"],"acf":[],"_links":{"self":[{"href":"https:\/\/cmogroup.it\/it\/wp-json\/wp\/v2\/pages\/9115","targetHints":{"allow":["GET"]}}],"collection":[{"href":"https:\/\/cmogroup.it\/it\/wp-json\/wp\/v2\/pages"}],"about":[{"href":"https:\/\/cmogroup.it\/it\/wp-json\/wp\/v2\/types\/page"}],"author":[{"embeddable":true,"href":"https:\/\/cmogroup.it\/it\/wp-json\/wp\/v2\/users\/12"}],"replies":[{"embeddable":true,"href":"https:\/\/cmogroup.it\/it\/wp-json\/wp\/v2\/comments?post=9115"}],"version-history":[{"count":6,"href":"https:\/\/cmogroup.it\/it\/wp-json\/wp\/v2\/pages\/9115\/revisions"}],"predecessor-version":[{"id":18515,"href":"https:\/\/cmogroup.it\/it\/wp-json\/wp\/v2\/pages\/9115\/revisions\/18515"}],"wp:featuredmedia":[{"embeddable":true,"href":"https:\/\/cmogroup.it\/it\/wp-json\/wp\/v2\/media\/8745"}],"wp:attachment":[{"href":"https:\/\/cmogroup.it\/it\/wp-json\/wp\/v2\/media?parent=9115"}],"curies":[{"name":"wp","href":"https:\/\/api.w.org\/{rel}","templated":true}]}}