











































































































































































































































































































































































































































































{"id":9997,"date":"2023-03-10T16:18:09","date_gmt":"2023-03-10T15:18:09","guid":{"rendered":"https:\/\/cmogroup.it\/aluminium\/"},"modified":"2025-09-01T10:43:04","modified_gmt":"2025-09-01T09:43:04","slug":"aluminium","status":"publish","type":"page","link":"https:\/\/cmogroup.it\/fr\/aluminium\/","title":{"rendered":"ALUMINIUM"},"content":{"rendered":"\t\t<div data-elementor-type=\"wp-page\" data-elementor-id=\"9997\" class=\"elementor elementor-9997 elementor-5130\">\n\t\t\t\t\t\t<div class=\"elementor-inner\">\n\t\t\t\t<div class=\"elementor-section-wrap\">\n\t\t\t\t\t\t\t\t\t<section class=\"elementor-section elementor-top-section elementor-element elementor-element-d3a42a6 blacktxt elementor-section-boxed elementor-section-height-default elementor-section-height-default\" data-id=\"d3a42a6\" data-element_type=\"section\">\n\t\t\t\t\t\t<div class=\"elementor-container elementor-column-gap-default\">\n\t\t\t\t\t\t\t<div class=\"elementor-row\">\n\t\t\t\t\t<div class=\"elementor-column elementor-col-100 elementor-top-column elementor-element elementor-element-ee5f7ec\" data-id=\"ee5f7ec\" data-element_type=\"column\">\n\t\t\t<div class=\"elementor-column-wrap elementor-element-populated\">\n\t\t\t\t\t\t\t<div class=\"elementor-widget-wrap\">\n\t\t\t\t\t\t<div class=\"elementor-element elementor-element-f5ec79e elementor-widget elementor-widget-text-editor\" data-id=\"f5ec79e\" data-element_type=\"widget\" data-widget_type=\"text-editor.default\">\n\t\t\t\t<div class=\"elementor-widget-container\">\n\t\t\t\t\t\t\t\t<div class=\"elementor-text-editor elementor-clearfix\">\n\t\t\t\t<p>Les alliages d&rsquo;aluminium pr\u00e9sentent une s\u00e9rie de propri\u00e9t\u00e9s avantageuses leur permettant d&rsquo;\u00eatre utilis\u00e9s dans un large \u00e9ventail d&rsquo;applications.<\/p>\n<p>L&rsquo;aluminium est recyclable \u00e0 100 %. Notre objectif est de contribuer \u00e0 r\u00e9duire notre empreinte carbone et son impact sur l\u2019environnement en exploitant pleinement le potentiel de l&rsquo;aluminium en tant que solution \u00e0 faible \u00e9mission de carbone.<\/p>\n\t\t\t\t\t<\/div>\n\t\t\t\t\t\t<\/div>\n\t\t\t\t<\/div>\n\t\t\t\t<div class=\"elementor-element elementor-element-902d457 elementor-widget elementor-widget-heading\" data-id=\"902d457\" data-element_type=\"widget\" data-widget_type=\"heading.default\">\n\t\t\t\t<div class=\"elementor-widget-container\">\n\t\t\t<h4 class=\"elementor-heading-title elementor-size-default\">ALLIAGES<\/h4>\t\t<\/div>\n\t\t\t\t<\/div>\n\t\t\t\t<div class=\"elementor-element elementor-element-f6394e7 elementor-widget elementor-widget-text-editor\" data-id=\"f6394e7\" data-element_type=\"widget\" data-widget_type=\"text-editor.default\">\n\t\t\t\t<div class=\"elementor-widget-container\">\n\t\t\t\t\t\t\t\t<div class=\"elementor-text-editor elementor-clearfix\">\n\t\t\t\t<ul>\n<li>EN AW \u2013 AI Cu4 Si Mg ENAW2014<\/li>\n<li>EN AW \u2013 AI Cu4 Mg Si ENAW2017<\/li>\n<li>EN AW \u2013 AI Cu4 Mg1 ENAW2024<\/li>\n<li>EN AW \u2013 AI Mg3 ENAW5754<\/li>\n<li>EN AW \u2013 AI Mg Si ENAW6060<\/li>\n<li>EN AW \u2013 AI Mg1 Si Cu ENAW6061<\/li>\n<li>EN AW \u2013 AI Si1 Mg Mn ENAW6082<\/li>\n<li>EN AW \u2013 AI Zn6 Mg0,8 Zr ENAW7003<\/li>\n<li>EN AW \u2013 AI Zn4,5 Mg1 ENAW7020<\/li>\n<li>EN AW \u2013 AI Zn5,5 Mg Cu ENAW7075<\/li>\n<\/ul>\n\t\t\t\t\t<\/div>\n\t\t\t\t\t\t<\/div>\n\t\t\t\t<\/div>\n\t\t\t\t\t\t<\/div>\n\t\t\t\t\t<\/div>\n\t\t<\/div>\n\t\t\t\t\t\t\t\t<\/div>\n\t\t\t\t\t<\/div>\n\t\t<\/section>\n\t\t\t\t<section class=\"elementor-section elementor-top-section elementor-element elementor-element-9e2251f blacktxt icon-box2 elementor-section-boxed elementor-section-height-default elementor-section-height-default\" data-id=\"9e2251f\" data-element_type=\"section\" data-settings=\"{&quot;background_background&quot;:&quot;classic&quot;}\">\n\t\t\t\t\t\t<div class=\"elementor-container elementor-column-gap-default\">\n\t\t\t\t\t\t\t<div class=\"elementor-row\">\n\t\t\t\t\t<div class=\"elementor-column elementor-col-100 elementor-top-column elementor-element elementor-element-dfd4c48\" data-id=\"dfd4c48\" data-element_type=\"column\">\n\t\t\t<div class=\"elementor-column-wrap elementor-element-populated\">\n\t\t\t\t\t\t\t<div class=\"elementor-widget-wrap\">\n\t\t\t\t\t\t<div class=\"elementor-element elementor-element-447f0e0 txt4 elementor-widget elementor-widget-heading\" data-id=\"447f0e0\" data-element_type=\"widget\" data-settings=\"{&quot;motion_fx_motion_fx_scrolling&quot;:&quot;yes&quot;,&quot;motion_fx_translateX_effect&quot;:&quot;yes&quot;,&quot;motion_fx_translateX_speed&quot;:{&quot;unit&quot;:&quot;px&quot;,&quot;size&quot;:2,&quot;sizes&quot;:[]},&quot;motion_fx_devices&quot;:[&quot;desktop&quot;],&quot;motion_fx_translateX_affectedRange&quot;:{&quot;unit&quot;:&quot;%&quot;,&quot;size&quot;:&quot;&quot;,&quot;sizes&quot;:{&quot;start&quot;:0,&quot;end&quot;:100}}}\" data-widget_type=\"heading.default\">\n\t\t\t\t<div class=\"elementor-widget-container\">\n\t\t\t<h2 class=\"elementor-heading-title elementor-size-default\">PROPRI\u00c9T\u00c9S\/CARACT\u00c9RISTIQUES<\/h2>\t\t<\/div>\n\t\t\t\t<\/div>\n\t\t\t\t<div class=\"elementor-element elementor-element-f9544cc elementor-widget elementor-widget-text-editor\" data-id=\"f9544cc\" data-element_type=\"widget\" data-widget_type=\"text-editor.default\">\n\t\t\t\t<div class=\"elementor-widget-container\">\n\t\t\t\t\t\t\t\t<div class=\"elementor-text-editor elementor-clearfix\">\n\t\t\t\t<p>Voici les principales caract\u00e9ristiques des pi\u00e8ces forg\u00e9es en aluminium :<\/p>\t\t\t\t\t<\/div>\n\t\t\t\t\t\t<\/div>\n\t\t\t\t<\/div>\n\t\t\t\t<section class=\"elementor-section elementor-inner-section elementor-element elementor-element-fd15bc8 pad  elementor-section-boxed elementor-section-height-default elementor-section-height-default\" data-id=\"fd15bc8\" data-element_type=\"section\">\n\t\t\t\t\t\t<div class=\"elementor-container elementor-column-gap-default\">\n\t\t\t\t\t\t\t<div class=\"elementor-row\">\n\t\t\t\t\t<div class=\"elementor-column elementor-col-50 elementor-inner-column elementor-element elementor-element-15b1782\" data-id=\"15b1782\" data-element_type=\"column\">\n\t\t\t<div class=\"elementor-column-wrap elementor-element-populated\">\n\t\t\t\t\t\t\t<div class=\"elementor-widget-wrap\">\n\t\t\t\t\t\t<div class=\"elementor-element elementor-element-cb8a084 elementor-position-left elementor-vertical-align-top elementor-widget elementor-widget-image-box\" data-id=\"cb8a084\" data-element_type=\"widget\" data-widget_type=\"image-box.default\">\n\t\t\t\t<div class=\"elementor-widget-container\">\n\t\t\t<div class=\"elementor-image-box-wrapper\"><figure class=\"elementor-image-box-img\"><img decoding=\"async\" width=\"77\" height=\"58\" src=\"https:\/\/cmogroup.it\/wp-content\/uploads\/2025\/08\/light-1.png\" class=\"attachment-full size-full wp-image-13487\" alt=\"\" \/><\/figure><div class=\"elementor-image-box-content\"><h6 class=\"elementor-image-box-title\">L\u00c9G\u00c8RET\u00c9<\/h6><p class=\"elementor-image-box-description\">L'aluminium ne p\u00e8se qu'un tiers du poids de l'acier.<\/p><\/div><\/div>\t\t<\/div>\n\t\t\t\t<\/div>\n\t\t\t\t<div class=\"elementor-element elementor-element-c08b7e3 elementor-position-left elementor-vertical-align-top elementor-widget elementor-widget-image-box\" data-id=\"c08b7e3\" data-element_type=\"widget\" data-widget_type=\"image-box.default\">\n\t\t\t\t<div class=\"elementor-widget-container\">\n\t\t\t<div class=\"elementor-image-box-wrapper\"><figure class=\"elementor-image-box-img\"><img decoding=\"async\" width=\"65\" height=\"66\" src=\"https:\/\/cmogroup.it\/wp-content\/uploads\/2025\/08\/Group-1-1.png\" class=\"attachment-full size-full wp-image-13491\" alt=\"\" \/><\/figure><div class=\"elementor-image-box-content\"><h6 class=\"elementor-image-box-title\">POLYVALENCE<\/h6><p class=\"elementor-image-box-description\">Les alliages peuvent s\u2019adapter \u00e0 une multitude de besoins gr\u00e2ce aux diff\u00e9rents traitements thermiques auxquels ils peuvent \u00eatre soumis et aux diverses possibilit\u00e9s d\u2019alliage.<\/p><\/div><\/div>\t\t<\/div>\n\t\t\t\t<\/div>\n\t\t\t\t<div class=\"elementor-element elementor-element-9b77772 elementor-position-left elementor-vertical-align-top elementor-widget elementor-widget-image-box\" data-id=\"9b77772\" data-element_type=\"widget\" data-widget_type=\"image-box.default\">\n\t\t\t\t<div class=\"elementor-widget-container\">\n\t\t\t<div class=\"elementor-image-box-wrapper\"><figure class=\"elementor-image-box-img\"><img decoding=\"async\" width=\"66\" height=\"66\" src=\"https:\/\/cmogroup.it\/wp-content\/uploads\/2025\/08\/workability-1.png\" class=\"attachment-full size-full wp-image-13495\" alt=\"\" \/><\/figure><div class=\"elementor-image-box-content\"><h6 class=\"elementor-image-box-title\">USINABILIT\u00c9<\/h6><p class=\"elementor-image-box-description\">Ce m\u00e9tal hautement usinable est tr\u00e8s facile \u00e0 travailler.<\/p><\/div><\/div>\t\t<\/div>\n\t\t\t\t<\/div>\n\t\t\t\t<div class=\"elementor-element elementor-element-2d405ee elementor-position-left elementor-vertical-align-top elementor-widget elementor-widget-image-box\" data-id=\"2d405ee\" data-element_type=\"widget\" data-widget_type=\"image-box.default\">\n\t\t\t\t<div class=\"elementor-widget-container\">\n\t\t\t<div class=\"elementor-image-box-wrapper\"><figure class=\"elementor-image-box-img\"><img decoding=\"async\" width=\"77\" height=\"58\" src=\"https:\/\/cmogroup.it\/wp-content\/uploads\/2025\/08\/light-1.png\" class=\"attachment-full size-full wp-image-13487\" alt=\"\" \/><\/figure><div class=\"elementor-image-box-content\"><h6 class=\"elementor-image-box-title\">EXCELLENTE CONDUCTIVIT\u00c9 \u00c9LECTRIQUE<\/h6><p class=\"elementor-image-box-description\">L'aluminium conduit beaucoup plus de chaleur que n'importe quel autre m\u00e9tal \u00e0 co\u00fbt et poids \u00e9gaux, et sa conductivit\u00e9 \u00e9lectrique est environ deux fois sup\u00e9rieure \u00e0 celle du cuivre.<\/p><\/div><\/div>\t\t<\/div>\n\t\t\t\t<\/div>\n\t\t\t\t\t\t<\/div>\n\t\t\t\t\t<\/div>\n\t\t<\/div>\n\t\t\t\t<div class=\"elementor-column elementor-col-50 elementor-inner-column elementor-element elementor-element-f856309\" data-id=\"f856309\" data-element_type=\"column\">\n\t\t\t<div class=\"elementor-column-wrap elementor-element-populated\">\n\t\t\t\t\t\t\t<div class=\"elementor-widget-wrap\">\n\t\t\t\t\t\t<div class=\"elementor-element elementor-element-1ffd4b9 elementor-position-left elementor-vertical-align-top elementor-widget elementor-widget-image-box\" data-id=\"1ffd4b9\" data-element_type=\"widget\" data-widget_type=\"image-box.default\">\n\t\t\t\t<div class=\"elementor-widget-container\">\n\t\t\t<div class=\"elementor-image-box-wrapper\"><figure class=\"elementor-image-box-img\"><img decoding=\"async\" width=\"63\" height=\"63\" src=\"https:\/\/cmogroup.it\/wp-content\/uploads\/2025\/08\/durability-1.png\" class=\"attachment-full size-full wp-image-13499\" alt=\"\" \/><\/figure><div class=\"elementor-image-box-content\"><h6 class=\"elementor-image-box-title\">DURABILIT\u00c9<\/h6><p class=\"elementor-image-box-description\">R\u00e9sistance \u00e0 la corrosion atmosph\u00e9rique.<\/p><\/div><\/div>\t\t<\/div>\n\t\t\t\t<\/div>\n\t\t\t\t<div class=\"elementor-element elementor-element-d6c75a6 elementor-position-left elementor-vertical-align-top elementor-widget elementor-widget-image-box\" data-id=\"d6c75a6\" data-element_type=\"widget\" data-widget_type=\"image-box.default\">\n\t\t\t\t<div class=\"elementor-widget-container\">\n\t\t\t<div class=\"elementor-image-box-wrapper\"><figure class=\"elementor-image-box-img\"><img decoding=\"async\" width=\"69\" height=\"66\" src=\"https:\/\/cmogroup.it\/wp-content\/uploads\/2025\/08\/mechan-1.png\" class=\"attachment-full size-full wp-image-13503\" alt=\"\" \/><\/figure><div class=\"elementor-image-box-content\"><h6 class=\"elementor-image-box-title\">PROPRI\u00c9T\u00c9S M\u00c9CANIQUES MOYENNES\/\u00c9LEV\u00c9ES<\/h6><p class=\"elementor-image-box-description\">Les alliages d'aluminium peuvent atteindre une r\u00e9sistance m\u00e9canique de plus de 560 MPa. La limite d'\u00e9lasticit\u00e9 des alliages les plus r\u00e9sistants correspond \u00e0 environ 85 % de leur r\u00e9sistance \u00e0 la rupture.<\/p><\/div><\/div>\t\t<\/div>\n\t\t\t\t<\/div>\n\t\t\t\t<div class=\"elementor-element elementor-element-c41b541 elementor-position-left elementor-vertical-align-top elementor-widget elementor-widget-image-box\" data-id=\"c41b541\" data-element_type=\"widget\" data-widget_type=\"image-box.default\">\n\t\t\t\t<div class=\"elementor-widget-container\">\n\t\t\t<div class=\"elementor-image-box-wrapper\"><figure class=\"elementor-image-box-img\"><img decoding=\"async\" width=\"63\" height=\"53\" src=\"https:\/\/cmogroup.it\/wp-content\/uploads\/2025\/08\/weight-1.png\" class=\"attachment-full size-full wp-image-13507\" alt=\"\" \/><\/figure><div class=\"elementor-image-box-content\"><h6 class=\"elementor-image-box-title\">POIDS SP\u00c9CIFIQUE<\/h6><p class=\"elementor-image-box-description\">Le poids sp\u00e9cifique est d'environ 2,7 kg\/dm3.<\/p><\/div><\/div>\t\t<\/div>\n\t\t\t\t<\/div>\n\t\t\t\t<div class=\"elementor-element elementor-element-cd7b97b elementor-position-left elementor-vertical-align-top elementor-widget elementor-widget-image-box\" data-id=\"cd7b97b\" data-element_type=\"widget\" data-widget_type=\"image-box.default\">\n\t\t\t\t<div class=\"elementor-widget-container\">\n\t\t\t<div class=\"elementor-image-box-wrapper\"><figure class=\"elementor-image-box-img\"><img decoding=\"async\" width=\"86\" height=\"62\" src=\"https:\/\/cmogroup.it\/wp-content\/uploads\/2025\/08\/braze.png\" class=\"attachment-full size-full wp-image-13511\" alt=\"\" \/><\/figure><div class=\"elementor-image-box-content\"><h6 class=\"elementor-image-box-title\">FACILIT\u00c9 D'ASSEMBLAGE<\/h6><p class=\"elementor-image-box-description\">Les alliages d'aluminium peuvent \u00eatre assembl\u00e9s avec des inserts Keensert, des vis, etc. et permettent \u00e9galement de former des assemblages structurels. Des alliages soudables par fusion et par brasage sont \u00e9galement disponibles.<\/p><\/div><\/div>\t\t<\/div>\n\t\t\t\t<\/div>\n\t\t\t\t\t\t<\/div>\n\t\t\t\t\t<\/div>\n\t\t<\/div>\n\t\t\t\t\t\t\t\t<\/div>\n\t\t\t\t\t<\/div>\n\t\t<\/section>\n\t\t\t\t\t\t<\/div>\n\t\t\t\t\t<\/div>\n\t\t<\/div>\n\t\t\t\t\t\t\t\t<\/div>\n\t\t\t\t\t<\/div>\n\t\t<\/section>\n\t\t\t\t<section class=\"elementor-section elementor-top-section elementor-element elementor-element-8f1ce71 elementor-section-boxed elementor-section-height-default elementor-section-height-default\" data-id=\"8f1ce71\" data-element_type=\"section\">\n\t\t\t\t\t\t<div class=\"elementor-container elementor-column-gap-default\">\n\t\t\t\t\t\t\t<div class=\"elementor-row\">\n\t\t\t\t\t<div class=\"elementor-column elementor-col-100 elementor-top-column elementor-element elementor-element-0b294e9\" data-id=\"0b294e9\" data-element_type=\"column\">\n\t\t\t<div class=\"elementor-column-wrap elementor-element-populated\">\n\t\t\t\t\t\t\t<div class=\"elementor-widget-wrap\">\n\t\t\t\t\t\t<div class=\"elementor-element elementor-element-3713df6 blacktxt txt4 elementor-widget elementor-widget-heading\" data-id=\"3713df6\" data-element_type=\"widget\" data-widget_type=\"heading.default\">\n\t\t\t\t<div class=\"elementor-widget-container\">\n\t\t\t<h4 class=\"elementor-heading-title elementor-size-default\">SECTEURS D'APPLICATION<\/h4>\t\t<\/div>\n\t\t\t\t<\/div>\n\t\t\t\t<div class=\"elementor-element elementor-element-41087cf elementor-widget elementor-widget-text-editor\" data-id=\"41087cf\" data-element_type=\"widget\" data-widget_type=\"text-editor.default\">\n\t\t\t\t<div class=\"elementor-widget-container\">\n\t\t\t\t\t\t\t\t<div class=\"elementor-text-editor elementor-clearfix\">\n\t\t\t\t<ul><li>CHEMINS DE FER &#8211; GRANDE VITESSE<\/li><li>D\u00c9FENSE<\/li><li>NAUTIQUE<\/li><li>VANNES \u00c0 HYDROG\u00c8NE<\/li><li>VOITURES \u00c9LECTRIQUES<\/li><li>VANNES<\/li><li>M\u00c9DICAL<\/li><li>P\u00c9TROLE ET GAZ<\/li><li>CHIMIE<\/li><li>SPORT<\/li><li>BASSE ET MOYENNE TENSION<\/li><li>HAUTE TENSION<\/li><\/ul>\t\t\t\t\t<\/div>\n\t\t\t\t\t\t<\/div>\n\t\t\t\t<\/div>\n\t\t\t\t\t\t<\/div>\n\t\t\t\t\t<\/div>\n\t\t<\/div>\n\t\t\t\t\t\t\t\t<\/div>\n\t\t\t\t\t<\/div>\n\t\t<\/section>\n\t\t\t\t\t\t\t\t\t<\/div>\n\t\t\t<\/div>\n\t\t\t\t\t<\/div>\n\t\t","protected":false},"excerpt":{"rendered":"<p>Les alliages d&rsquo;aluminium pr\u00e9sentent une s\u00e9rie de propri\u00e9t\u00e9s avantageuses leur permettant d&rsquo;\u00eatre utilis\u00e9s dans un large \u00e9ventail d&rsquo;applications. L&rsquo;aluminium est recyclable \u00e0 100 %. Notre objectif est de contribuer \u00e0 r\u00e9duire notre empreinte carbone et son impact sur l\u2019environnement en exploitant pleinement le potentiel de l&rsquo;aluminium en tant que solution \u00e0 faible \u00e9mission de carbone. [&hellip;]<\/p>\n","protected":false},"author":12,"featured_media":9676,"parent":0,"menu_order":0,"comment_status":"closed","ping_status":"closed","template":"","meta":{"footnotes":""},"class_list":["post-9997","page","type-page","status-publish","has-post-thumbnail","hentry"],"acf":[],"_links":{"self":[{"href":"https:\/\/cmogroup.it\/fr\/wp-json\/wp\/v2\/pages\/9997","targetHints":{"allow":["GET"]}}],"collection":[{"href":"https:\/\/cmogroup.it\/fr\/wp-json\/wp\/v2\/pages"}],"about":[{"href":"https:\/\/cmogroup.it\/fr\/wp-json\/wp\/v2\/types\/page"}],"author":[{"embeddable":true,"href":"https:\/\/cmogroup.it\/fr\/wp-json\/wp\/v2\/users\/12"}],"replies":[{"embeddable":true,"href":"https:\/\/cmogroup.it\/fr\/wp-json\/wp\/v2\/comments?post=9997"}],"version-history":[{"count":3,"href":"https:\/\/cmogroup.it\/fr\/wp-json\/wp\/v2\/pages\/9997\/revisions"}],"predecessor-version":[{"id":17320,"href":"https:\/\/cmogroup.it\/fr\/wp-json\/wp\/v2\/pages\/9997\/revisions\/17320"}],"wp:featuredmedia":[{"embeddable":true,"href":"https:\/\/cmogroup.it\/fr\/wp-json\/wp\/v2\/media\/9676"}],"wp:attachment":[{"href":"https:\/\/cmogroup.it\/fr\/wp-json\/wp\/v2\/media?parent=9997"}],"curies":[{"name":"wp","href":"https:\/\/api.w.org\/{rel}","templated":true}]}}