











































































































































































































































































































































































































































































{"id":9954,"date":"2023-02-21T11:44:59","date_gmt":"2023-02-21T10:44:59","guid":{"rendered":"https:\/\/cmogroup.it\/le-groupe-cmo\/"},"modified":"2025-10-16T17:18:17","modified_gmt":"2025-10-16T16:18:17","slug":"le-groupe-cmo","status":"publish","type":"page","link":"https:\/\/cmogroup.it\/fr\/le-groupe-cmo\/","title":{"rendered":"LE GROUPE CMO"},"content":{"rendered":"\t\t<div data-elementor-type=\"wp-page\" data-elementor-id=\"9954\" class=\"elementor elementor-9954 elementor-3008\">\n\t\t\t\t\t\t<div class=\"elementor-inner\">\n\t\t\t\t<div class=\"elementor-section-wrap\">\n\t\t\t\t\t\t\t\t\t<section class=\"elementor-section elementor-top-section elementor-element elementor-element-b2cfc3c elementor-section-boxed elementor-section-height-default elementor-section-height-default\" data-id=\"b2cfc3c\" data-element_type=\"section\">\n\t\t\t\t\t\t<div class=\"elementor-container elementor-column-gap-default\">\n\t\t\t\t\t\t\t<div class=\"elementor-row\">\n\t\t\t\t\t<div class=\"elementor-column elementor-col-100 elementor-top-column elementor-element elementor-element-2d96fe4\" data-id=\"2d96fe4\" data-element_type=\"column\">\n\t\t\t<div class=\"elementor-column-wrap elementor-element-populated\">\n\t\t\t\t\t\t\t<div class=\"elementor-widget-wrap\">\n\t\t\t\t\t\t<div class=\"elementor-element elementor-element-55b5979 elementor-widget elementor-widget-heading\" data-id=\"55b5979\" data-element_type=\"widget\" data-widget_type=\"heading.default\">\n\t\t\t\t<div class=\"elementor-widget-container\">\n\t\t\t<h3 class=\"elementor-heading-title elementor-size-default\">NOTRE<\/h3>\t\t<\/div>\n\t\t\t\t<\/div>\n\t\t\t\t<div class=\"elementor-element elementor-element-24a6ceb animated-slow elementor-invisible elementor-widget elementor-widget-heading\" data-id=\"24a6ceb\" data-element_type=\"widget\" data-settings=\"{&quot;motion_fx_motion_fx_scrolling&quot;:&quot;yes&quot;,&quot;motion_fx_translateX_effect&quot;:&quot;yes&quot;,&quot;motion_fx_translateX_direction&quot;:&quot;negative&quot;,&quot;motion_fx_translateX_speed&quot;:{&quot;unit&quot;:&quot;px&quot;,&quot;size&quot;:1,&quot;sizes&quot;:[]},&quot;_animation&quot;:&quot;fadeIn&quot;,&quot;motion_fx_devices&quot;:[&quot;desktop&quot;],&quot;motion_fx_translateX_affectedRange&quot;:{&quot;unit&quot;:&quot;%&quot;,&quot;size&quot;:&quot;&quot;,&quot;sizes&quot;:{&quot;start&quot;:0,&quot;end&quot;:100}}}\" data-widget_type=\"heading.default\">\n\t\t\t\t<div class=\"elementor-widget-container\">\n\t\t\t<h2 class=\"elementor-heading-title elementor-size-default\">GROUPE CMO<\/h2>\t\t<\/div>\n\t\t\t\t<\/div>\n\t\t\t\t<div class=\"elementor-element elementor-element-43c2d19 elementor-widget elementor-widget-text-editor\" data-id=\"43c2d19\" data-element_type=\"widget\" data-widget_type=\"text-editor.default\">\n\t\t\t\t<div class=\"elementor-widget-container\">\n\t\t\t\t\t\t\t\t<div class=\"elementor-text-editor elementor-clearfix\">\n\t\t\t\t<p>Le Groupe est anim\u00e9 par une approche personnalis\u00e9e impliquant 5 usines de production, chacune \u00e9quip\u00e9e de technologies avanc\u00e9es pour la construction de composants en cuivre et en aluminium pour le secteur des \u00e9quipements \u00e9lectriques.<\/p>\t\t\t\t\t<\/div>\n\t\t\t\t\t\t<\/div>\n\t\t\t\t<\/div>\n\t\t\t\t\t\t<\/div>\n\t\t\t\t\t<\/div>\n\t\t<\/div>\n\t\t\t\t\t\t\t\t<\/div>\n\t\t\t\t\t<\/div>\n\t\t<\/section>\n\t\t\t\t<section class=\"elementor-section elementor-top-section elementor-element elementor-element-6757967 elementor-section-height-min-height elementor-hidden-desktop elementor-section-boxed elementor-section-height-default elementor-section-items-middle\" data-id=\"6757967\" data-element_type=\"section\" data-settings=\"{&quot;background_background&quot;:&quot;classic&quot;}\">\n\t\t\t\t\t\t\t<div class=\"elementor-background-overlay\"><\/div>\n\t\t\t\t\t\t\t<div class=\"elementor-container elementor-column-gap-default\">\n\t\t\t\t\t\t\t<div class=\"elementor-row\">\n\t\t\t\t\t<div class=\"elementor-column elementor-col-100 elementor-top-column elementor-element elementor-element-f7a94db\" data-id=\"f7a94db\" data-element_type=\"column\">\n\t\t\t<div class=\"elementor-column-wrap\">\n\t\t\t\t\t\t\t<div class=\"elementor-widget-wrap\">\n\t\t\t\t\t\t\t\t<\/div>\n\t\t\t\t\t<\/div>\n\t\t<\/div>\n\t\t\t\t\t\t\t\t<\/div>\n\t\t\t\t\t<\/div>\n\t\t<\/section>\n\t\t\t\t<section data-dce-background-image-url=\"https:\/\/cmogroup.it\/wp-content\/uploads\/2025\/08\/cmo-map1-1.png\" class=\"elementor-section elementor-top-section elementor-element elementor-element-809d492 elementor-section-height-min-height elementor-section-items-stretch elementor-reverse-tablet elementor-reverse-mobile grad3 lev-1 elementor-section-boxed elementor-section-height-default\" data-id=\"809d492\" data-element_type=\"section\" data-settings=\"{&quot;background_background&quot;:&quot;classic&quot;}\">\n\t\t\t\t\t\t\t<div class=\"elementor-background-overlay\"><\/div>\n\t\t\t\t\t\t\t<div class=\"elementor-container elementor-column-gap-default\">\n\t\t\t\t\t\t\t<div class=\"elementor-row\">\n\t\t\t\t\t<div class=\"elementor-column elementor-col-33 elementor-top-column elementor-element elementor-element-ab6f763 elementor-hidden-tablet elementor-hidden-mobile\" data-id=\"ab6f763\" data-element_type=\"column\">\n\t\t\t<div class=\"elementor-column-wrap\">\n\t\t\t\t\t\t\t<div class=\"elementor-widget-wrap\">\n\t\t\t\t\t\t\t\t<\/div>\n\t\t\t\t\t<\/div>\n\t\t<\/div>\n\t\t\t\t<div class=\"elementor-column elementor-col-33 elementor-top-column elementor-element elementor-element-c8bac9c\" data-id=\"c8bac9c\" data-element_type=\"column\">\n\t\t\t<div class=\"elementor-column-wrap elementor-element-populated\">\n\t\t\t\t\t\t\t<div class=\"elementor-widget-wrap\">\n\t\t\t\t\t\t<div class=\"elementor-element elementor-element-34f94bb elementor-widget elementor-widget-ucaddon_content_slider_new\" data-id=\"34f94bb\" data-element_type=\"widget\" data-widget_type=\"ucaddon_content_slider_new.default\">\n\t\t\t\t<div class=\"elementor-widget-container\">\n\t\t\t\n<!-- start Content Slider -->\n\t\t<link id='font-awesome-css' href='https:\/\/cmogroup.it\/wp-content\/plugins\/unlimited-elements-for-elementor-premium\/assets_libraries\/font-awesome6\/fontawesome-all.min.css' type='text\/css' rel='stylesheet' >\n\t\t<link id='font-awesome-4-shim-css' href='https:\/\/cmogroup.it\/wp-content\/plugins\/unlimited-elements-for-elementor-premium\/assets_libraries\/font-awesome6\/fontawesome-v4-shims.min.css' type='text\/css' rel='stylesheet' >\n\t\t<link id='owl-carousel-css' href='https:\/\/cmogroup.it\/wp-content\/plugins\/unlimited-elements-for-elementor-premium\/assets_libraries\/owl-carousel-new\/assets\/owl.carousel.css' type='text\/css' rel='stylesheet' >\n\t\t<link id='fancybox-css' href='https:\/\/cmogroup.it\/wp-content\/plugins\/unlimited-elements-for-elementor-premium\/assets_libraries\/fancybox3\/jquery.fancybox.min.css' type='text\/css' rel='stylesheet' >\n\t\t<link id='uc_ac_assets_file_animate_css_77907-css' href='https:\/\/cmogroup.it\/wp-content\/uploads\/ac_assets\/uc_content_slider_new\/animate.css' type='text\/css' rel='stylesheet' >\n\n<style>\/* widget: Content Slider *\/\n\n#uc_content_slider_new_elementor_34f94bb-wrapper\n{\n  min-height:1px;\n}\n#uc_content_slider_new_elementor_34f94bb .uc_fbps_slide\n{\n  position:relative;\n  overflow:hidden;\n  display:flex;\n  \n}\n\n#uc_content_slider_new_elementor_34f94bb .owl-carousel .animated   {\n-webkit-animation-duration: 1000ms;\nanimation-duration: 1000ms;\n}\n\n#uc_content_slider_new_elementor_34f94bb .uc_fbps_container_image img\n{\n  display:inline-block;\n}\n\n#uc_content_slider_new_elementor_34f94bb .uc_fbps_content\n{\n  position:relative;\n}\n\n.uc_fbps_container_title\n{\n  font-size:21px;\n}\n\n#uc_content_slider_new_elementor_34f94bb .ue-btn {\n\ttext-decoration:none;\n\ttransition: all 0.5s ease;\n    text-align:center;\n}\n\n#uc_content_slider_new_elementor_34f94bb .ue-item-overlay\n{\n  position:absolute;\n  top:0px;\n  left:0px;\n  right:0px;\n  bottom:0px;\n}\n\n#uc_content_slider_new_elementor_34f94bb .ue-item-image\n{\n  background-repeat:no-repeat;\n  position:absolute;\n  top:0px;\n  left:0px;\n  right:0px;\n  bottom:0px;\n}\n\n#uc_content_slider_new_elementor_34f94bb .owl-dots {\noverflow:hidden;\ntext-align:center;\nposition:relative;\nz-index:2;\n}\n\n#uc_content_slider_new_elementor_34f94bb .owl-dot {\nborder-radius:50%;\ndisplay:inline-block;\n}\n\n#uc_content_slider_new_elementor_34f94bb .owl-nav .owl-prev{\n    position:absolute;\n    display:inline-block;\n    text-align:center;\n}\n#uc_content_slider_new_elementor_34f94bb .owl-nav .owl-next{\n  position:absolute;\n  display:inline-block;\n  text-align:center;\n}\n\n#uc_content_slider_new_elementor_34f94bb .owl-nav .disabled\n{\n    display: none;  \n}\n\n\n#uc_content_slider_new_elementor_34f94bb .ue-item-icon\n{\n  line-height:1em;\n  display:inline-flex;\n  justify-content:center;\n  align-items:center;\n  \n}\n\n#uc_content_slider_new_elementor_34f94bb .ue-item-icon svg\n{\n  height:1em;\n  width:1em;\n}\n\n\t\n\n\n\n\n\n\n\t\n\n\n#uc_content_slider_new_elementor_34f94bb .uc-active-item .uc_fbps_content\n{\n  animation: fade-in-left 1s ease;\n  animation-fill-mode: forwards;\n  animation-delay: 1s;\n  opacity:0;\n}\n\n\n\n@keyframes fade-in-left {\n  0% {\n    -webkit-transform: translateX(-50px);\n            transform: translateX(-50px);\n    opacity: 0;\n  }\n  100% {\n    -webkit-transform: translateX(0);\n            transform: translateX(0);\n    opacity: 1;\n  }\n}\n\n@keyframes fade-in-right {\n  0% {\n    -webkit-transform: translateX(50px);\n            transform: translateX(50px);\n    opacity: 0;\n  }\n  100% {\n    -webkit-transform: translateX(0);\n            transform: translateX(0);\n    opacity: 1;\n  }\n}\n\n@keyframes fade-in-bottom {\n  0% {\n    -webkit-transform: translateY(50px);\n            transform: translateY(50px);\n    opacity: 0;\n  }\n  100% {\n    -webkit-transform: translateY(0);\n            transform: translateY(0);\n    opacity: 1;\n  }\n}\n\n@keyframes fade-in-top {\n  0% {\n    -webkit-transform: translateY(-50px);\n            transform: translateY(-50px);\n    opacity: 0;\n  }\n  100% {\n    -webkit-transform: translateY(0);\n            transform: translateY(0);\n    opacity: 1;\n  }\n}\n\n\n\n<\/style>\n\n<div id=\"uc_content_slider_new_elementor_34f94bb-wrapper\">\n<div class=\"uc_fixed_box_postslider\" id=\"uc_content_slider_new_elementor_34f94bb\" style=\"direction:ltr;\">\n        <div class=\"uc_fbps_container\">\n            <div id=\"slider-uc_content_slider_new_elementor_34f94bb\" class=\"owl-carousel uc-items-wrapper  uc-remote-parent \"  data-remoteid='auto' data-widgetname='Content Slider'  data-lightbox=\"false\">\n            \t<div class=\"uc_fbps_slide elementor-repeater-item-b07f863\" >\n  <div style=\"background-image:url(https:\/\/cmogroup.it\/wp-content\/uploads\/2023\/02\/cmo-cesano-768x402.jpg);\" class=\"ue-item-image\"><\/div>\n  \n    \t<div class=\"ue-item-overlay\"><\/div>\n      \n        <div class=\"uc_fbps_content \">\n        \n                <div class=\"uc_fbps_container_title\">CMO<\/div>\n        \n                <div class=\"uc_fbps_container_desc\"><strong>Fraisage, tournage, poin\u00e7onnage et pliage, soudo-brasage, d\u00e9coupe au jet d'eau et au laser, rev\u00eatement, assemblage.<\/strong><br><br>\n\n<b>T\u00e9l\u00e9phone<\/b> : <a href=\"tel:00390362645901\" class=\"nero\">+39 0362 64 59 01<\/a><br>\n\n<b>Courriel<\/b> : <a href=\"mailto:info@cmogroup.it\">info@cmogroup.it<\/a>\n<br><br>\n<b>Adresse<\/b> :<br>Via dei Mille, 1<br> 20811 Cesano Maderno (MB)<br>ITALY<br>\n<br>Via delle Orobie, 159<br> 24059 Urgnano (BG) <br>ITALY\n<br><br>\n<u><a href=\"https:\/\/goo.gl\/maps\/Vrh3x3mWEhVFMPG17\" target=\"_blank\">Voir le plan<\/a><\/u>\n<\/div>\n        \n                                <div class=\"ue-btn-wrap\"><a href=\"\" class=\"uc_fbps_cta ue-btn \">En savoir plus <\/a><\/div>  \n          \t\n              <\/div>\n        \n    \n        \n    \n    \n \n<\/div>\n<div class=\"uc_fbps_slide elementor-repeater-item-4c952b6\" >\n  <div style=\"background-image:url(https:\/\/cmogroup.it\/wp-content\/uploads\/2023\/04\/maspero-azienda-768x576.jpg);\" class=\"ue-item-image\"><\/div>\n  \n    \t<div class=\"ue-item-overlay\"><\/div>\n      \n        <div class=\"uc_fbps_content \">\n        \n                <div class=\"uc_fbps_container_title\">MasperoTech<\/div>\n        \n                <div class=\"uc_fbps_container_desc\"><strong>SOLUTIONS DE FORGEAGE<\/strong><br><br>\r\n\r\n<b>T\u00e9l\u00e9phone<\/b> : <a href=\"tel:00390362645901\" class=\"nero\">+39 0362 64 59 01<\/a><br>\r\n<b>Fax<\/b> : +39 0362 64 59 49<br>\r\n<b>Courriel<\/b> : <a href=\"mailto:info@cmogroup.it\">info@cmogroup.it<\/a>\r\n<br><br>\r\n<b>Adresse<\/b> : Via Ercolano, 2<br> 20900 - Monza (MB)<br>ITALIE\r\n<br><br>\r\n<u><a href=\"https:\/\/goo.gl\/maps\/wpCzAiT7vThnb62W7\" target=\"_blank\">Voir le plan<\/a><\/u><\/div>\n        \n                                <div class=\"ue-btn-wrap\"><a href=\"https:\/\/www.maspero.it\/\" class=\"uc_fbps_cta ue-btn \">En savoir plus <\/a><\/div>  \n          \t\n              <\/div>\n        \n    \n        \n    \n    \n \n<\/div>\n<div class=\"uc_fbps_slide elementor-repeater-item-e8196f7\" >\n  <div style=\"background-image:url(https:\/\/cmogroup.it\/wp-content\/uploads\/2023\/04\/tunitek-azienda-cmo-group-768x516.jpg);\" class=\"ue-item-image\"><\/div>\n  \n    \t<div class=\"ue-item-overlay\"><\/div>\n      \n        <div class=\"uc_fbps_content \">\n        \n                <div class=\"uc_fbps_container_title\">Tunitek<\/div>\n        \n                <div class=\"uc_fbps_container_desc\"><strong>ASSEMBLY, TESTS AND MACHINING<\/strong><br><br>\r\n\r\n<b>T\u00e9l\u00e9phone<\/b>: <a href=\"tel:00390362645901\" class=\"nero\">+39 0362 64 59 01<\/a><br>\r\n<b>Fax<\/b>: +39 0362 64 59 49<br>\r\n<b>Courriel <\/b>: <a href=\"mailto:info@cmogroup.it\">info@cmogroup.it<\/a>\r\n<br><br>\r\n<b>Adresse<\/b>:<br>Lot 7 Bis El Agba<br>Tunis\r\n<br><br>\r\n<u><a href=\"https:\/\/goo.gl\/maps\/PFebSKVrGcjAh88T7\" target=\"_blank\">Voir le plan<\/a><\/u><\/div>\n        \n                                <div class=\"ue-btn-wrap\"><a href=\"https:\/\/www.tunitek.com%20\" class=\"uc_fbps_cta ue-btn \">En savoir plus <\/a><\/div>  \n          \t\n              <\/div>\n        \n    \n        \n    \n    \n \n<\/div>\n<div class=\"uc_fbps_slide elementor-repeater-item-4f5d8d4\" >\n  <div style=\"background-image:url(https:\/\/cmogroup.it\/wp-content\/uploads\/2025\/02\/tecnofluid-bkg-768x604.webp);\" class=\"ue-item-image\"><\/div>\n  \n    \t<div class=\"ue-item-overlay\"><\/div>\n      \n        <div class=\"uc_fbps_content \">\n        \n                <div class=\"uc_fbps_container_title\">A&T Fluid Solutions Srl<\/div>\n        \n                <div class=\"uc_fbps_container_desc\">Designing & manufacturing of standard and customized solutions in the pneumatic and hydraulic automation industrial fields.<br><br>\n\n<b>T\u00e9l\u00e9phone<\/b>: <a href=\"tel:+39 0362 645951\" class=\"nero\">+39 0362 645951<\/a><br>\n<b>Fax<\/b>: +39 0362 645949<br>\n<b>Courriel <\/b>: <a href=\"mailto:info@at-fluidsolutions.com\">info@at-fluidsolutions.com<\/a>\n<br><br>\n<b>Adresse <\/b>:<br>Via Piemonte, 3\/5<br> 20841 Carate Brianza (MB)<br>ITALIE\n<br><br>\n<u><a href=\"https:\/\/goo.gl\/maps\/aRao4pXCCe5tUeMb9\" target=\"_blank\">Voir le plan<\/a><\/u><\/div>\n        \n                                <div class=\"ue-btn-wrap\"><a href=\"https:\/\/at-fluidsolutions.it\/\" class=\"uc_fbps_cta ue-btn \">En savoir plus <\/a><\/div>  \n          \t\n              <\/div>\n        \n    \n        \n    \n    \n \n<\/div>\n\n            <\/div>\n        <\/div>\n<\/div>\n<\/div>\n<!-- end Content Slider -->\t\t<\/div>\n\t\t\t\t<\/div>\n\t\t\t\t\t\t<\/div>\n\t\t\t\t\t<\/div>\n\t\t<\/div>\n\t\t\t\t<div class=\"elementor-column elementor-col-33 elementor-top-column elementor-element elementor-element-3c7d902\" data-id=\"3c7d902\" data-element_type=\"column\">\n\t\t\t<div class=\"elementor-column-wrap elementor-element-populated\">\n\t\t\t\t\t\t\t<div class=\"elementor-widget-wrap\">\n\t\t\t\t\t\t<div class=\"elementor-element elementor-element-e046043 elementor-widget elementor-widget-ucaddon_remote_tabs\" data-id=\"e046043\" data-element_type=\"widget\" data-widget_type=\"ucaddon_remote_tabs.default\">\n\t\t\t\t<div class=\"elementor-widget-container\">\n\t\t\t\n<!-- start Remote Tabs -->\n<style>\/* widget: Remote Tabs *\/\n\n#uc_remote_tabs_elementor_e046043\n{\n  display:flex;\n  flex-wrap: wrap;\n}\n\n#uc_remote_tabs_elementor_e046043 .ue-item\n{\n  transition:0.3s;\n  display:flex;\n  position:relative;\n}\n\n#uc_remote_tabs_elementor_e046043 .ue-item:hover\n{\n  cursor:pointer;\n}\n\n\n#uc_remote_tabs_elementor_e046043 .ue-item-icon\n{\n  display:inline-flex;\n  align-items:center;\n  justify-content:center;\n  flex-grow:0;\n  flex-shrink:0;\n}\n\n.ue-remote-tabs .ue-item-title\n{\n  font-size:18px;\n}\n\n#uc_remote_tabs_elementor_e046043 .ue-item-icon\n{\n  line-height:1em;\n}\n\n#uc_remote_tabs_elementor_e046043 .ue-item-icon svg\n{\n  height:1em;\n  width:1em;\n}\n\n#uc_remote_tabs_elementor_e046043 .ue-item .ue-item-label\n{\n  position:absolute;\n  display:flex;\n  justify-content:center;\n  align-items:center;\n  transition:0.3s;\n}\n\n#uc_remote_tabs_elementor_e046043 .ue-item-image \n{\n  display:inline-flex;\n  flex-grow:0;\n  flex-shrink:0;\n  overflow:hidden;\n}\n\n#uc_remote_tabs_elementor_e046043 .ue-item-image img\n{\n  width:100%;\n}\n\n#uc_remote_tabs_elementor_e046043 .ue-item-element-gap\n{\n  flex-grow:0;\n  flex-shrink:0;\n}\n\n<\/style>\n\n<div id=\"uc_remote_tabs_elementor_e046043\" class=\"ue-remote-tabs\"  data-parentid='auto'>\n  \n\t\n<div id=\"ue-item-1\" class=\"ue-item  elementor-repeater-item-01160f1 ue-item-active\" data-id=\"ue-item-1\" data-tab-number=\"\">\n    \n    <div class=\"ue-item-image\"><img decoding=\"async\" src=\"https:\/\/cmogroup.it\/wp-content\/uploads\/2025\/10\/CMO-group-logo1.png\"  src=\"https:\/\/cmogroup.it\/wp-content\/uploads\/2025\/10\/CMO-group-logo1.png\" alt=\"CMO-group-logo1\" width=\"270\" height=\"168\"><\/div> <div class=\"ue-item-element-gap\"><\/div>  <div>\n      <\/div>\n  \n  <\/div>\n\n\n<div id=\"ue-item-2\" class=\"ue-item  elementor-repeater-item-a8556c7 \" data-id=\"ue-item-2\" data-tab-number=\"\">\n    \n    <div class=\"ue-item-image\"><img decoding=\"async\" src=\"https:\/\/cmogroup.it\/wp-content\/uploads\/2025\/10\/Masperotech-logo.png\"  src=\"https:\/\/cmogroup.it\/wp-content\/uploads\/2025\/10\/Masperotech-logo.png\" alt=\"Masperotech-logo\" width=\"762\" height=\"244\"><\/div> <div class=\"ue-item-element-gap\"><\/div>  <div>\n      <\/div>\n  \n  <\/div>\n\n\n<div id=\"ue-item-3\" class=\"ue-item  elementor-repeater-item-22ff729 \" data-id=\"ue-item-3\" data-tab-number=\"\">\n    \n    <div class=\"ue-item-image\"><img decoding=\"async\" src=\"https:\/\/cmogroup.it\/wp-content\/uploads\/2025\/10\/tunitek_logo-1b-1.png\"  src=\"https:\/\/cmogroup.it\/wp-content\/uploads\/2025\/10\/tunitek_logo-1b-1.png\" alt=\"tunitek_logo-1b\" width=\"680\" height=\"164\"><\/div> <div class=\"ue-item-element-gap\"><\/div>  <div>\n      <\/div>\n  \n  <\/div>\n\n\n<div id=\"ue-item-4\" class=\"ue-item  elementor-repeater-item-38f654a \" data-id=\"ue-item-4\" data-tab-number=\"\">\n    \n    <div class=\"ue-item-image\"><img decoding=\"async\" src=\"https:\/\/cmogroup.it\/wp-content\/uploads\/2025\/10\/AT-logo.png\"  src=\"https:\/\/cmogroup.it\/wp-content\/uploads\/2025\/10\/AT-logo.png\" alt=\"AT-logo\" width=\"703\" height=\"265\"><\/div> <div class=\"ue-item-element-gap\"><\/div>  <div>\n      <\/div>\n  \n  <\/div>\n\n<\/div>\n<!-- end Remote Tabs -->\t\t<\/div>\n\t\t\t\t<\/div>\n\t\t\t\t\t\t<\/div>\n\t\t\t\t\t<\/div>\n\t\t<\/div>\n\t\t\t\t\t\t\t\t<\/div>\n\t\t\t\t\t<\/div>\n\t\t<\/section>\n\t\t\t\t<section data-dce-background-color=\"#051C2C\" data-dce-background-overlay-color=\"#274C69\" class=\"elementor-section elementor-top-section elementor-element elementor-element-82da403 elementor-section-boxed elementor-section-height-default elementor-section-height-default\" data-id=\"82da403\" data-element_type=\"section\" data-settings=\"{&quot;background_background&quot;:&quot;classic&quot;}\">\n\t\t\t\t\t\t\t<div class=\"elementor-background-overlay\"><\/div>\n\t\t\t\t\t\t\t<div class=\"elementor-container elementor-column-gap-default\">\n\t\t\t\t\t\t\t<div class=\"elementor-row\">\n\t\t\t\t\t<div class=\"elementor-column elementor-col-100 elementor-top-column elementor-element elementor-element-1d98c93\" data-id=\"1d98c93\" data-element_type=\"column\">\n\t\t\t<div class=\"elementor-column-wrap elementor-element-populated\">\n\t\t\t\t\t\t\t<div class=\"elementor-widget-wrap\">\n\t\t\t\t\t\t<div class=\"elementor-element elementor-element-4ef5d9a txt3 elementor-widget elementor-widget-heading\" data-id=\"4ef5d9a\" data-element_type=\"widget\" data-widget_type=\"heading.default\">\n\t\t\t\t<div class=\"elementor-widget-container\">\n\t\t\t<h3 class=\"elementor-heading-title elementor-size-default\">NOTRE<\/h3>\t\t<\/div>\n\t\t\t\t<\/div>\n\t\t\t\t<div class=\"elementor-element elementor-element-3aa628d animated-slow txt2 elementor-invisible elementor-widget elementor-widget-heading\" data-id=\"3aa628d\" data-element_type=\"widget\" data-settings=\"{&quot;motion_fx_motion_fx_scrolling&quot;:&quot;yes&quot;,&quot;motion_fx_translateX_effect&quot;:&quot;yes&quot;,&quot;motion_fx_translateX_direction&quot;:&quot;negative&quot;,&quot;motion_fx_translateX_speed&quot;:{&quot;unit&quot;:&quot;px&quot;,&quot;size&quot;:1,&quot;sizes&quot;:[]},&quot;_animation&quot;:&quot;fadeIn&quot;,&quot;motion_fx_devices&quot;:[&quot;desktop&quot;],&quot;motion_fx_translateX_affectedRange&quot;:{&quot;unit&quot;:&quot;%&quot;,&quot;size&quot;:&quot;&quot;,&quot;sizes&quot;:{&quot;start&quot;:0,&quot;end&quot;:100}}}\" data-widget_type=\"heading.default\">\n\t\t\t\t<div class=\"elementor-widget-container\">\n\t\t\t<h2 class=\"elementor-heading-title elementor-size-default\">mission<\/h2>\t\t<\/div>\n\t\t\t\t<\/div>\n\t\t\t\t<div class=\"elementor-element elementor-element-d5b8154 elementor-widget elementor-widget-text-editor\" data-id=\"d5b8154\" data-element_type=\"widget\" data-widget_type=\"text-editor.default\">\n\t\t\t\t<div class=\"elementor-widget-container\">\n\t\t\t\t\t\t\t\t<div class=\"elementor-text-editor elementor-clearfix\">\n\t\t\t\t<p>Nous voulons contribuer \u00e0 la r\u00e9ussite de nos clients \u00e0 travers une recherche permanente de nouvelles m\u00e9thodes de production, dans le but de r\u00e9duire les d\u00e9lais de production, les investissements et les co\u00fbts des contacts \u00e9lectriques qui font partie int\u00e9grante des produits de nos clients.<\/p><p>Nous nous effor\u00e7ons constamment de trouver des solutions intelligentes afin de fournir un point de r\u00e9f\u00e9rence technique permettant aux clients et \u00e0 leurs concepteurs d&rsquo;acc\u00e9der \u00e0 un service de production interne dot\u00e9 de comp\u00e9tences techniques avanc\u00e9es et d&rsquo;un int\u00e9r\u00eat strat\u00e9gique pour relever des d\u00e9fis.<\/p>\t\t\t\t\t<\/div>\n\t\t\t\t\t\t<\/div>\n\t\t\t\t<\/div>\n\t\t\t\t\t\t<\/div>\n\t\t\t\t\t<\/div>\n\t\t<\/div>\n\t\t\t\t\t\t\t\t<\/div>\n\t\t\t\t\t<\/div>\n\t\t<\/section>\n\t\t\t\t<section data-dce-background-image-url=\"https:\/\/cmogroup.it\/wp-content\/uploads\/2023\/02\/mission.jpg\" class=\"elementor-section elementor-top-section elementor-element elementor-element-0e3a78d elementor-section-boxed elementor-section-height-default elementor-section-height-default\" data-id=\"0e3a78d\" data-element_type=\"section\" data-settings=\"{&quot;background_background&quot;:&quot;classic&quot;}\">\n\t\t\t\t\t\t\t<div class=\"elementor-background-overlay\"><\/div>\n\t\t\t\t\t\t\t<div class=\"elementor-container elementor-column-gap-default\">\n\t\t\t\t\t\t\t<div class=\"elementor-row\">\n\t\t\t\t\t<div class=\"elementor-column elementor-col-100 elementor-top-column elementor-element elementor-element-0cbf517\" data-id=\"0cbf517\" data-element_type=\"column\">\n\t\t\t<div class=\"elementor-column-wrap\">\n\t\t\t\t\t\t\t<div class=\"elementor-widget-wrap\">\n\t\t\t\t\t\t\t\t<\/div>\n\t\t\t\t\t<\/div>\n\t\t<\/div>\n\t\t\t\t\t\t\t\t<\/div>\n\t\t\t\t\t<\/div>\n\t\t<\/section>\n\t\t\t\t\t\t\t\t\t<\/div>\n\t\t\t<\/div>\n\t\t\t\t\t<\/div>\n\t\t","protected":false},"excerpt":{"rendered":"<p>NOTRE GROUPE CMO Le Groupe est anim\u00e9 par une approche personnalis\u00e9e impliquant 5 usines de production, chacune \u00e9quip\u00e9e de technologies avanc\u00e9es pour la construction de composants en cuivre et en aluminium pour le secteur des \u00e9quipements \u00e9lectriques. CMO Fraisage, tournage, poin\u00e7onnage et pliage, soudo-brasage, d\u00e9coupe au jet d&rsquo;eau et au laser, rev\u00eatement, assemblage. T\u00e9l\u00e9phone : [&hellip;]<\/p>\n","protected":false},"author":12,"featured_media":9578,"parent":0,"menu_order":0,"comment_status":"closed","ping_status":"closed","template":"","meta":{"footnotes":""},"class_list":["post-9954","page","type-page","status-publish","has-post-thumbnail","hentry"],"acf":[],"_links":{"self":[{"href":"https:\/\/cmogroup.it\/fr\/wp-json\/wp\/v2\/pages\/9954","targetHints":{"allow":["GET"]}}],"collection":[{"href":"https:\/\/cmogroup.it\/fr\/wp-json\/wp\/v2\/pages"}],"about":[{"href":"https:\/\/cmogroup.it\/fr\/wp-json\/wp\/v2\/types\/page"}],"author":[{"embeddable":true,"href":"https:\/\/cmogroup.it\/fr\/wp-json\/wp\/v2\/users\/12"}],"replies":[{"embeddable":true,"href":"https:\/\/cmogroup.it\/fr\/wp-json\/wp\/v2\/comments?post=9954"}],"version-history":[{"count":15,"href":"https:\/\/cmogroup.it\/fr\/wp-json\/wp\/v2\/pages\/9954\/revisions"}],"predecessor-version":[{"id":18788,"href":"https:\/\/cmogroup.it\/fr\/wp-json\/wp\/v2\/pages\/9954\/revisions\/18788"}],"wp:featuredmedia":[{"embeddable":true,"href":"https:\/\/cmogroup.it\/fr\/wp-json\/wp\/v2\/media\/9578"}],"wp:attachment":[{"href":"https:\/\/cmogroup.it\/fr\/wp-json\/wp\/v2\/media?parent=9954"}],"curies":[{"name":"wp","href":"https:\/\/api.w.org\/{rel}","templated":true}]}}