











































































































































































































































































































































































































































































{"id":10028,"date":"2023-03-01T09:58:23","date_gmt":"2023-03-01T08:58:23","guid":{"rendered":"https:\/\/cmogroup.it\/tracabilite\/"},"modified":"2025-09-04T16:04:17","modified_gmt":"2025-09-04T15:04:17","slug":"tracabilite","status":"publish","type":"page","link":"https:\/\/cmogroup.it\/fr\/tracabilite\/","title":{"rendered":"TRA\u00c7ABILIT\u00c9"},"content":{"rendered":"\t\t<div data-elementor-type=\"wp-page\" data-elementor-id=\"10028\" class=\"elementor elementor-10028 elementor-4090\">\n\t\t\t\t\t\t<div class=\"elementor-inner\">\n\t\t\t\t<div class=\"elementor-section-wrap\">\n\t\t\t\t\t\t\t\t\t<section class=\"elementor-section elementor-top-section elementor-element elementor-element-3de05d8 elementor-section-boxed elementor-section-height-default elementor-section-height-default\" data-id=\"3de05d8\" data-element_type=\"section\">\n\t\t\t\t\t\t<div class=\"elementor-container elementor-column-gap-default\">\n\t\t\t\t\t\t\t<div class=\"elementor-row\">\n\t\t\t\t\t<div class=\"elementor-column elementor-col-100 elementor-top-column elementor-element elementor-element-b883533\" data-id=\"b883533\" data-element_type=\"column\">\n\t\t\t<div class=\"elementor-column-wrap elementor-element-populated\">\n\t\t\t\t\t\t\t<div class=\"elementor-widget-wrap\">\n\t\t\t\t\t\t<div class=\"elementor-element elementor-element-79dc0dc blacktxt txt3 elementor-widget elementor-widget-heading\" data-id=\"79dc0dc\" data-element_type=\"widget\" data-widget_type=\"heading.default\">\n\t\t\t\t<div class=\"elementor-widget-container\">\n\t\t\t<h2 class=\"elementor-heading-title elementor-size-default\">LA TRA\u00c7ABILIT\u00c9 EST UN \u00c9L\u00c9MENT ESSENTIEL DE NOTRE PROCESSUS DE PRODUCTION<\/h2>\t\t<\/div>\n\t\t\t\t<\/div>\n\t\t\t\t<div class=\"elementor-element elementor-element-51e80a7 elementor-widget elementor-widget-text-editor\" data-id=\"51e80a7\" data-element_type=\"widget\" data-widget_type=\"text-editor.default\">\n\t\t\t\t<div class=\"elementor-widget-container\">\n\t\t\t\t\t\t\t\t<div class=\"elementor-text-editor elementor-clearfix\">\n\t\t\t\t<p>Nous nous engageons \u00e0 fournir \u00e0 nos clients les informations les plus compl\u00e8tes possibles sur le produit demand\u00e9, y compris des rapports sur l&rsquo;\u00e9tat d&rsquo;avancement pendant la phase de production.<\/p>\n<p>Tous les lots de produits sont identifi\u00e9s individuellement par un syst\u00e8me de code-barres, ce qui garantit une localisation rapide dans l&rsquo;entrep\u00f4t.<\/p>\n<p>En outre, dans les technologies de forgeage \u00e0 chaud, toutes les machines sont int\u00e9gr\u00e9es dans le syst\u00e8me ERP de l&rsquo;entreprise et enregistrent imm\u00e9diatement les conditions des principaux param\u00e8tres du processus.<\/p>\n<p>Si l&rsquo;un de ces param\u00e8tres d\u00e9passe la plage optimale, les presses s&rsquo;arr\u00eatent automatiquement et ne peuvent pas \u00eatre utilis\u00e9es.<\/p>\n\t\t\t\t\t<\/div>\n\t\t\t\t\t\t<\/div>\n\t\t\t\t<\/div>\n\t\t\t\t\t\t<\/div>\n\t\t\t\t\t<\/div>\n\t\t<\/div>\n\t\t\t\t\t\t\t\t<\/div>\n\t\t\t\t\t<\/div>\n\t\t<\/section>\n\t\t\t\t<section class=\"elementor-section elementor-top-section elementor-element elementor-element-ceb5ecb adv-box1 elementor-section-boxed elementor-section-height-default elementor-section-height-default\" data-id=\"ceb5ecb\" data-element_type=\"section\">\n\t\t\t\t\t\t<div class=\"elementor-container elementor-column-gap-default\">\n\t\t\t\t\t\t\t<div class=\"elementor-row\">\n\t\t\t\t\t<div class=\"elementor-column elementor-col-100 elementor-top-column elementor-element elementor-element-1f3bf43\" data-id=\"1f3bf43\" data-element_type=\"column\">\n\t\t\t<div class=\"elementor-column-wrap elementor-element-populated\">\n\t\t\t\t\t\t\t<div class=\"elementor-widget-wrap\">\n\t\t\t\t\t\t<section class=\"elementor-section elementor-inner-section elementor-element elementor-element-a44eeae elementor-reverse-tablet elementor-reverse-mobile blacktxt elementor-section-boxed elementor-section-height-default elementor-section-height-default\" data-id=\"a44eeae\" data-element_type=\"section\">\n\t\t\t\t\t\t<div class=\"elementor-container elementor-column-gap-default\">\n\t\t\t\t\t\t\t<div class=\"elementor-row\">\n\t\t\t\t\t<div class=\"elementor-column elementor-col-50 elementor-inner-column elementor-element elementor-element-87237a7\" data-id=\"87237a7\" data-element_type=\"column\">\n\t\t\t<div class=\"elementor-column-wrap elementor-element-populated\">\n\t\t\t\t\t\t\t<div class=\"elementor-widget-wrap\">\n\t\t\t\t\t\t<section data-dce-background-color=\"#F6F6F6\" data-dce-background-hover-color=\"#F1F4F8\" class=\"elementor-section elementor-inner-section elementor-element elementor-element-4f12ccd elementor-section-full_width elementor-section-height-min-height animated-slow gr1 elementor-section-height-default elementor-invisible\" data-id=\"4f12ccd\" data-element_type=\"section\" data-settings=\"{&quot;background_background&quot;:&quot;classic&quot;,&quot;animation&quot;:&quot;fadeIn&quot;,&quot;animation_delay&quot;:400}\">\n\t\t\t\t\t\t<div class=\"elementor-container elementor-column-gap-default\">\n\t\t\t\t\t\t\t<div class=\"elementor-row\">\n\t\t\t\t\t<div data-dce-background-color=\"#5593C4\" data-dce-background-image-url=\"https:\/\/cmogroup.it\/wp-content\/uploads\/2025\/08\/quad-grad1.png\" class=\"elementor-column elementor-col-50 elementor-inner-column elementor-element elementor-element-48f0550\" data-id=\"48f0550\" data-element_type=\"column\" data-settings=\"{&quot;background_background&quot;:&quot;classic&quot;}\">\n\t\t\t<div class=\"elementor-column-wrap\">\n\t\t\t\t\t\t\t<div class=\"elementor-widget-wrap\">\n\t\t\t\t\t\t\t\t<\/div>\n\t\t\t\t\t<\/div>\n\t\t<\/div>\n\t\t\t\t<div class=\"elementor-column elementor-col-50 elementor-inner-column elementor-element elementor-element-307c946\" data-id=\"307c946\" data-element_type=\"column\">\n\t\t\t<div class=\"elementor-column-wrap elementor-element-populated\">\n\t\t\t\t\t\t\t<div class=\"elementor-widget-wrap\">\n\t\t\t\t\t\t<div class=\"elementor-element elementor-element-c822af6 txts7 txt-cap elementor-widget elementor-widget-heading\" data-id=\"c822af6\" data-element_type=\"widget\" data-widget_type=\"heading.default\">\n\t\t\t\t<div class=\"elementor-widget-container\">\n\t\t\t<h5 class=\"elementor-heading-title elementor-size-default\">LA TEMP\u00c9RATURE des pi\u00e8ces \u00e0 forger<\/h5>\t\t<\/div>\n\t\t\t\t<\/div>\n\t\t\t\t\t\t<\/div>\n\t\t\t\t\t<\/div>\n\t\t<\/div>\n\t\t\t\t\t\t\t\t<\/div>\n\t\t\t\t\t<\/div>\n\t\t<\/section>\n\t\t\t\t<section data-dce-background-color=\"#F6F6F6\" data-dce-background-hover-color=\"#F1F4F8\" class=\"elementor-section elementor-inner-section elementor-element elementor-element-e6c44a3 elementor-section-full_width elementor-section-height-min-height animated-slow gr1 elementor-section-height-default elementor-invisible\" data-id=\"e6c44a3\" data-element_type=\"section\" data-settings=\"{&quot;background_background&quot;:&quot;classic&quot;,&quot;animation&quot;:&quot;fadeIn&quot;,&quot;animation_delay&quot;:400}\">\n\t\t\t\t\t\t<div class=\"elementor-container elementor-column-gap-default\">\n\t\t\t\t\t\t\t<div class=\"elementor-row\">\n\t\t\t\t\t<div data-dce-background-color=\"#5593C4\" data-dce-background-image-url=\"https:\/\/cmogroup.it\/wp-content\/uploads\/2025\/08\/quad-grad1.png\" class=\"elementor-column elementor-col-50 elementor-inner-column elementor-element elementor-element-e78fe19\" data-id=\"e78fe19\" data-element_type=\"column\" data-settings=\"{&quot;background_background&quot;:&quot;classic&quot;}\">\n\t\t\t<div class=\"elementor-column-wrap\">\n\t\t\t\t\t\t\t<div class=\"elementor-widget-wrap\">\n\t\t\t\t\t\t\t\t<\/div>\n\t\t\t\t\t<\/div>\n\t\t<\/div>\n\t\t\t\t<div class=\"elementor-column elementor-col-50 elementor-inner-column elementor-element elementor-element-ae83855\" data-id=\"ae83855\" data-element_type=\"column\">\n\t\t\t<div class=\"elementor-column-wrap elementor-element-populated\">\n\t\t\t\t\t\t\t<div class=\"elementor-widget-wrap\">\n\t\t\t\t\t\t<div class=\"elementor-element elementor-element-c0d8151 txts7 txt-cap elementor-widget elementor-widget-heading\" data-id=\"c0d8151\" data-element_type=\"widget\" data-widget_type=\"heading.default\">\n\t\t\t\t<div class=\"elementor-widget-container\">\n\t\t\t<h5 class=\"elementor-heading-title elementor-size-default\">LA PLAGE DE TEMP\u00c9RATURE \u00e0 l'int\u00e9rieur du four<\/h5>\t\t<\/div>\n\t\t\t\t<\/div>\n\t\t\t\t\t\t<\/div>\n\t\t\t\t\t<\/div>\n\t\t<\/div>\n\t\t\t\t\t\t\t\t<\/div>\n\t\t\t\t\t<\/div>\n\t\t<\/section>\n\t\t\t\t\t\t<\/div>\n\t\t\t\t\t<\/div>\n\t\t<\/div>\n\t\t\t\t<div class=\"elementor-column elementor-col-50 elementor-inner-column elementor-element elementor-element-23b1ca9\" data-id=\"23b1ca9\" data-element_type=\"column\">\n\t\t\t<div class=\"elementor-column-wrap elementor-element-populated\">\n\t\t\t\t\t\t\t<div class=\"elementor-widget-wrap\">\n\t\t\t\t\t\t<section data-dce-background-color=\"#F6F6F6\" data-dce-background-hover-color=\"#F1F4F8\" class=\"elementor-section elementor-inner-section elementor-element elementor-element-84a5a2c elementor-section-full_width elementor-section-height-min-height animated-slow gr1 elementor-section-height-default elementor-invisible\" data-id=\"84a5a2c\" data-element_type=\"section\" data-settings=\"{&quot;background_background&quot;:&quot;classic&quot;,&quot;animation&quot;:&quot;fadeIn&quot;,&quot;animation_delay&quot;:400}\">\n\t\t\t\t\t\t<div class=\"elementor-container elementor-column-gap-default\">\n\t\t\t\t\t\t\t<div class=\"elementor-row\">\n\t\t\t\t\t<div data-dce-background-color=\"#5593C4\" data-dce-background-image-url=\"https:\/\/cmogroup.it\/wp-content\/uploads\/2025\/08\/quad-grad1.png\" class=\"elementor-column elementor-col-50 elementor-inner-column elementor-element elementor-element-03b0514\" data-id=\"03b0514\" data-element_type=\"column\" data-settings=\"{&quot;background_background&quot;:&quot;classic&quot;}\">\n\t\t\t<div class=\"elementor-column-wrap\">\n\t\t\t\t\t\t\t<div class=\"elementor-widget-wrap\">\n\t\t\t\t\t\t\t\t<\/div>\n\t\t\t\t\t<\/div>\n\t\t<\/div>\n\t\t\t\t<div class=\"elementor-column elementor-col-50 elementor-inner-column elementor-element elementor-element-2f9f5f5\" data-id=\"2f9f5f5\" data-element_type=\"column\">\n\t\t\t<div class=\"elementor-column-wrap elementor-element-populated\">\n\t\t\t\t\t\t\t<div class=\"elementor-widget-wrap\">\n\t\t\t\t\t\t<div class=\"elementor-element elementor-element-a81e370 txts7 txt-cap elementor-widget elementor-widget-heading\" data-id=\"a81e370\" data-element_type=\"widget\" data-widget_type=\"heading.default\">\n\t\t\t\t<div class=\"elementor-widget-container\">\n\t\t\t<h5 class=\"elementor-heading-title elementor-size-default\">LA TEMP\u00c9RATURE R\u00c9ELLE des matrices pendant l\u2019usinage<\/h5>\t\t<\/div>\n\t\t\t\t<\/div>\n\t\t\t\t\t\t<\/div>\n\t\t\t\t\t<\/div>\n\t\t<\/div>\n\t\t\t\t\t\t\t\t<\/div>\n\t\t\t\t\t<\/div>\n\t\t<\/section>\n\t\t\t\t<section data-dce-background-color=\"#F6F6F6\" data-dce-background-hover-color=\"#F1F4F8\" class=\"elementor-section elementor-inner-section elementor-element elementor-element-7a9d81f elementor-section-full_width elementor-section-height-min-height animated-slow gr1 elementor-section-height-default elementor-invisible\" data-id=\"7a9d81f\" data-element_type=\"section\" data-settings=\"{&quot;background_background&quot;:&quot;classic&quot;,&quot;animation&quot;:&quot;fadeIn&quot;,&quot;animation_delay&quot;:400}\">\n\t\t\t\t\t\t<div class=\"elementor-container elementor-column-gap-default\">\n\t\t\t\t\t\t\t<div class=\"elementor-row\">\n\t\t\t\t\t<div data-dce-background-color=\"#5593C4\" data-dce-background-image-url=\"https:\/\/cmogroup.it\/wp-content\/uploads\/2025\/08\/quad-grad1.png\" class=\"elementor-column elementor-col-50 elementor-inner-column elementor-element elementor-element-1b1a019\" data-id=\"1b1a019\" data-element_type=\"column\" data-settings=\"{&quot;background_background&quot;:&quot;classic&quot;}\">\n\t\t\t<div class=\"elementor-column-wrap\">\n\t\t\t\t\t\t\t<div class=\"elementor-widget-wrap\">\n\t\t\t\t\t\t\t\t<\/div>\n\t\t\t\t\t<\/div>\n\t\t<\/div>\n\t\t\t\t<div class=\"elementor-column elementor-col-50 elementor-inner-column elementor-element elementor-element-97c72fe\" data-id=\"97c72fe\" data-element_type=\"column\">\n\t\t\t<div class=\"elementor-column-wrap elementor-element-populated\">\n\t\t\t\t\t\t\t<div class=\"elementor-widget-wrap\">\n\t\t\t\t\t\t<div class=\"elementor-element elementor-element-49de018 txts7 txt-cap elementor-widget elementor-widget-heading\" data-id=\"49de018\" data-element_type=\"widget\" data-widget_type=\"heading.default\">\n\t\t\t\t<div class=\"elementor-widget-container\">\n\t\t\t<h5 class=\"elementor-heading-title elementor-size-default\">La VITESSE et la FORCE de la presse<\/h5>\t\t<\/div>\n\t\t\t\t<\/div>\n\t\t\t\t\t\t<\/div>\n\t\t\t\t\t<\/div>\n\t\t<\/div>\n\t\t\t\t\t\t\t\t<\/div>\n\t\t\t\t\t<\/div>\n\t\t<\/section>\n\t\t\t\t\t\t<\/div>\n\t\t\t\t\t<\/div>\n\t\t<\/div>\n\t\t\t\t\t\t\t\t<\/div>\n\t\t\t\t\t<\/div>\n\t\t<\/section>\n\t\t\t\t\t\t<\/div>\n\t\t\t\t\t<\/div>\n\t\t<\/div>\n\t\t\t\t\t\t\t\t<\/div>\n\t\t\t\t\t<\/div>\n\t\t<\/section>\n\t\t\t\t<section class=\"elementor-section elementor-top-section elementor-element elementor-element-5999e22 elementor-section-full_width elementor-section-height-min-height elementor-section-items-stretch norad elementor-section-height-default\" data-id=\"5999e22\" data-element_type=\"section\">\n\t\t\t\t\t\t<div class=\"elementor-container elementor-column-gap-default\">\n\t\t\t\t\t\t\t<div class=\"elementor-row\">\n\t\t\t\t\t<div data-dce-background-image-url=\"https:\/\/cmogroup.it\/wp-content\/uploads\/2023\/03\/cmo-traceability-01.jpg\" class=\"elementor-column elementor-col-50 elementor-top-column elementor-element elementor-element-820e07d\" data-id=\"820e07d\" data-element_type=\"column\" data-settings=\"{&quot;background_background&quot;:&quot;classic&quot;}\">\n\t\t\t<div class=\"elementor-column-wrap elementor-element-populated\">\n\t\t\t\t\t<div class=\"elementor-background-overlay\"><\/div>\n\t\t\t\t\t\t\t<div class=\"elementor-widget-wrap\">\n\t\t\t\t\t\t<div class=\"elementor-element elementor-element-d317c39 elementor-widget elementor-widget-spacer\" data-id=\"d317c39\" data-element_type=\"widget\" data-widget_type=\"spacer.default\">\n\t\t\t\t<div class=\"elementor-widget-container\">\n\t\t\t\t\t<div class=\"elementor-spacer\">\n\t\t\t<div class=\"elementor-spacer-inner\"><\/div>\n\t\t<\/div>\n\t\t\t\t<\/div>\n\t\t\t\t<\/div>\n\t\t\t\t\t\t<\/div>\n\t\t\t\t\t<\/div>\n\t\t<\/div>\n\t\t\t\t<div data-dce-background-image-url=\"https:\/\/cmogroup.it\/wp-content\/uploads\/2023\/03\/cmo-traceability-02.jpg\" class=\"elementor-column elementor-col-50 elementor-top-column elementor-element elementor-element-4334cd8\" data-id=\"4334cd8\" data-element_type=\"column\" data-settings=\"{&quot;background_background&quot;:&quot;classic&quot;}\">\n\t\t\t<div class=\"elementor-column-wrap elementor-element-populated\">\n\t\t\t\t\t<div class=\"elementor-background-overlay\"><\/div>\n\t\t\t\t\t\t\t<div class=\"elementor-widget-wrap\">\n\t\t\t\t\t\t<div class=\"elementor-element elementor-element-a1ae66f elementor-widget elementor-widget-spacer\" data-id=\"a1ae66f\" data-element_type=\"widget\" data-widget_type=\"spacer.default\">\n\t\t\t\t<div class=\"elementor-widget-container\">\n\t\t\t\t\t<div class=\"elementor-spacer\">\n\t\t\t<div class=\"elementor-spacer-inner\"><\/div>\n\t\t<\/div>\n\t\t\t\t<\/div>\n\t\t\t\t<\/div>\n\t\t\t\t\t\t<\/div>\n\t\t\t\t\t<\/div>\n\t\t<\/div>\n\t\t\t\t\t\t\t\t<\/div>\n\t\t\t\t\t<\/div>\n\t\t<\/section>\n\t\t\t\t\t\t\t\t\t<\/div>\n\t\t\t<\/div>\n\t\t\t\t\t<\/div>\n\t\t","protected":false},"excerpt":{"rendered":"<p>LA TRA\u00c7ABILIT\u00c9 EST UN \u00c9L\u00c9MENT ESSENTIEL DE NOTRE PROCESSUS DE PRODUCTION Nous nous engageons \u00e0 fournir \u00e0 nos clients les informations les plus compl\u00e8tes possibles sur le produit demand\u00e9, y compris des rapports sur l&rsquo;\u00e9tat d&rsquo;avancement pendant la phase de production. Tous les lots de produits sont identifi\u00e9s individuellement par un syst\u00e8me de code-barres, ce [&hellip;]<\/p>\n","protected":false},"author":12,"featured_media":9609,"parent":0,"menu_order":0,"comment_status":"closed","ping_status":"closed","template":"","meta":{"footnotes":""},"class_list":["post-10028","page","type-page","status-publish","has-post-thumbnail","hentry"],"acf":[],"_links":{"self":[{"href":"https:\/\/cmogroup.it\/fr\/wp-json\/wp\/v2\/pages\/10028","targetHints":{"allow":["GET"]}}],"collection":[{"href":"https:\/\/cmogroup.it\/fr\/wp-json\/wp\/v2\/pages"}],"about":[{"href":"https:\/\/cmogroup.it\/fr\/wp-json\/wp\/v2\/types\/page"}],"author":[{"embeddable":true,"href":"https:\/\/cmogroup.it\/fr\/wp-json\/wp\/v2\/users\/12"}],"replies":[{"embeddable":true,"href":"https:\/\/cmogroup.it\/fr\/wp-json\/wp\/v2\/comments?post=10028"}],"version-history":[{"count":9,"href":"https:\/\/cmogroup.it\/fr\/wp-json\/wp\/v2\/pages\/10028\/revisions"}],"predecessor-version":[{"id":18607,"href":"https:\/\/cmogroup.it\/fr\/wp-json\/wp\/v2\/pages\/10028\/revisions\/18607"}],"wp:featuredmedia":[{"embeddable":true,"href":"https:\/\/cmogroup.it\/fr\/wp-json\/wp\/v2\/media\/9609"}],"wp:attachment":[{"href":"https:\/\/cmogroup.it\/fr\/wp-json\/wp\/v2\/media?parent=10028"}],"curies":[{"name":"wp","href":"https:\/\/api.w.org\/{rel}","templated":true}]}}