











































































































































































































































































































































































































































































{"id":10000,"date":"2023-03-16T15:20:07","date_gmt":"2023-03-16T14:20:07","guid":{"rendered":"https:\/\/cmogroup.it\/cuivre\/"},"modified":"2025-09-01T10:46:15","modified_gmt":"2025-09-01T09:46:15","slug":"cuivre","status":"publish","type":"page","link":"https:\/\/cmogroup.it\/fr\/cuivre\/","title":{"rendered":"CUIVRE"},"content":{"rendered":"\t\t<div data-elementor-type=\"wp-page\" data-elementor-id=\"10000\" class=\"elementor elementor-10000 elementor-5674\">\n\t\t\t\t\t\t<div class=\"elementor-inner\">\n\t\t\t\t<div class=\"elementor-section-wrap\">\n\t\t\t\t\t\t\t\t\t<section class=\"elementor-section elementor-top-section elementor-element elementor-element-4923261 blacktxt elementor-section-boxed elementor-section-height-default elementor-section-height-default\" data-id=\"4923261\" data-element_type=\"section\">\n\t\t\t\t\t\t<div class=\"elementor-container elementor-column-gap-default\">\n\t\t\t\t\t\t\t<div class=\"elementor-row\">\n\t\t\t\t\t<div class=\"elementor-column elementor-col-100 elementor-top-column elementor-element elementor-element-90a8614\" data-id=\"90a8614\" data-element_type=\"column\">\n\t\t\t<div class=\"elementor-column-wrap elementor-element-populated\">\n\t\t\t\t\t\t\t<div class=\"elementor-widget-wrap\">\n\t\t\t\t\t\t<div class=\"elementor-element elementor-element-3c9854f elementor-widget elementor-widget-text-editor\" data-id=\"3c9854f\" data-element_type=\"widget\" data-widget_type=\"text-editor.default\">\n\t\t\t\t<div class=\"elementor-widget-container\">\n\t\t\t\t\t\t\t\t<div class=\"elementor-text-editor elementor-clearfix\">\n\t\t\t\t<p>Il existe 400 alliages de cuivre diff\u00e9rents. Chacun d&rsquo;entre eux se distingue par un certain nombre de propri\u00e9t\u00e9s qui peuvent \u00eatre adapt\u00e9es \u00e0 une application sp\u00e9cifique ou \u00e0 un processus de production.<\/p>\n\t\t\t\t\t<\/div>\n\t\t\t\t\t\t<\/div>\n\t\t\t\t<\/div>\n\t\t\t\t<div class=\"elementor-element elementor-element-b7563c2 elementor-widget elementor-widget-heading\" data-id=\"b7563c2\" data-element_type=\"widget\" data-widget_type=\"heading.default\">\n\t\t\t\t<div class=\"elementor-widget-container\">\n\t\t\t<h4 class=\"elementor-heading-title elementor-size-default\">ALLIAGES<\/h4>\t\t<\/div>\n\t\t\t\t<\/div>\n\t\t\t\t<div class=\"elementor-element elementor-element-6a88b3c elementor-widget elementor-widget-text-editor\" data-id=\"6a88b3c\" data-element_type=\"widget\" data-widget_type=\"text-editor.default\">\n\t\t\t\t<div class=\"elementor-widget-container\">\n\t\t\t\t\t\t\t\t<div class=\"elementor-text-editor elementor-clearfix\">\n\t\t\t\t<ul>\n<li>Cu ETP CW004A<\/li>\n<li>Cu Be2 CW101C<\/li>\n<li>Cu Cr1 Zr CW106C<\/li>\n<li>Cu Ni2 Si CW111C<\/li>\n<li>Cu-OF CW008A<\/li>\n<\/ul>\n\t\t\t\t\t<\/div>\n\t\t\t\t\t\t<\/div>\n\t\t\t\t<\/div>\n\t\t\t\t\t\t<\/div>\n\t\t\t\t\t<\/div>\n\t\t<\/div>\n\t\t\t\t\t\t\t\t<\/div>\n\t\t\t\t\t<\/div>\n\t\t<\/section>\n\t\t\t\t<section class=\"elementor-section elementor-top-section elementor-element elementor-element-487a941 icon-box1 elementor-section-boxed elementor-section-height-default elementor-section-height-default\" data-id=\"487a941\" data-element_type=\"section\" data-settings=\"{&quot;background_background&quot;:&quot;classic&quot;}\">\n\t\t\t\t\t\t<div class=\"elementor-container elementor-column-gap-default\">\n\t\t\t\t\t\t\t<div class=\"elementor-row\">\n\t\t\t\t\t<div class=\"elementor-column elementor-col-100 elementor-top-column elementor-element elementor-element-c2c774e\" data-id=\"c2c774e\" data-element_type=\"column\">\n\t\t\t<div class=\"elementor-column-wrap elementor-element-populated\">\n\t\t\t\t\t\t\t<div class=\"elementor-widget-wrap\">\n\t\t\t\t\t\t<div class=\"elementor-element elementor-element-afc0be4 blacktxt elementor-widget elementor-widget-heading\" data-id=\"afc0be4\" data-element_type=\"widget\" data-widget_type=\"heading.default\">\n\t\t\t\t<div class=\"elementor-widget-container\">\n\t\t\t<h4 class=\"elementor-heading-title elementor-size-default\">PROPRI\u00c9T\u00c9S\/CARACT\u00c9RISTIQUES<\/h4>\t\t<\/div>\n\t\t\t\t<\/div>\n\t\t\t\t<div class=\"elementor-element elementor-element-8ffb65c elementor-widget elementor-widget-text-editor\" data-id=\"8ffb65c\" data-element_type=\"widget\" data-widget_type=\"text-editor.default\">\n\t\t\t\t<div class=\"elementor-widget-container\">\n\t\t\t\t\t\t\t\t<div class=\"elementor-text-editor elementor-clearfix\">\n\t\t\t\t<p>Voici les principales caract\u00e9ristiques des pi\u00e8ces forg\u00e9es en cuivre:<\/p>\t\t\t\t\t<\/div>\n\t\t\t\t\t\t<\/div>\n\t\t\t\t<\/div>\n\t\t\t\t<section class=\"elementor-section elementor-inner-section elementor-element elementor-element-8d07095 pad icon-box2 elementor-section-boxed elementor-section-height-default elementor-section-height-default\" data-id=\"8d07095\" data-element_type=\"section\">\n\t\t\t\t\t\t<div class=\"elementor-container elementor-column-gap-default\">\n\t\t\t\t\t\t\t<div class=\"elementor-row\">\n\t\t\t\t\t<div class=\"elementor-column elementor-col-50 elementor-inner-column elementor-element elementor-element-ba4de77\" data-id=\"ba4de77\" data-element_type=\"column\">\n\t\t\t<div class=\"elementor-column-wrap elementor-element-populated\">\n\t\t\t\t\t\t\t<div class=\"elementor-widget-wrap\">\n\t\t\t\t\t\t<div class=\"elementor-element elementor-element-a238e92 elementor-position-left elementor-vertical-align-top elementor-widget elementor-widget-image-box\" data-id=\"a238e92\" data-element_type=\"widget\" data-widget_type=\"image-box.default\">\n\t\t\t\t<div class=\"elementor-widget-container\">\n\t\t\t<div class=\"elementor-image-box-wrapper\"><figure class=\"elementor-image-box-img\"><img decoding=\"async\" width=\"115\" height=\"172\" src=\"https:\/\/cmogroup.it\/wp-content\/uploads\/2025\/08\/conductivity-1.png\" class=\"attachment-full size-full wp-image-13563\" alt=\"\" \/><\/figure><div class=\"elementor-image-box-content\"><h6 class=\"elementor-image-box-title\">CONDUCTIVIT\u00c9<\/h6><p class=\"elementor-image-box-description\">Le cuivre \u00ab pur \u00bb est l'alliage qui poss\u00e8de la plus grande capacit\u00e9 \u00e0 conduire l'\u00e9lectricit\u00e9 et \u00e0 \u00e9changer de la chaleur entre diff\u00e9rents m\u00e9taux.<\/p><\/div><\/div>\t\t<\/div>\n\t\t\t\t<\/div>\n\t\t\t\t<div class=\"elementor-element elementor-element-83d8db3 elementor-position-left elementor-vertical-align-top elementor-widget elementor-widget-image-box\" data-id=\"83d8db3\" data-element_type=\"widget\" data-widget_type=\"image-box.default\">\n\t\t\t\t<div class=\"elementor-widget-container\">\n\t\t\t<div class=\"elementor-image-box-wrapper\"><figure class=\"elementor-image-box-img\"><img decoding=\"async\" width=\"63\" height=\"53\" src=\"https:\/\/cmogroup.it\/wp-content\/uploads\/2025\/08\/weight-1.png\" class=\"attachment-full size-full wp-image-13507\" alt=\"\" \/><\/figure><div class=\"elementor-image-box-content\"><h6 class=\"elementor-image-box-title\">POIDS SP\u00c9CIFIQUE<\/h6><p class=\"elementor-image-box-description\">Le poids sp\u00e9cifique est d'environ 8,94 kg\/dm<sup>3<\/sup>.<\/p><\/div><\/div>\t\t<\/div>\n\t\t\t\t<\/div>\n\t\t\t\t\t\t<\/div>\n\t\t\t\t\t<\/div>\n\t\t<\/div>\n\t\t\t\t<div class=\"elementor-column elementor-col-50 elementor-inner-column elementor-element elementor-element-a540cf0\" data-id=\"a540cf0\" data-element_type=\"column\">\n\t\t\t<div class=\"elementor-column-wrap elementor-element-populated\">\n\t\t\t\t\t\t\t<div class=\"elementor-widget-wrap\">\n\t\t\t\t\t\t<div class=\"elementor-element elementor-element-4ff37cd elementor-position-left elementor-vertical-align-top elementor-widget elementor-widget-image-box\" data-id=\"4ff37cd\" data-element_type=\"widget\" data-widget_type=\"image-box.default\">\n\t\t\t\t<div class=\"elementor-widget-container\">\n\t\t\t<div class=\"elementor-image-box-wrapper\"><figure class=\"elementor-image-box-img\"><img decoding=\"async\" width=\"71\" height=\"65\" src=\"https:\/\/cmogroup.it\/wp-content\/uploads\/2025\/08\/resistence-1.png\" class=\"attachment-full size-full wp-image-13567\" alt=\"\" \/><\/figure><div class=\"elementor-image-box-content\"><h6 class=\"elementor-image-box-title\">R\u00c9SISTANCE \u00c0 LA CORROSION<\/h6><\/div><\/div>\t\t<\/div>\n\t\t\t\t<\/div>\n\t\t\t\t\t\t<\/div>\n\t\t\t\t\t<\/div>\n\t\t<\/div>\n\t\t\t\t\t\t\t\t<\/div>\n\t\t\t\t\t<\/div>\n\t\t<\/section>\n\t\t\t\t\t\t<\/div>\n\t\t\t\t\t<\/div>\n\t\t<\/div>\n\t\t\t\t\t\t\t\t<\/div>\n\t\t\t\t\t<\/div>\n\t\t<\/section>\n\t\t\t\t<section class=\"elementor-section elementor-top-section elementor-element elementor-element-7e0c1c9 elementor-section-boxed elementor-section-height-default elementor-section-height-default\" data-id=\"7e0c1c9\" data-element_type=\"section\">\n\t\t\t\t\t\t<div class=\"elementor-container elementor-column-gap-default\">\n\t\t\t\t\t\t\t<div class=\"elementor-row\">\n\t\t\t\t\t<div class=\"elementor-column elementor-col-100 elementor-top-column elementor-element elementor-element-0831801\" data-id=\"0831801\" data-element_type=\"column\">\n\t\t\t<div class=\"elementor-column-wrap elementor-element-populated\">\n\t\t\t\t\t\t\t<div class=\"elementor-widget-wrap\">\n\t\t\t\t\t\t<div class=\"elementor-element elementor-element-cddcd77 blacktxt txt4 elementor-widget elementor-widget-heading\" data-id=\"cddcd77\" data-element_type=\"widget\" data-widget_type=\"heading.default\">\n\t\t\t\t<div class=\"elementor-widget-container\">\n\t\t\t<h4 class=\"elementor-heading-title elementor-size-default\">SECTEURS D'APPLICATION<\/h4>\t\t<\/div>\n\t\t\t\t<\/div>\n\t\t\t\t<div class=\"elementor-element elementor-element-84c7b08 elementor-widget elementor-widget-text-editor\" data-id=\"84c7b08\" data-element_type=\"widget\" data-widget_type=\"text-editor.default\">\n\t\t\t\t<div class=\"elementor-widget-container\">\n\t\t\t\t\t\t\t\t<div class=\"elementor-text-editor elementor-clearfix\">\n\t\t\t\t<ul><li>BASSE ET MOYENNE TENSION<\/li><li>HAUTE TENSION<\/li><li>VOITURES \u00c9LECTRIQUES<\/li><\/ul>\t\t\t\t\t<\/div>\n\t\t\t\t\t\t<\/div>\n\t\t\t\t<\/div>\n\t\t\t\t\t\t<\/div>\n\t\t\t\t\t<\/div>\n\t\t<\/div>\n\t\t\t\t\t\t\t\t<\/div>\n\t\t\t\t\t<\/div>\n\t\t<\/section>\n\t\t\t\t\t\t\t\t\t<\/div>\n\t\t\t<\/div>\n\t\t\t\t\t<\/div>\n\t\t","protected":false},"excerpt":{"rendered":"<p>Il existe 400 alliages de cuivre diff\u00e9rents. Chacun d&rsquo;entre eux se distingue par un certain nombre de propri\u00e9t\u00e9s qui peuvent \u00eatre adapt\u00e9es \u00e0 une application sp\u00e9cifique ou \u00e0 un processus de production. ALLIAGES Cu ETP CW004A Cu Be2 CW101C Cu Cr1 Zr CW106C Cu Ni2 Si CW111C Cu-OF CW008A PROPRI\u00c9T\u00c9S\/CARACT\u00c9RISTIQUES Voici les principales caract\u00e9ristiques des [&hellip;]<\/p>\n","protected":false},"author":12,"featured_media":9885,"parent":0,"menu_order":0,"comment_status":"closed","ping_status":"closed","template":"","meta":{"footnotes":""},"class_list":["post-10000","page","type-page","status-publish","has-post-thumbnail","hentry"],"acf":[],"_links":{"self":[{"href":"https:\/\/cmogroup.it\/fr\/wp-json\/wp\/v2\/pages\/10000","targetHints":{"allow":["GET"]}}],"collection":[{"href":"https:\/\/cmogroup.it\/fr\/wp-json\/wp\/v2\/pages"}],"about":[{"href":"https:\/\/cmogroup.it\/fr\/wp-json\/wp\/v2\/types\/page"}],"author":[{"embeddable":true,"href":"https:\/\/cmogroup.it\/fr\/wp-json\/wp\/v2\/users\/12"}],"replies":[{"embeddable":true,"href":"https:\/\/cmogroup.it\/fr\/wp-json\/wp\/v2\/comments?post=10000"}],"version-history":[{"count":3,"href":"https:\/\/cmogroup.it\/fr\/wp-json\/wp\/v2\/pages\/10000\/revisions"}],"predecessor-version":[{"id":17359,"href":"https:\/\/cmogroup.it\/fr\/wp-json\/wp\/v2\/pages\/10000\/revisions\/17359"}],"wp:featuredmedia":[{"embeddable":true,"href":"https:\/\/cmogroup.it\/fr\/wp-json\/wp\/v2\/media\/9885"}],"wp:attachment":[{"href":"https:\/\/cmogroup.it\/fr\/wp-json\/wp\/v2\/media?parent=10000"}],"curies":[{"name":"wp","href":"https:\/\/api.w.org\/{rel}","templated":true}]}}