











































































































































































































































































































































































































































































{"id":10310,"date":"2023-03-01T09:58:23","date_gmt":"2023-03-01T08:58:23","guid":{"rendered":"https:\/\/cmogroup.it\/rueckverfolgbarkeit\/"},"modified":"2025-09-04T11:51:14","modified_gmt":"2025-09-04T10:51:14","slug":"rueckverfolgbarkeit","status":"publish","type":"page","link":"https:\/\/cmogroup.it\/de\/rueckverfolgbarkeit\/","title":{"rendered":"R\u00dcCKVERFOLGBARKEIT"},"content":{"rendered":"\t\t<div data-elementor-type=\"wp-page\" data-elementor-id=\"10310\" class=\"elementor elementor-10310 elementor-4090\">\n\t\t\t\t\t\t<div class=\"elementor-inner\">\n\t\t\t\t<div class=\"elementor-section-wrap\">\n\t\t\t\t\t\t\t\t\t<section class=\"elementor-section elementor-top-section elementor-element elementor-element-3de05d8 blacktxt elementor-section-boxed elementor-section-height-default elementor-section-height-default\" data-id=\"3de05d8\" data-element_type=\"section\">\n\t\t\t\t\t\t<div class=\"elementor-container elementor-column-gap-default\">\n\t\t\t\t\t\t\t<div class=\"elementor-row\">\n\t\t\t\t\t<div class=\"elementor-column elementor-col-100 elementor-top-column elementor-element elementor-element-b883533\" data-id=\"b883533\" data-element_type=\"column\">\n\t\t\t<div class=\"elementor-column-wrap elementor-element-populated\">\n\t\t\t\t\t\t\t<div class=\"elementor-widget-wrap\">\n\t\t\t\t\t\t<div class=\"elementor-element elementor-element-2333842 txt4 elementor-widget elementor-widget-heading\" data-id=\"2333842\" data-element_type=\"widget\" data-widget_type=\"heading.default\">\n\t\t\t\t<div class=\"elementor-widget-container\">\n\t\t\t<h3 class=\"elementor-heading-title elementor-size-default\">BEI JEDEM EINZELNEN SCHRITT<\/h3>\t\t<\/div>\n\t\t\t\t<\/div>\n\t\t\t\t<div class=\"elementor-element elementor-element-79dc0dc txt4 elementor-widget elementor-widget-heading\" data-id=\"79dc0dc\" data-element_type=\"widget\" data-widget_type=\"heading.default\">\n\t\t\t\t<div class=\"elementor-widget-container\">\n\t\t\t<h2 class=\"elementor-heading-title elementor-size-default\">R\u00dcCKVERFOLGBARKEIT IST EIN MUSS IN UNSEREM HERSTELLUNGSPROZESS<\/h2>\t\t<\/div>\n\t\t\t\t<\/div>\n\t\t\t\t<div class=\"elementor-element elementor-element-51e80a7 elementor-widget elementor-widget-text-editor\" data-id=\"51e80a7\" data-element_type=\"widget\" data-widget_type=\"text-editor.default\">\n\t\t\t\t<div class=\"elementor-widget-container\">\n\t\t\t\t\t\t\t\t<div class=\"elementor-text-editor elementor-clearfix\">\n\t\t\t\t<p>Wir sind bestrebt, unsere Kunden so umfassend wie m\u00f6glich \u00fcber das gew\u00fcnschte Produkt zu informieren und ihnen auch w\u00e4hrend der Produktionsphase \u00fcber den Fortschritt zu berichten.<\/p>\n<p>Alle Produktchargen werden mittels eines Barcodesystems individuell identifiziert, was ein schnelles Auffinden im Lager garantiert.<\/p>\n<p>Dar\u00fcber hinaus sind bei der Warmumformung alle Maschinen in das ERP-System des Unternehmens integriert und registrieren sofort die Bedingungen der wichtigsten Prozessparameter.<\/p>\n<p>Sollte einer dieser Parameter au\u00dferhalb des optimalen Bereichs liegen, stoppen die Pressen automatisch und k\u00f6nnen nicht verwendet werden.<\/p>\n\t\t\t\t\t<\/div>\n\t\t\t\t\t\t<\/div>\n\t\t\t\t<\/div>\n\t\t\t\t\t\t<\/div>\n\t\t\t\t\t<\/div>\n\t\t<\/div>\n\t\t\t\t\t\t\t\t<\/div>\n\t\t\t\t\t<\/div>\n\t\t<\/section>\n\t\t\t\t<section class=\"elementor-section elementor-top-section elementor-element elementor-element-04b2cae adv-box1 elementor-section-boxed elementor-section-height-default elementor-section-height-default\" data-id=\"04b2cae\" data-element_type=\"section\">\n\t\t\t\t\t\t<div class=\"elementor-container elementor-column-gap-default\">\n\t\t\t\t\t\t\t<div class=\"elementor-row\">\n\t\t\t\t\t<div class=\"elementor-column elementor-col-100 elementor-top-column elementor-element elementor-element-3b6792c\" data-id=\"3b6792c\" data-element_type=\"column\">\n\t\t\t<div class=\"elementor-column-wrap elementor-element-populated\">\n\t\t\t\t\t\t\t<div class=\"elementor-widget-wrap\">\n\t\t\t\t\t\t<section class=\"elementor-section elementor-inner-section elementor-element elementor-element-3b2dbe0 elementor-reverse-tablet elementor-reverse-mobile blacktxt elementor-section-boxed elementor-section-height-default elementor-section-height-default\" data-id=\"3b2dbe0\" data-element_type=\"section\">\n\t\t\t\t\t\t<div class=\"elementor-container elementor-column-gap-default\">\n\t\t\t\t\t\t\t<div class=\"elementor-row\">\n\t\t\t\t\t<div class=\"elementor-column elementor-col-50 elementor-inner-column elementor-element elementor-element-186cda3\" data-id=\"186cda3\" data-element_type=\"column\">\n\t\t\t<div class=\"elementor-column-wrap elementor-element-populated\">\n\t\t\t\t\t\t\t<div class=\"elementor-widget-wrap\">\n\t\t\t\t\t\t<section data-dce-background-color=\"#F6F6F6\" data-dce-background-hover-color=\"#F1F4F8\" class=\"elementor-section elementor-inner-section elementor-element elementor-element-2556c60 elementor-section-full_width elementor-section-height-min-height animated-slow gr1 elementor-section-height-default elementor-invisible\" data-id=\"2556c60\" data-element_type=\"section\" data-settings=\"{&quot;background_background&quot;:&quot;classic&quot;,&quot;animation&quot;:&quot;fadeIn&quot;,&quot;animation_delay&quot;:400}\">\n\t\t\t\t\t\t<div class=\"elementor-container elementor-column-gap-default\">\n\t\t\t\t\t\t\t<div class=\"elementor-row\">\n\t\t\t\t\t<div data-dce-background-color=\"#5593C4\" data-dce-background-image-url=\"https:\/\/cmogroup.it\/wp-content\/uploads\/2025\/08\/quad-grad1.png\" class=\"elementor-column elementor-col-50 elementor-inner-column elementor-element elementor-element-ab7bf52\" data-id=\"ab7bf52\" data-element_type=\"column\" data-settings=\"{&quot;background_background&quot;:&quot;classic&quot;}\">\n\t\t\t<div class=\"elementor-column-wrap\">\n\t\t\t\t\t\t\t<div class=\"elementor-widget-wrap\">\n\t\t\t\t\t\t\t\t<\/div>\n\t\t\t\t\t<\/div>\n\t\t<\/div>\n\t\t\t\t<div class=\"elementor-column elementor-col-50 elementor-inner-column elementor-element elementor-element-404d899\" data-id=\"404d899\" data-element_type=\"column\">\n\t\t\t<div class=\"elementor-column-wrap elementor-element-populated\">\n\t\t\t\t\t\t\t<div class=\"elementor-widget-wrap\">\n\t\t\t\t\t\t<div class=\"elementor-element elementor-element-87b3bcd txts7 txt-cap elementor-widget elementor-widget-heading\" data-id=\"87b3bcd\" data-element_type=\"widget\" data-widget_type=\"heading.default\">\n\t\t\t\t<div class=\"elementor-widget-container\">\n\t\t\t<h5 class=\"elementor-heading-title elementor-size-default\">DIE TEMPERATUR der zu schmiedenden Teile<\/h5>\t\t<\/div>\n\t\t\t\t<\/div>\n\t\t\t\t\t\t<\/div>\n\t\t\t\t\t<\/div>\n\t\t<\/div>\n\t\t\t\t\t\t\t\t<\/div>\n\t\t\t\t\t<\/div>\n\t\t<\/section>\n\t\t\t\t<section data-dce-background-color=\"#F6F6F6\" data-dce-background-hover-color=\"#F1F4F8\" class=\"elementor-section elementor-inner-section elementor-element elementor-element-17658fa elementor-section-full_width elementor-section-height-min-height animated-slow gr1 elementor-section-height-default elementor-invisible\" data-id=\"17658fa\" data-element_type=\"section\" data-settings=\"{&quot;background_background&quot;:&quot;classic&quot;,&quot;animation&quot;:&quot;fadeIn&quot;,&quot;animation_delay&quot;:400}\">\n\t\t\t\t\t\t<div class=\"elementor-container elementor-column-gap-default\">\n\t\t\t\t\t\t\t<div class=\"elementor-row\">\n\t\t\t\t\t<div data-dce-background-color=\"#5593C4\" data-dce-background-image-url=\"https:\/\/cmogroup.it\/wp-content\/uploads\/2025\/08\/quad-grad1.png\" class=\"elementor-column elementor-col-50 elementor-inner-column elementor-element elementor-element-569d238\" data-id=\"569d238\" data-element_type=\"column\" data-settings=\"{&quot;background_background&quot;:&quot;classic&quot;}\">\n\t\t\t<div class=\"elementor-column-wrap\">\n\t\t\t\t\t\t\t<div class=\"elementor-widget-wrap\">\n\t\t\t\t\t\t\t\t<\/div>\n\t\t\t\t\t<\/div>\n\t\t<\/div>\n\t\t\t\t<div class=\"elementor-column elementor-col-50 elementor-inner-column elementor-element elementor-element-432ed80\" data-id=\"432ed80\" data-element_type=\"column\">\n\t\t\t<div class=\"elementor-column-wrap elementor-element-populated\">\n\t\t\t\t\t\t\t<div class=\"elementor-widget-wrap\">\n\t\t\t\t\t\t<div class=\"elementor-element elementor-element-191d761 txts7 txt-cap elementor-widget elementor-widget-heading\" data-id=\"191d761\" data-element_type=\"widget\" data-widget_type=\"heading.default\">\n\t\t\t\t<div class=\"elementor-widget-container\">\n\t\t\t<h5 class=\"elementor-heading-title elementor-size-default\">DER TEMPERATURBEREICH im Inneren des Ofens<\/h5>\t\t<\/div>\n\t\t\t\t<\/div>\n\t\t\t\t\t\t<\/div>\n\t\t\t\t\t<\/div>\n\t\t<\/div>\n\t\t\t\t\t\t\t\t<\/div>\n\t\t\t\t\t<\/div>\n\t\t<\/section>\n\t\t\t\t\t\t<\/div>\n\t\t\t\t\t<\/div>\n\t\t<\/div>\n\t\t\t\t<div class=\"elementor-column elementor-col-50 elementor-inner-column elementor-element elementor-element-18aefe8\" data-id=\"18aefe8\" data-element_type=\"column\">\n\t\t\t<div class=\"elementor-column-wrap elementor-element-populated\">\n\t\t\t\t\t\t\t<div class=\"elementor-widget-wrap\">\n\t\t\t\t\t\t<section data-dce-background-color=\"#F6F6F6\" data-dce-background-hover-color=\"#F1F4F8\" class=\"elementor-section elementor-inner-section elementor-element elementor-element-d6a5bda elementor-section-full_width elementor-section-height-min-height animated-slow gr1 elementor-section-height-default elementor-invisible\" data-id=\"d6a5bda\" data-element_type=\"section\" data-settings=\"{&quot;background_background&quot;:&quot;classic&quot;,&quot;animation&quot;:&quot;fadeIn&quot;,&quot;animation_delay&quot;:400}\">\n\t\t\t\t\t\t<div class=\"elementor-container elementor-column-gap-default\">\n\t\t\t\t\t\t\t<div class=\"elementor-row\">\n\t\t\t\t\t<div data-dce-background-color=\"#5593C4\" data-dce-background-image-url=\"https:\/\/cmogroup.it\/wp-content\/uploads\/2025\/08\/quad-grad1.png\" class=\"elementor-column elementor-col-50 elementor-inner-column elementor-element elementor-element-49359d0\" data-id=\"49359d0\" data-element_type=\"column\" data-settings=\"{&quot;background_background&quot;:&quot;classic&quot;}\">\n\t\t\t<div class=\"elementor-column-wrap\">\n\t\t\t\t\t\t\t<div class=\"elementor-widget-wrap\">\n\t\t\t\t\t\t\t\t<\/div>\n\t\t\t\t\t<\/div>\n\t\t<\/div>\n\t\t\t\t<div class=\"elementor-column elementor-col-50 elementor-inner-column elementor-element elementor-element-cb604ea\" data-id=\"cb604ea\" data-element_type=\"column\">\n\t\t\t<div class=\"elementor-column-wrap elementor-element-populated\">\n\t\t\t\t\t\t\t<div class=\"elementor-widget-wrap\">\n\t\t\t\t\t\t<div class=\"elementor-element elementor-element-a5cfac4 txts7 txt-cap elementor-widget elementor-widget-heading\" data-id=\"a5cfac4\" data-element_type=\"widget\" data-widget_type=\"heading.default\">\n\t\t\t\t<div class=\"elementor-widget-container\">\n\t\t\t<h5 class=\"elementor-heading-title elementor-size-default\">DIE TATS\u00c4CHLICHE TEMPERATUR der Werkzeuge w\u00e4hrend der Arbeit<\/h5>\t\t<\/div>\n\t\t\t\t<\/div>\n\t\t\t\t\t\t<\/div>\n\t\t\t\t\t<\/div>\n\t\t<\/div>\n\t\t\t\t\t\t\t\t<\/div>\n\t\t\t\t\t<\/div>\n\t\t<\/section>\n\t\t\t\t<section data-dce-background-color=\"#F6F6F6\" data-dce-background-hover-color=\"#F1F4F8\" class=\"elementor-section elementor-inner-section elementor-element elementor-element-fe60d92 elementor-section-full_width elementor-section-height-min-height animated-slow gr1 elementor-section-height-default elementor-invisible\" data-id=\"fe60d92\" data-element_type=\"section\" data-settings=\"{&quot;background_background&quot;:&quot;classic&quot;,&quot;animation&quot;:&quot;fadeIn&quot;,&quot;animation_delay&quot;:400}\">\n\t\t\t\t\t\t<div class=\"elementor-container elementor-column-gap-default\">\n\t\t\t\t\t\t\t<div class=\"elementor-row\">\n\t\t\t\t\t<div data-dce-background-color=\"#5593C4\" data-dce-background-image-url=\"https:\/\/cmogroup.it\/wp-content\/uploads\/2025\/08\/quad-grad1.png\" class=\"elementor-column elementor-col-50 elementor-inner-column elementor-element elementor-element-7d8e104\" data-id=\"7d8e104\" data-element_type=\"column\" data-settings=\"{&quot;background_background&quot;:&quot;classic&quot;}\">\n\t\t\t<div class=\"elementor-column-wrap\">\n\t\t\t\t\t\t\t<div class=\"elementor-widget-wrap\">\n\t\t\t\t\t\t\t\t<\/div>\n\t\t\t\t\t<\/div>\n\t\t<\/div>\n\t\t\t\t<div class=\"elementor-column elementor-col-50 elementor-inner-column elementor-element elementor-element-43392f8\" data-id=\"43392f8\" data-element_type=\"column\">\n\t\t\t<div class=\"elementor-column-wrap elementor-element-populated\">\n\t\t\t\t\t\t\t<div class=\"elementor-widget-wrap\">\n\t\t\t\t\t\t<div class=\"elementor-element elementor-element-b4ca8b1 txts7 txt-cap elementor-widget elementor-widget-heading\" data-id=\"b4ca8b1\" data-element_type=\"widget\" data-widget_type=\"heading.default\">\n\t\t\t\t<div class=\"elementor-widget-container\">\n\t\t\t<h5 class=\"elementor-heading-title elementor-size-default\">Die GESCHWINDIGKEIT und die ST\u00c4RKE der Presse<\/h5>\t\t<\/div>\n\t\t\t\t<\/div>\n\t\t\t\t\t\t<\/div>\n\t\t\t\t\t<\/div>\n\t\t<\/div>\n\t\t\t\t\t\t\t\t<\/div>\n\t\t\t\t\t<\/div>\n\t\t<\/section>\n\t\t\t\t\t\t<\/div>\n\t\t\t\t\t<\/div>\n\t\t<\/div>\n\t\t\t\t\t\t\t\t<\/div>\n\t\t\t\t\t<\/div>\n\t\t<\/section>\n\t\t\t\t\t\t<\/div>\n\t\t\t\t\t<\/div>\n\t\t<\/div>\n\t\t\t\t\t\t\t\t<\/div>\n\t\t\t\t\t<\/div>\n\t\t<\/section>\n\t\t\t\t<section class=\"elementor-section elementor-top-section elementor-element elementor-element-5999e22 elementor-section-full_width elementor-section-height-min-height elementor-section-items-stretch norad elementor-section-height-default\" data-id=\"5999e22\" data-element_type=\"section\">\n\t\t\t\t\t\t<div class=\"elementor-container elementor-column-gap-default\">\n\t\t\t\t\t\t\t<div class=\"elementor-row\">\n\t\t\t\t\t<div data-dce-background-image-url=\"https:\/\/cmogroup.it\/wp-content\/uploads\/2023\/03\/cmo-traceability-01.jpg\" class=\"elementor-column elementor-col-50 elementor-top-column elementor-element elementor-element-820e07d\" data-id=\"820e07d\" data-element_type=\"column\" data-settings=\"{&quot;background_background&quot;:&quot;classic&quot;}\">\n\t\t\t<div class=\"elementor-column-wrap elementor-element-populated\">\n\t\t\t\t\t<div class=\"elementor-background-overlay\"><\/div>\n\t\t\t\t\t\t\t<div class=\"elementor-widget-wrap\">\n\t\t\t\t\t\t<div class=\"elementor-element elementor-element-d317c39 elementor-widget elementor-widget-spacer\" data-id=\"d317c39\" data-element_type=\"widget\" data-widget_type=\"spacer.default\">\n\t\t\t\t<div class=\"elementor-widget-container\">\n\t\t\t\t\t<div class=\"elementor-spacer\">\n\t\t\t<div class=\"elementor-spacer-inner\"><\/div>\n\t\t<\/div>\n\t\t\t\t<\/div>\n\t\t\t\t<\/div>\n\t\t\t\t\t\t<\/div>\n\t\t\t\t\t<\/div>\n\t\t<\/div>\n\t\t\t\t<div data-dce-background-image-url=\"https:\/\/cmogroup.it\/wp-content\/uploads\/2023\/03\/cmo-traceability-02.jpg\" class=\"elementor-column elementor-col-50 elementor-top-column elementor-element elementor-element-4334cd8\" data-id=\"4334cd8\" data-element_type=\"column\" data-settings=\"{&quot;background_background&quot;:&quot;classic&quot;}\">\n\t\t\t<div class=\"elementor-column-wrap elementor-element-populated\">\n\t\t\t\t\t<div class=\"elementor-background-overlay\"><\/div>\n\t\t\t\t\t\t\t<div class=\"elementor-widget-wrap\">\n\t\t\t\t\t\t<div class=\"elementor-element elementor-element-a1ae66f elementor-widget elementor-widget-spacer\" data-id=\"a1ae66f\" data-element_type=\"widget\" data-widget_type=\"spacer.default\">\n\t\t\t\t<div class=\"elementor-widget-container\">\n\t\t\t\t\t<div class=\"elementor-spacer\">\n\t\t\t<div class=\"elementor-spacer-inner\"><\/div>\n\t\t<\/div>\n\t\t\t\t<\/div>\n\t\t\t\t<\/div>\n\t\t\t\t\t\t<\/div>\n\t\t\t\t\t<\/div>\n\t\t<\/div>\n\t\t\t\t\t\t\t\t<\/div>\n\t\t\t\t\t<\/div>\n\t\t<\/section>\n\t\t\t\t\t\t\t\t\t<\/div>\n\t\t\t<\/div>\n\t\t\t\t\t<\/div>\n\t\t","protected":false},"excerpt":{"rendered":"<p>BEI JEDEM EINZELNEN SCHRITT R\u00dcCKVERFOLGBARKEIT IST EIN MUSS IN UNSEREM HERSTELLUNGSPROZESS Wir sind bestrebt, unsere Kunden so umfassend wie m\u00f6glich \u00fcber das gew\u00fcnschte Produkt zu informieren und ihnen auch w\u00e4hrend der Produktionsphase \u00fcber den Fortschritt zu berichten. Alle Produktchargen werden mittels eines Barcodesystems individuell identifiziert, was ein schnelles Auffinden im Lager garantiert. Dar\u00fcber hinaus sind [&hellip;]<\/p>\n","protected":false},"author":12,"featured_media":6083,"parent":0,"menu_order":0,"comment_status":"closed","ping_status":"closed","template":"","meta":{"footnotes":""},"class_list":["post-10310","page","type-page","status-publish","has-post-thumbnail","hentry"],"acf":[],"_links":{"self":[{"href":"https:\/\/cmogroup.it\/de\/wp-json\/wp\/v2\/pages\/10310","targetHints":{"allow":["GET"]}}],"collection":[{"href":"https:\/\/cmogroup.it\/de\/wp-json\/wp\/v2\/pages"}],"about":[{"href":"https:\/\/cmogroup.it\/de\/wp-json\/wp\/v2\/types\/page"}],"author":[{"embeddable":true,"href":"https:\/\/cmogroup.it\/de\/wp-json\/wp\/v2\/users\/12"}],"replies":[{"embeddable":true,"href":"https:\/\/cmogroup.it\/de\/wp-json\/wp\/v2\/comments?post=10310"}],"version-history":[{"count":9,"href":"https:\/\/cmogroup.it\/de\/wp-json\/wp\/v2\/pages\/10310\/revisions"}],"predecessor-version":[{"id":18427,"href":"https:\/\/cmogroup.it\/de\/wp-json\/wp\/v2\/pages\/10310\/revisions\/18427"}],"wp:featuredmedia":[{"embeddable":true,"href":"https:\/\/cmogroup.it\/de\/wp-json\/wp\/v2\/media\/6083"}],"wp:attachment":[{"href":"https:\/\/cmogroup.it\/de\/wp-json\/wp\/v2\/media?parent=10310"}],"curies":[{"name":"wp","href":"https:\/\/api.w.org\/{rel}","templated":true}]}}