











































































































































































































































































































































































































































































{"id":10302,"date":"2023-03-16T16:15:04","date_gmt":"2023-03-16T15:15:04","guid":{"rendered":"https:\/\/cmogroup.it\/alubronze\/"},"modified":"2025-08-29T09:39:39","modified_gmt":"2025-08-29T08:39:39","slug":"alubronze","status":"publish","type":"page","link":"https:\/\/cmogroup.it\/de\/alubronze\/","title":{"rendered":"ALUBRONZE"},"content":{"rendered":"\t\t<div data-elementor-type=\"wp-page\" data-elementor-id=\"10302\" class=\"elementor elementor-10302 elementor-5796\">\n\t\t\t\t\t\t<div class=\"elementor-inner\">\n\t\t\t\t<div class=\"elementor-section-wrap\">\n\t\t\t\t\t\t\t\t\t<section class=\"elementor-section elementor-top-section elementor-element elementor-element-648351f blacktxt elementor-section-boxed elementor-section-height-default elementor-section-height-default\" data-id=\"648351f\" data-element_type=\"section\">\n\t\t\t\t\t\t<div class=\"elementor-container elementor-column-gap-default\">\n\t\t\t\t\t\t\t<div class=\"elementor-row\">\n\t\t\t\t\t<div class=\"elementor-column elementor-col-100 elementor-top-column elementor-element elementor-element-5e99e42\" data-id=\"5e99e42\" data-element_type=\"column\">\n\t\t\t<div class=\"elementor-column-wrap elementor-element-populated\">\n\t\t\t\t\t\t\t<div class=\"elementor-widget-wrap\">\n\t\t\t\t\t\t<div class=\"elementor-element elementor-element-2afa78b elementor-widget elementor-widget-text-editor\" data-id=\"2afa78b\" data-element_type=\"widget\" data-widget_type=\"text-editor.default\">\n\t\t\t\t<div class=\"elementor-widget-container\">\n\t\t\t\t\t\t\t\t<div class=\"elementor-text-editor elementor-clearfix\">\n\t\t\t\t<p>Kupferlegierung, in der Aluminium das wichtigste zus\u00e4tzliche Element ist.<\/p>\n\t\t\t\t\t<\/div>\n\t\t\t\t\t\t<\/div>\n\t\t\t\t<\/div>\n\t\t\t\t<div class=\"elementor-element elementor-element-335a60d elementor-widget elementor-widget-heading\" data-id=\"335a60d\" data-element_type=\"widget\" data-widget_type=\"heading.default\">\n\t\t\t\t<div class=\"elementor-widget-container\">\n\t\t\t<h4 class=\"elementor-heading-title elementor-size-default\">LEGIERUNGEN<\/h4>\t\t<\/div>\n\t\t\t\t<\/div>\n\t\t\t\t<div class=\"elementor-element elementor-element-07e0f7e elementor-widget elementor-widget-text-editor\" data-id=\"07e0f7e\" data-element_type=\"widget\" data-widget_type=\"text-editor.default\">\n\t\t\t\t<div class=\"elementor-widget-container\">\n\t\t\t\t\t\t\t\t<div class=\"elementor-text-editor elementor-clearfix\">\n\t\t\t\t<ul>\n<li>Cu AI7 Si2 ST UNI EN 12420 CW 302G<\/li>\n<li>Cu AIB Fe3 ST UNI EN 12420 CW 303G<\/li>\n<li>Cu AI10 Ni5 Fe4 ST UNI EN 12420 CW 307G<\/li>\n<\/ul>\n\t\t\t\t\t<\/div>\n\t\t\t\t\t\t<\/div>\n\t\t\t\t<\/div>\n\t\t\t\t\t\t<\/div>\n\t\t\t\t\t<\/div>\n\t\t<\/div>\n\t\t\t\t\t\t\t\t<\/div>\n\t\t\t\t\t<\/div>\n\t\t<\/section>\n\t\t\t\t<section class=\"elementor-section elementor-top-section elementor-element elementor-element-8ae8999 blacktxt elementor-section-boxed elementor-section-height-default elementor-section-height-default\" data-id=\"8ae8999\" data-element_type=\"section\" data-settings=\"{&quot;background_background&quot;:&quot;classic&quot;}\">\n\t\t\t\t\t\t<div class=\"elementor-container elementor-column-gap-default\">\n\t\t\t\t\t\t\t<div class=\"elementor-row\">\n\t\t\t\t\t<div class=\"elementor-column elementor-col-100 elementor-top-column elementor-element elementor-element-6826d7f\" data-id=\"6826d7f\" data-element_type=\"column\">\n\t\t\t<div class=\"elementor-column-wrap elementor-element-populated\">\n\t\t\t\t\t\t\t<div class=\"elementor-widget-wrap\">\n\t\t\t\t\t\t<div class=\"elementor-element elementor-element-4857455 elementor-widget elementor-widget-heading\" data-id=\"4857455\" data-element_type=\"widget\" data-widget_type=\"heading.default\">\n\t\t\t\t<div class=\"elementor-widget-container\">\n\t\t\t<h4 class=\"elementor-heading-title elementor-size-default\">EIGENSCHAFTEN\/MERKMALE<\/h4>\t\t<\/div>\n\t\t\t\t<\/div>\n\t\t\t\t<div class=\"elementor-element elementor-element-93c94d6 elementor-widget elementor-widget-text-editor\" data-id=\"93c94d6\" data-element_type=\"widget\" data-widget_type=\"text-editor.default\">\n\t\t\t\t<div class=\"elementor-widget-container\">\n\t\t\t\t\t\t\t\t<div class=\"elementor-text-editor elementor-clearfix\">\n\t\t\t\t<p>Hier sind die wichtigsten Merkmale von Schmiedest\u00fccken aus Alubronze:<\/p>\t\t\t\t\t<\/div>\n\t\t\t\t\t\t<\/div>\n\t\t\t\t<\/div>\n\t\t\t\t<section class=\"elementor-section elementor-inner-section elementor-element elementor-element-02428fb pad icon-box2 elementor-section-boxed elementor-section-height-default elementor-section-height-default\" data-id=\"02428fb\" data-element_type=\"section\">\n\t\t\t\t\t\t<div class=\"elementor-container elementor-column-gap-default\">\n\t\t\t\t\t\t\t<div class=\"elementor-row\">\n\t\t\t\t\t<div class=\"elementor-column elementor-col-50 elementor-inner-column elementor-element elementor-element-92bd7a0\" data-id=\"92bd7a0\" data-element_type=\"column\">\n\t\t\t<div class=\"elementor-column-wrap elementor-element-populated\">\n\t\t\t\t\t\t\t<div class=\"elementor-widget-wrap\">\n\t\t\t\t\t\t<div class=\"elementor-element elementor-element-2d9d337 elementor-position-left elementor-vertical-align-top elementor-widget elementor-widget-image-box\" data-id=\"2d9d337\" data-element_type=\"widget\" data-widget_type=\"image-box.default\">\n\t\t\t\t<div class=\"elementor-widget-container\">\n\t\t\t<div class=\"elementor-image-box-wrapper\"><figure class=\"elementor-image-box-img\"><img decoding=\"async\" width=\"69\" height=\"66\" src=\"https:\/\/cmogroup.it\/wp-content\/uploads\/2025\/08\/mechan-1-1.png\" class=\"attachment-full size-full wp-image-13610\" alt=\"\" \/><\/figure><div class=\"elementor-image-box-content\"><h6 class=\"elementor-image-box-title\">HOHE MECHANISCHE FESTIGKEIT<\/h6><\/div><\/div>\t\t<\/div>\n\t\t\t\t<\/div>\n\t\t\t\t<div class=\"elementor-element elementor-element-423e37f elementor-position-left elementor-vertical-align-top elementor-widget elementor-widget-image-box\" data-id=\"423e37f\" data-element_type=\"widget\" data-widget_type=\"image-box.default\">\n\t\t\t\t<div class=\"elementor-widget-container\">\n\t\t\t<div class=\"elementor-image-box-wrapper\"><figure class=\"elementor-image-box-img\"><img decoding=\"async\" width=\"71\" height=\"65\" src=\"https:\/\/cmogroup.it\/wp-content\/uploads\/2025\/08\/resistence-1-1.png\" class=\"attachment-full size-full wp-image-13614\" alt=\"\" \/><\/figure><div class=\"elementor-image-box-content\"><h6 class=\"elementor-image-box-title\">KORROSIONSBEST\u00c4NDIGKEIT<\/h6><p class=\"elementor-image-box-description\">Best\u00e4ndigkeit gegen atmosph\u00e4rische Korrosion.<\/p><\/div><\/div>\t\t<\/div>\n\t\t\t\t<\/div>\n\t\t\t\t\t\t<\/div>\n\t\t\t\t\t<\/div>\n\t\t<\/div>\n\t\t\t\t<div class=\"elementor-column elementor-col-50 elementor-inner-column elementor-element elementor-element-49d50a4\" data-id=\"49d50a4\" data-element_type=\"column\">\n\t\t\t<div class=\"elementor-column-wrap elementor-element-populated\">\n\t\t\t\t\t\t\t<div class=\"elementor-widget-wrap\">\n\t\t\t\t\t\t<div class=\"elementor-element elementor-element-a8efd54 elementor-position-left elementor-vertical-align-top elementor-widget elementor-widget-image-box\" data-id=\"a8efd54\" data-element_type=\"widget\" data-widget_type=\"image-box.default\">\n\t\t\t\t<div class=\"elementor-widget-container\">\n\t\t\t<div class=\"elementor-image-box-wrapper\"><figure class=\"elementor-image-box-img\"><img decoding=\"async\" width=\"63\" height=\"53\" src=\"https:\/\/cmogroup.it\/wp-content\/uploads\/2025\/08\/weight-1-1.png\" class=\"attachment-full size-full wp-image-13622\" alt=\"\" \/><\/figure><div class=\"elementor-image-box-content\"><h6 class=\"elementor-image-box-title\">SPEZIFISCHES GEWICHT<\/h6><p class=\"elementor-image-box-description\">Das spezifische Gewicht betr\u00e4gt etwa 7,8 kg\/dm3<\/p><\/div><\/div>\t\t<\/div>\n\t\t\t\t<\/div>\n\t\t\t\t\t\t<\/div>\n\t\t\t\t\t<\/div>\n\t\t<\/div>\n\t\t\t\t\t\t\t\t<\/div>\n\t\t\t\t\t<\/div>\n\t\t<\/section>\n\t\t\t\t\t\t<\/div>\n\t\t\t\t\t<\/div>\n\t\t<\/div>\n\t\t\t\t\t\t\t\t<\/div>\n\t\t\t\t\t<\/div>\n\t\t<\/section>\n\t\t\t\t<section class=\"elementor-section elementor-top-section elementor-element elementor-element-f4bde91 elementor-section-boxed elementor-section-height-default elementor-section-height-default\" data-id=\"f4bde91\" data-element_type=\"section\">\n\t\t\t\t\t\t<div class=\"elementor-container elementor-column-gap-default\">\n\t\t\t\t\t\t\t<div class=\"elementor-row\">\n\t\t\t\t\t<div class=\"elementor-column elementor-col-100 elementor-top-column elementor-element elementor-element-bf76773\" data-id=\"bf76773\" data-element_type=\"column\">\n\t\t\t<div class=\"elementor-column-wrap elementor-element-populated\">\n\t\t\t\t\t\t\t<div class=\"elementor-widget-wrap\">\n\t\t\t\t\t\t<div class=\"elementor-element elementor-element-432e801 blacktxt txt4 elementor-widget elementor-widget-heading\" data-id=\"432e801\" data-element_type=\"widget\" data-widget_type=\"heading.default\">\n\t\t\t\t<div class=\"elementor-widget-container\">\n\t\t\t<h4 class=\"elementor-heading-title elementor-size-default\">ANWENDUNGSBEREICHE<\/h4>\t\t<\/div>\n\t\t\t\t<\/div>\n\t\t\t\t<div class=\"elementor-element elementor-element-c753467 elementor-widget elementor-widget-text-editor\" data-id=\"c753467\" data-element_type=\"widget\" data-widget_type=\"text-editor.default\">\n\t\t\t\t<div class=\"elementor-widget-container\">\n\t\t\t\t\t\t\t\t<div class=\"elementor-text-editor elementor-clearfix\">\n\t\t\t\t<ul><li>SCHIFFFAHRT<\/li><li>VERTEIDIGUNG<\/li><li>VENTILE<\/li><li>ERN\u00c4HRUNG<\/li><li>CHEMIE<\/li><\/ul>\t\t\t\t\t<\/div>\n\t\t\t\t\t\t<\/div>\n\t\t\t\t<\/div>\n\t\t\t\t\t\t<\/div>\n\t\t\t\t\t<\/div>\n\t\t<\/div>\n\t\t\t\t\t\t\t\t<\/div>\n\t\t\t\t\t<\/div>\n\t\t<\/section>\n\t\t\t\t\t\t\t\t\t<\/div>\n\t\t\t<\/div>\n\t\t\t\t\t<\/div>\n\t\t","protected":false},"excerpt":{"rendered":"<p>Kupferlegierung, in der Aluminium das wichtigste zus\u00e4tzliche Element ist. LEGIERUNGEN Cu AI7 Si2 ST UNI EN 12420 CW 302G Cu AIB Fe3 ST UNI EN 12420 CW 303G Cu AI10 Ni5 Fe4 ST UNI EN 12420 CW 307G EIGENSCHAFTEN\/MERKMALE Hier sind die wichtigsten Merkmale von Schmiedest\u00fccken aus Alubronze: HOHE MECHANISCHE FESTIGKEIT KORROSIONSBEST\u00c4NDIGKEIT Best\u00e4ndigkeit gegen atmosph\u00e4rische [&hellip;]<\/p>\n","protected":false},"author":12,"featured_media":6210,"parent":0,"menu_order":0,"comment_status":"closed","ping_status":"closed","template":"","meta":{"footnotes":""},"class_list":["post-10302","page","type-page","status-publish","has-post-thumbnail","hentry"],"acf":[],"_links":{"self":[{"href":"https:\/\/cmogroup.it\/de\/wp-json\/wp\/v2\/pages\/10302","targetHints":{"allow":["GET"]}}],"collection":[{"href":"https:\/\/cmogroup.it\/de\/wp-json\/wp\/v2\/pages"}],"about":[{"href":"https:\/\/cmogroup.it\/de\/wp-json\/wp\/v2\/types\/page"}],"author":[{"embeddable":true,"href":"https:\/\/cmogroup.it\/de\/wp-json\/wp\/v2\/users\/12"}],"replies":[{"embeddable":true,"href":"https:\/\/cmogroup.it\/de\/wp-json\/wp\/v2\/comments?post=10302"}],"version-history":[{"count":3,"href":"https:\/\/cmogroup.it\/de\/wp-json\/wp\/v2\/pages\/10302\/revisions"}],"predecessor-version":[{"id":15809,"href":"https:\/\/cmogroup.it\/de\/wp-json\/wp\/v2\/pages\/10302\/revisions\/15809"}],"wp:featuredmedia":[{"embeddable":true,"href":"https:\/\/cmogroup.it\/de\/wp-json\/wp\/v2\/media\/6210"}],"wp:attachment":[{"href":"https:\/\/cmogroup.it\/de\/wp-json\/wp\/v2\/media?parent=10302"}],"curies":[{"name":"wp","href":"https:\/\/api.w.org\/{rel}","templated":true}]}}