











































































































































































































































































































































































































































































{"id":10296,"date":"2023-03-10T16:18:09","date_gmt":"2023-03-10T15:18:09","guid":{"rendered":"https:\/\/cmogroup.it\/aluminium\/"},"modified":"2025-08-29T09:27:40","modified_gmt":"2025-08-29T08:27:40","slug":"aluminium","status":"publish","type":"page","link":"https:\/\/cmogroup.it\/de\/aluminium\/","title":{"rendered":"ALUMINIUM"},"content":{"rendered":"\t\t<div data-elementor-type=\"wp-page\" data-elementor-id=\"10296\" class=\"elementor elementor-10296 elementor-5130\">\n\t\t\t\t\t\t<div class=\"elementor-inner\">\n\t\t\t\t<div class=\"elementor-section-wrap\">\n\t\t\t\t\t\t\t\t\t<section class=\"elementor-section elementor-top-section elementor-element elementor-element-d3a42a6 blacktxt elementor-section-boxed elementor-section-height-default elementor-section-height-default\" data-id=\"d3a42a6\" data-element_type=\"section\">\n\t\t\t\t\t\t<div class=\"elementor-container elementor-column-gap-default\">\n\t\t\t\t\t\t\t<div class=\"elementor-row\">\n\t\t\t\t\t<div class=\"elementor-column elementor-col-100 elementor-top-column elementor-element elementor-element-ee5f7ec\" data-id=\"ee5f7ec\" data-element_type=\"column\">\n\t\t\t<div class=\"elementor-column-wrap elementor-element-populated\">\n\t\t\t\t\t\t\t<div class=\"elementor-widget-wrap\">\n\t\t\t\t\t\t<div class=\"elementor-element elementor-element-f5ec79e elementor-widget elementor-widget-text-editor\" data-id=\"f5ec79e\" data-element_type=\"widget\" data-widget_type=\"text-editor.default\">\n\t\t\t\t<div class=\"elementor-widget-container\">\n\t\t\t\t\t\t\t\t<div class=\"elementor-text-editor elementor-clearfix\">\n\t\t\t\t<p>Aluminiumlegierungen weisen eine Reihe von vorteilhaften Eigenschaften auf, die ihren Einsatz in einer Vielzahl von Anwendungen erm\u00f6glichen.<\/p>\n<p>Aluminium ist zu 100 % recycelbar. Unser Ziel ist es, zur Verringerung der Klimaauswirkungen beizutragen, indem wir das Potenzial von Aluminium als kohlenstoffarme L\u00f6sung voll aussch\u00f6pfen.<\/p>\n\t\t\t\t\t<\/div>\n\t\t\t\t\t\t<\/div>\n\t\t\t\t<\/div>\n\t\t\t\t<div class=\"elementor-element elementor-element-902d457 elementor-widget elementor-widget-heading\" data-id=\"902d457\" data-element_type=\"widget\" data-widget_type=\"heading.default\">\n\t\t\t\t<div class=\"elementor-widget-container\">\n\t\t\t<h4 class=\"elementor-heading-title elementor-size-default\">LEGIERUNGEN<\/h4>\t\t<\/div>\n\t\t\t\t<\/div>\n\t\t\t\t<div class=\"elementor-element elementor-element-f6394e7 elementor-widget elementor-widget-text-editor\" data-id=\"f6394e7\" data-element_type=\"widget\" data-widget_type=\"text-editor.default\">\n\t\t\t\t<div class=\"elementor-widget-container\">\n\t\t\t\t\t\t\t\t<div class=\"elementor-text-editor elementor-clearfix\">\n\t\t\t\t<ul>\n<li>EN AW &#8211; AI Cu4 Si Mg ENAW2014<\/li>\n<li>EN AW &#8211; AI Cu4 Mg Si ENAW2017<\/li>\n<li>EN AW &#8211; AI Cu4 Mg1 ENAW2024<\/li>\n<li>EN AW &#8211; AI Mg3 ENAW5754<\/li>\n<li>EN AW &#8211; AI Mg Si ENAW6060<\/li>\n<li>EN AW &#8211; AI Mg1 Si Cu ENAW6061<\/li>\n<li>EN AW &#8211; AI Si1 Mg Mn ENAW6082<\/li>\n<li>EN AW &#8211; AI Zn6 Mg0,8 Zr ENAW7003<\/li>\n<li>EN AW &#8211; AI Zn4,5 Mg1 ENAW7020<\/li>\n<li>EN AW &#8211; AI Zn5,5 Mg Cu ENAW7075<\/li>\n<\/ul>\n\t\t\t\t\t<\/div>\n\t\t\t\t\t\t<\/div>\n\t\t\t\t<\/div>\n\t\t\t\t\t\t<\/div>\n\t\t\t\t\t<\/div>\n\t\t<\/div>\n\t\t\t\t\t\t\t\t<\/div>\n\t\t\t\t\t<\/div>\n\t\t<\/section>\n\t\t\t\t<section class=\"elementor-section elementor-top-section elementor-element elementor-element-597d2a9 blacktxt icon-box2 elementor-section-boxed elementor-section-height-default elementor-section-height-default\" data-id=\"597d2a9\" data-element_type=\"section\" data-settings=\"{&quot;background_background&quot;:&quot;classic&quot;}\">\n\t\t\t\t\t\t<div class=\"elementor-container elementor-column-gap-default\">\n\t\t\t\t\t\t\t<div class=\"elementor-row\">\n\t\t\t\t\t<div class=\"elementor-column elementor-col-100 elementor-top-column elementor-element elementor-element-12b0510\" data-id=\"12b0510\" data-element_type=\"column\">\n\t\t\t<div class=\"elementor-column-wrap elementor-element-populated\">\n\t\t\t\t\t\t\t<div class=\"elementor-widget-wrap\">\n\t\t\t\t\t\t<div class=\"elementor-element elementor-element-8f0c738 txt4 elementor-widget elementor-widget-heading\" data-id=\"8f0c738\" data-element_type=\"widget\" data-settings=\"{&quot;motion_fx_motion_fx_scrolling&quot;:&quot;yes&quot;,&quot;motion_fx_translateX_effect&quot;:&quot;yes&quot;,&quot;motion_fx_translateX_speed&quot;:{&quot;unit&quot;:&quot;px&quot;,&quot;size&quot;:2,&quot;sizes&quot;:[]},&quot;motion_fx_devices&quot;:[&quot;desktop&quot;],&quot;motion_fx_translateX_affectedRange&quot;:{&quot;unit&quot;:&quot;%&quot;,&quot;size&quot;:&quot;&quot;,&quot;sizes&quot;:{&quot;start&quot;:0,&quot;end&quot;:100}}}\" data-widget_type=\"heading.default\">\n\t\t\t\t<div class=\"elementor-widget-container\">\n\t\t\t<h2 class=\"elementor-heading-title elementor-size-default\">EIGENSCHAFTEN\/MERKMALE<\/h2>\t\t<\/div>\n\t\t\t\t<\/div>\n\t\t\t\t<div class=\"elementor-element elementor-element-24852d7 elementor-widget elementor-widget-text-editor\" data-id=\"24852d7\" data-element_type=\"widget\" data-widget_type=\"text-editor.default\">\n\t\t\t\t<div class=\"elementor-widget-container\">\n\t\t\t\t\t\t\t\t<div class=\"elementor-text-editor elementor-clearfix\">\n\t\t\t\t<p>Hier sind die wichtigsten Merkmale von Aluminiumschmiedest\u00fccken:<\/p>\t\t\t\t\t<\/div>\n\t\t\t\t\t\t<\/div>\n\t\t\t\t<\/div>\n\t\t\t\t<section class=\"elementor-section elementor-inner-section elementor-element elementor-element-567e8ff pad  elementor-section-boxed elementor-section-height-default elementor-section-height-default\" data-id=\"567e8ff\" data-element_type=\"section\">\n\t\t\t\t\t\t<div class=\"elementor-container elementor-column-gap-default\">\n\t\t\t\t\t\t\t<div class=\"elementor-row\">\n\t\t\t\t\t<div class=\"elementor-column elementor-col-50 elementor-inner-column elementor-element elementor-element-a2bcf7a\" data-id=\"a2bcf7a\" data-element_type=\"column\">\n\t\t\t<div class=\"elementor-column-wrap elementor-element-populated\">\n\t\t\t\t\t\t\t<div class=\"elementor-widget-wrap\">\n\t\t\t\t\t\t<div class=\"elementor-element elementor-element-982cb0d elementor-position-left elementor-vertical-align-top elementor-widget elementor-widget-image-box\" data-id=\"982cb0d\" data-element_type=\"widget\" data-widget_type=\"image-box.default\">\n\t\t\t\t<div class=\"elementor-widget-container\">\n\t\t\t<div class=\"elementor-image-box-wrapper\"><figure class=\"elementor-image-box-img\"><img decoding=\"async\" width=\"77\" height=\"58\" src=\"https:\/\/cmogroup.it\/wp-content\/uploads\/2025\/08\/light-1.png\" class=\"attachment-full size-full wp-image-13487\" alt=\"\" \/><\/figure><div class=\"elementor-image-box-content\"><h6 class=\"elementor-image-box-title\">LEICHTGEWICHTIG<\/h6><p class=\"elementor-image-box-description\">Aluminium ist nur ein Drittel so schwer wie Stahl.<\/p><\/div><\/div>\t\t<\/div>\n\t\t\t\t<\/div>\n\t\t\t\t<div class=\"elementor-element elementor-element-972dd75 elementor-position-left elementor-vertical-align-top elementor-widget elementor-widget-image-box\" data-id=\"972dd75\" data-element_type=\"widget\" data-widget_type=\"image-box.default\">\n\t\t\t\t<div class=\"elementor-widget-container\">\n\t\t\t<div class=\"elementor-image-box-wrapper\"><figure class=\"elementor-image-box-img\"><img decoding=\"async\" width=\"65\" height=\"66\" src=\"https:\/\/cmogroup.it\/wp-content\/uploads\/2025\/08\/Group-1-1.png\" class=\"attachment-full size-full wp-image-13491\" alt=\"\" \/><\/figure><div class=\"elementor-image-box-content\"><h6 class=\"elementor-image-box-title\">VIELSEITIGKEIT<\/h6><p class=\"elementor-image-box-description\">Aufgrund der verschiedenen W\u00e4rmebehandlungen und der unterschiedlichen Legierungsm\u00f6glichkeiten k\u00f6nnen die Legierungen an eine Vielzahl von Anforderungen angepasst werden.<\/p><\/div><\/div>\t\t<\/div>\n\t\t\t\t<\/div>\n\t\t\t\t<div class=\"elementor-element elementor-element-51756cb elementor-position-left elementor-vertical-align-top elementor-widget elementor-widget-image-box\" data-id=\"51756cb\" data-element_type=\"widget\" data-widget_type=\"image-box.default\">\n\t\t\t\t<div class=\"elementor-widget-container\">\n\t\t\t<div class=\"elementor-image-box-wrapper\"><figure class=\"elementor-image-box-img\"><img decoding=\"async\" width=\"66\" height=\"66\" src=\"https:\/\/cmogroup.it\/wp-content\/uploads\/2025\/08\/workability-1.png\" class=\"attachment-full size-full wp-image-13495\" alt=\"\" \/><\/figure><div class=\"elementor-image-box-content\"><h6 class=\"elementor-image-box-title\">ARBEITSF\u00c4HIGKEIT<\/h6><p class=\"elementor-image-box-description\">Dieses gut zerspanbare Metall l\u00e4sst sich sehr gut verarbeiten.<\/p><\/div><\/div>\t\t<\/div>\n\t\t\t\t<\/div>\n\t\t\t\t<div class=\"elementor-element elementor-element-7d9c437 elementor-position-left elementor-vertical-align-top elementor-widget elementor-widget-image-box\" data-id=\"7d9c437\" data-element_type=\"widget\" data-widget_type=\"image-box.default\">\n\t\t\t\t<div class=\"elementor-widget-container\">\n\t\t\t<div class=\"elementor-image-box-wrapper\"><figure class=\"elementor-image-box-img\"><img decoding=\"async\" width=\"77\" height=\"58\" src=\"https:\/\/cmogroup.it\/wp-content\/uploads\/2025\/08\/light-1.png\" class=\"attachment-full size-full wp-image-13487\" alt=\"\" \/><\/figure><div class=\"elementor-image-box-content\"><h6 class=\"elementor-image-box-title\">HERVORRAGENDE ELEKTRISCHE LEITF\u00c4HIGKEIT<\/h6><p class=\"elementor-image-box-description\">Aluminium leitet bei gleichen Kosten und gleichem Gewicht viel mehr W\u00e4rme als jedes andere Metall, und seine elektrische Leitf\u00e4higkeit ist etwa doppelt so hoch wie die von Kupfer.<\/p><\/div><\/div>\t\t<\/div>\n\t\t\t\t<\/div>\n\t\t\t\t\t\t<\/div>\n\t\t\t\t\t<\/div>\n\t\t<\/div>\n\t\t\t\t<div class=\"elementor-column elementor-col-50 elementor-inner-column elementor-element elementor-element-410e0ed\" data-id=\"410e0ed\" data-element_type=\"column\">\n\t\t\t<div class=\"elementor-column-wrap elementor-element-populated\">\n\t\t\t\t\t\t\t<div class=\"elementor-widget-wrap\">\n\t\t\t\t\t\t<div class=\"elementor-element elementor-element-e7a3c3b elementor-position-left elementor-vertical-align-top elementor-widget elementor-widget-image-box\" data-id=\"e7a3c3b\" data-element_type=\"widget\" data-widget_type=\"image-box.default\">\n\t\t\t\t<div class=\"elementor-widget-container\">\n\t\t\t<div class=\"elementor-image-box-wrapper\"><figure class=\"elementor-image-box-img\"><img decoding=\"async\" width=\"63\" height=\"63\" src=\"https:\/\/cmogroup.it\/wp-content\/uploads\/2025\/08\/durability-1.png\" class=\"attachment-full size-full wp-image-13499\" alt=\"\" \/><\/figure><div class=\"elementor-image-box-content\"><h6 class=\"elementor-image-box-title\">BEST\u00c4NDIGKEIT<\/h6><p class=\"elementor-image-box-description\">Best\u00e4ndigkeit gegen atmosph\u00e4rische Korrosion.<\/p><\/div><\/div>\t\t<\/div>\n\t\t\t\t<\/div>\n\t\t\t\t<div class=\"elementor-element elementor-element-51d441e elementor-position-left elementor-vertical-align-top elementor-widget elementor-widget-image-box\" data-id=\"51d441e\" data-element_type=\"widget\" data-widget_type=\"image-box.default\">\n\t\t\t\t<div class=\"elementor-widget-container\">\n\t\t\t<div class=\"elementor-image-box-wrapper\"><figure class=\"elementor-image-box-img\"><img decoding=\"async\" width=\"69\" height=\"66\" src=\"https:\/\/cmogroup.it\/wp-content\/uploads\/2025\/08\/mechan-1.png\" class=\"attachment-full size-full wp-image-13503\" alt=\"\" \/><\/figure><div class=\"elementor-image-box-content\"><h6 class=\"elementor-image-box-title\">MITTLERE\/HOHE MECHANISCHE EIGENSCHAFTEN<\/h6><p class=\"elementor-image-box-description\">Aluminiumlegierungen k\u00f6nnen eine mechanische Festigkeit von bis zu 560 MPa erreichen. Die Streckgrenze der st\u00e4rksten Legierungen liegt bei etwa 85 % ihrer Bruchfestigkeit.<\/p><\/div><\/div>\t\t<\/div>\n\t\t\t\t<\/div>\n\t\t\t\t<div class=\"elementor-element elementor-element-25a1432 elementor-position-left elementor-vertical-align-top elementor-widget elementor-widget-image-box\" data-id=\"25a1432\" data-element_type=\"widget\" data-widget_type=\"image-box.default\">\n\t\t\t\t<div class=\"elementor-widget-container\">\n\t\t\t<div class=\"elementor-image-box-wrapper\"><figure class=\"elementor-image-box-img\"><img decoding=\"async\" width=\"63\" height=\"53\" src=\"https:\/\/cmogroup.it\/wp-content\/uploads\/2025\/08\/weight-1.png\" class=\"attachment-full size-full wp-image-13507\" alt=\"\" \/><\/figure><div class=\"elementor-image-box-content\"><h6 class=\"elementor-image-box-title\">SPEZIFISCHES GEWICHT<\/h6><p class=\"elementor-image-box-description\">Das spezifische Gewicht betr\u00e4gt etwa 2,7 kg\/dm3.<\/p><\/div><\/div>\t\t<\/div>\n\t\t\t\t<\/div>\n\t\t\t\t<div class=\"elementor-element elementor-element-b060eb8 elementor-position-left elementor-vertical-align-top elementor-widget elementor-widget-image-box\" data-id=\"b060eb8\" data-element_type=\"widget\" data-widget_type=\"image-box.default\">\n\t\t\t\t<div class=\"elementor-widget-container\">\n\t\t\t<div class=\"elementor-image-box-wrapper\"><figure class=\"elementor-image-box-img\"><img decoding=\"async\" width=\"86\" height=\"62\" src=\"https:\/\/cmogroup.it\/wp-content\/uploads\/2025\/08\/braze.png\" class=\"attachment-full size-full wp-image-13511\" alt=\"\" \/><\/figure><div class=\"elementor-image-box-content\"><h6 class=\"elementor-image-box-title\">MONTAGEFREUNDLICHKEIT<\/h6><p class=\"elementor-image-box-description\">Aluminiumlegierungen k\u00f6nnen mit Keenserts, Schrauben usw. zusammengef\u00fcgt werden, und es ist auch m\u00f6glich, strukturelle Baugruppen zu bilden. Es sind auch schmelzschwei\u00dfbare und l\u00f6tbare Legierungen erh\u00e4ltlich.<\/p><\/div><\/div>\t\t<\/div>\n\t\t\t\t<\/div>\n\t\t\t\t\t\t<\/div>\n\t\t\t\t\t<\/div>\n\t\t<\/div>\n\t\t\t\t\t\t\t\t<\/div>\n\t\t\t\t\t<\/div>\n\t\t<\/section>\n\t\t\t\t\t\t<\/div>\n\t\t\t\t\t<\/div>\n\t\t<\/div>\n\t\t\t\t\t\t\t\t<\/div>\n\t\t\t\t\t<\/div>\n\t\t<\/section>\n\t\t\t\t<section class=\"elementor-section elementor-top-section elementor-element elementor-element-cff45af elementor-section-boxed elementor-section-height-default elementor-section-height-default\" data-id=\"cff45af\" data-element_type=\"section\">\n\t\t\t\t\t\t<div class=\"elementor-container elementor-column-gap-default\">\n\t\t\t\t\t\t\t<div class=\"elementor-row\">\n\t\t\t\t\t<div class=\"elementor-column elementor-col-100 elementor-top-column elementor-element elementor-element-6f2d5d8\" data-id=\"6f2d5d8\" data-element_type=\"column\">\n\t\t\t<div class=\"elementor-column-wrap elementor-element-populated\">\n\t\t\t\t\t\t\t<div class=\"elementor-widget-wrap\">\n\t\t\t\t\t\t<div class=\"elementor-element elementor-element-d73ecce blacktxt txt4 elementor-widget elementor-widget-heading\" data-id=\"d73ecce\" data-element_type=\"widget\" data-widget_type=\"heading.default\">\n\t\t\t\t<div class=\"elementor-widget-container\">\n\t\t\t<h4 class=\"elementor-heading-title elementor-size-default\">ANWENDUNGSBEREICHE<\/h4>\t\t<\/div>\n\t\t\t\t<\/div>\n\t\t\t\t<div class=\"elementor-element elementor-element-43f0eff elementor-widget elementor-widget-text-editor\" data-id=\"43f0eff\" data-element_type=\"widget\" data-widget_type=\"text-editor.default\">\n\t\t\t\t<div class=\"elementor-widget-container\">\n\t\t\t\t\t\t\t\t<div class=\"elementor-text-editor elementor-clearfix\">\n\t\t\t\t<ul><li>EISENBAHNINDUSTRIE &#8211; HOCHGESCHWINDIGKEIT<\/li><li>VERTEIDIGUNG<\/li><li>SCHIFFFAHRT<\/li><li>WASSERSTOFFVENTILE<\/li><li>ELEKTROFAHRZEUGE<\/li><li>VENTILE<\/li><li>MEDIZINISCHE ANWENDUNG<\/li><li>\u00d6L UND GAS<\/li><li>CHEMIE<\/li><li>SPORT<\/li><li>NIEDER- UND MITTELSPANNUNG<\/li><li>HOCHSPANNUNG<\/li><\/ul>\t\t\t\t\t<\/div>\n\t\t\t\t\t\t<\/div>\n\t\t\t\t<\/div>\n\t\t\t\t\t\t<\/div>\n\t\t\t\t\t<\/div>\n\t\t<\/div>\n\t\t\t\t\t\t\t\t<\/div>\n\t\t\t\t\t<\/div>\n\t\t<\/section>\n\t\t\t\t\t\t\t\t\t<\/div>\n\t\t\t<\/div>\n\t\t\t\t\t<\/div>\n\t\t","protected":false},"excerpt":{"rendered":"<p>Aluminiumlegierungen weisen eine Reihe von vorteilhaften Eigenschaften auf, die ihren Einsatz in einer Vielzahl von Anwendungen erm\u00f6glichen. Aluminium ist zu 100 % recycelbar. Unser Ziel ist es, zur Verringerung der Klimaauswirkungen beizutragen, indem wir das Potenzial von Aluminium als kohlenstoffarme L\u00f6sung voll aussch\u00f6pfen. LEGIERUNGEN EN AW &#8211; AI Cu4 Si Mg ENAW2014 EN AW &#8211; [&hellip;]<\/p>\n","protected":false},"author":12,"featured_media":6150,"parent":0,"menu_order":0,"comment_status":"closed","ping_status":"closed","template":"","meta":{"footnotes":""},"class_list":["post-10296","page","type-page","status-publish","has-post-thumbnail","hentry"],"acf":[],"_links":{"self":[{"href":"https:\/\/cmogroup.it\/de\/wp-json\/wp\/v2\/pages\/10296","targetHints":{"allow":["GET"]}}],"collection":[{"href":"https:\/\/cmogroup.it\/de\/wp-json\/wp\/v2\/pages"}],"about":[{"href":"https:\/\/cmogroup.it\/de\/wp-json\/wp\/v2\/types\/page"}],"author":[{"embeddable":true,"href":"https:\/\/cmogroup.it\/de\/wp-json\/wp\/v2\/users\/12"}],"replies":[{"embeddable":true,"href":"https:\/\/cmogroup.it\/de\/wp-json\/wp\/v2\/comments?post=10296"}],"version-history":[{"count":3,"href":"https:\/\/cmogroup.it\/de\/wp-json\/wp\/v2\/pages\/10296\/revisions"}],"predecessor-version":[{"id":15688,"href":"https:\/\/cmogroup.it\/de\/wp-json\/wp\/v2\/pages\/10296\/revisions\/15688"}],"wp:featuredmedia":[{"embeddable":true,"href":"https:\/\/cmogroup.it\/de\/wp-json\/wp\/v2\/media\/6150"}],"wp:attachment":[{"href":"https:\/\/cmogroup.it\/de\/wp-json\/wp\/v2\/media?parent=10296"}],"curies":[{"name":"wp","href":"https:\/\/api.w.org\/{rel}","templated":true}]}}