











































































































































































































































































































































































































































































{"id":10251,"date":"2023-02-21T11:44:59","date_gmt":"2023-02-21T10:44:59","guid":{"rendered":"https:\/\/cmogroup.it\/cmo-gruppe\/"},"modified":"2025-10-16T17:17:43","modified_gmt":"2025-10-16T16:17:43","slug":"cmo-gruppe","status":"publish","type":"page","link":"https:\/\/cmogroup.it\/de\/cmo-gruppe\/","title":{"rendered":"CMO-Gruppe"},"content":{"rendered":"\t\t<div data-elementor-type=\"wp-page\" data-elementor-id=\"10251\" class=\"elementor elementor-10251 elementor-3008\">\n\t\t\t\t\t\t<div class=\"elementor-inner\">\n\t\t\t\t<div class=\"elementor-section-wrap\">\n\t\t\t\t\t\t\t\t\t<section class=\"elementor-section elementor-top-section elementor-element elementor-element-b2cfc3c grad3 elementor-section-boxed elementor-section-height-default elementor-section-height-default\" data-id=\"b2cfc3c\" data-element_type=\"section\">\n\t\t\t\t\t\t<div class=\"elementor-container elementor-column-gap-default\">\n\t\t\t\t\t\t\t<div class=\"elementor-row\">\n\t\t\t\t\t<div class=\"elementor-column elementor-col-100 elementor-top-column elementor-element elementor-element-2d96fe4\" data-id=\"2d96fe4\" data-element_type=\"column\">\n\t\t\t<div class=\"elementor-column-wrap elementor-element-populated\">\n\t\t\t\t\t\t\t<div class=\"elementor-widget-wrap\">\n\t\t\t\t\t\t<div class=\"elementor-element elementor-element-43c2d19 elementor-widget elementor-widget-text-editor\" data-id=\"43c2d19\" data-element_type=\"widget\" data-widget_type=\"text-editor.default\">\n\t\t\t\t<div class=\"elementor-widget-container\">\n\t\t\t\t\t\t\t\t<div class=\"elementor-text-editor elementor-clearfix\">\n\t\t\t\t<p>Die Gruppe verfolgt einen ma\u00dfgeschneiderten Ansatz mit f\u00fcnf Produktionsst\u00e4tten, die jeweils mit fortschrittlichen Technologien zur Herstellung von Kupfer- und Aluminiumkomponenten f\u00fcr den Elektroger\u00e4tesektor ausgestattet sind.<\/p>\t\t\t\t\t<\/div>\n\t\t\t\t\t\t<\/div>\n\t\t\t\t<\/div>\n\t\t\t\t\t\t<\/div>\n\t\t\t\t\t<\/div>\n\t\t<\/div>\n\t\t\t\t\t\t\t\t<\/div>\n\t\t\t\t\t<\/div>\n\t\t<\/section>\n\t\t\t\t<section class=\"elementor-section elementor-top-section elementor-element elementor-element-6757967 elementor-section-height-min-height elementor-hidden-desktop elementor-section-boxed elementor-section-height-default elementor-section-items-middle\" data-id=\"6757967\" data-element_type=\"section\" data-settings=\"{&quot;background_background&quot;:&quot;classic&quot;}\">\n\t\t\t\t\t\t\t<div class=\"elementor-background-overlay\"><\/div>\n\t\t\t\t\t\t\t<div class=\"elementor-container elementor-column-gap-default\">\n\t\t\t\t\t\t\t<div class=\"elementor-row\">\n\t\t\t\t\t<div class=\"elementor-column elementor-col-100 elementor-top-column elementor-element elementor-element-f7a94db\" data-id=\"f7a94db\" data-element_type=\"column\">\n\t\t\t<div class=\"elementor-column-wrap\">\n\t\t\t\t\t\t\t<div class=\"elementor-widget-wrap\">\n\t\t\t\t\t\t\t\t<\/div>\n\t\t\t\t\t<\/div>\n\t\t<\/div>\n\t\t\t\t\t\t\t\t<\/div>\n\t\t\t\t\t<\/div>\n\t\t<\/section>\n\t\t\t\t<section data-dce-background-image-url=\"https:\/\/cmogroup.it\/wp-content\/uploads\/2025\/08\/cmo-map1-1.png\" class=\"elementor-section elementor-top-section elementor-element elementor-element-e50f529 elementor-section-height-min-height elementor-section-items-stretch elementor-reverse-tablet elementor-reverse-mobile grad3 lev-1 elementor-section-boxed elementor-section-height-default\" data-id=\"e50f529\" data-element_type=\"section\" data-settings=\"{&quot;background_background&quot;:&quot;classic&quot;}\">\n\t\t\t\t\t\t\t<div class=\"elementor-background-overlay\"><\/div>\n\t\t\t\t\t\t\t<div class=\"elementor-container elementor-column-gap-default\">\n\t\t\t\t\t\t\t<div class=\"elementor-row\">\n\t\t\t\t\t<div class=\"elementor-column elementor-col-33 elementor-top-column elementor-element elementor-element-c9af424 elementor-hidden-tablet elementor-hidden-mobile\" data-id=\"c9af424\" data-element_type=\"column\">\n\t\t\t<div class=\"elementor-column-wrap\">\n\t\t\t\t\t\t\t<div class=\"elementor-widget-wrap\">\n\t\t\t\t\t\t\t\t<\/div>\n\t\t\t\t\t<\/div>\n\t\t<\/div>\n\t\t\t\t<div class=\"elementor-column elementor-col-33 elementor-top-column elementor-element elementor-element-cdb881c norad\" data-id=\"cdb881c\" data-element_type=\"column\">\n\t\t\t<div class=\"elementor-column-wrap elementor-element-populated\">\n\t\t\t\t\t\t\t<div class=\"elementor-widget-wrap\">\n\t\t\t\t\t\t<div class=\"elementor-element elementor-element-f3e46b8 norad elementor-widget elementor-widget-ucaddon_content_slider_new\" data-id=\"f3e46b8\" data-element_type=\"widget\" data-widget_type=\"ucaddon_content_slider_new.default\">\n\t\t\t\t<div class=\"elementor-widget-container\">\n\t\t\t\n<!-- start Content Slider -->\n\t\t<link id='font-awesome-css' href='https:\/\/cmogroup.it\/wp-content\/plugins\/unlimited-elements-for-elementor-premium\/assets_libraries\/font-awesome6\/fontawesome-all.min.css' type='text\/css' rel='stylesheet' >\n\t\t<link id='font-awesome-4-shim-css' href='https:\/\/cmogroup.it\/wp-content\/plugins\/unlimited-elements-for-elementor-premium\/assets_libraries\/font-awesome6\/fontawesome-v4-shims.min.css' type='text\/css' rel='stylesheet' >\n\t\t<link id='owl-carousel-css' href='https:\/\/cmogroup.it\/wp-content\/plugins\/unlimited-elements-for-elementor-premium\/assets_libraries\/owl-carousel-new\/assets\/owl.carousel.css' type='text\/css' rel='stylesheet' >\n\t\t<link id='fancybox-css' href='https:\/\/cmogroup.it\/wp-content\/plugins\/unlimited-elements-for-elementor-premium\/assets_libraries\/fancybox3\/jquery.fancybox.min.css' type='text\/css' rel='stylesheet' >\n\t\t<link id='uc_ac_assets_file_animate_css_77907-css' href='https:\/\/cmogroup.it\/wp-content\/uploads\/ac_assets\/uc_content_slider_new\/animate.css' type='text\/css' rel='stylesheet' >\n\n<style>\/* widget: Content Slider *\/\n\n#uc_content_slider_new_elementor_f3e46b8-wrapper\n{\n  min-height:1px;\n}\n#uc_content_slider_new_elementor_f3e46b8 .uc_fbps_slide\n{\n  position:relative;\n  overflow:hidden;\n  display:flex;\n  \n}\n\n#uc_content_slider_new_elementor_f3e46b8 .owl-carousel .animated   {\n-webkit-animation-duration: 1000ms;\nanimation-duration: 1000ms;\n}\n\n#uc_content_slider_new_elementor_f3e46b8 .uc_fbps_container_image img\n{\n  display:inline-block;\n}\n\n#uc_content_slider_new_elementor_f3e46b8 .uc_fbps_content\n{\n  position:relative;\n}\n\n.uc_fbps_container_title\n{\n  font-size:21px;\n}\n\n#uc_content_slider_new_elementor_f3e46b8 .ue-btn {\n\ttext-decoration:none;\n\ttransition: all 0.5s ease;\n    text-align:center;\n}\n\n#uc_content_slider_new_elementor_f3e46b8 .ue-item-overlay\n{\n  position:absolute;\n  top:0px;\n  left:0px;\n  right:0px;\n  bottom:0px;\n}\n\n#uc_content_slider_new_elementor_f3e46b8 .ue-item-image\n{\n  background-repeat:no-repeat;\n  position:absolute;\n  top:0px;\n  left:0px;\n  right:0px;\n  bottom:0px;\n}\n\n#uc_content_slider_new_elementor_f3e46b8 .owl-dots {\noverflow:hidden;\ntext-align:center;\nposition:relative;\nz-index:2;\n}\n\n#uc_content_slider_new_elementor_f3e46b8 .owl-dot {\nborder-radius:50%;\ndisplay:inline-block;\n}\n\n#uc_content_slider_new_elementor_f3e46b8 .owl-nav .owl-prev{\n    position:absolute;\n    display:inline-block;\n    text-align:center;\n}\n#uc_content_slider_new_elementor_f3e46b8 .owl-nav .owl-next{\n  position:absolute;\n  display:inline-block;\n  text-align:center;\n}\n\n#uc_content_slider_new_elementor_f3e46b8 .owl-nav .disabled\n{\n    display: none;  \n}\n\n\n#uc_content_slider_new_elementor_f3e46b8 .ue-item-icon\n{\n  line-height:1em;\n  display:inline-flex;\n  justify-content:center;\n  align-items:center;\n  \n}\n\n#uc_content_slider_new_elementor_f3e46b8 .ue-item-icon svg\n{\n  height:1em;\n  width:1em;\n}\n\n\t\n\n\n\n\n\n\n\t\n\n\n#uc_content_slider_new_elementor_f3e46b8 .uc-active-item .uc_fbps_content\n{\n  animation: fade-in-left 1s ease;\n  animation-fill-mode: forwards;\n  animation-delay: 1s;\n  opacity:0;\n}\n\n\n\n@keyframes fade-in-left {\n  0% {\n    -webkit-transform: translateX(-50px);\n            transform: translateX(-50px);\n    opacity: 0;\n  }\n  100% {\n    -webkit-transform: translateX(0);\n            transform: translateX(0);\n    opacity: 1;\n  }\n}\n\n@keyframes fade-in-right {\n  0% {\n    -webkit-transform: translateX(50px);\n            transform: translateX(50px);\n    opacity: 0;\n  }\n  100% {\n    -webkit-transform: translateX(0);\n            transform: translateX(0);\n    opacity: 1;\n  }\n}\n\n@keyframes fade-in-bottom {\n  0% {\n    -webkit-transform: translateY(50px);\n            transform: translateY(50px);\n    opacity: 0;\n  }\n  100% {\n    -webkit-transform: translateY(0);\n            transform: translateY(0);\n    opacity: 1;\n  }\n}\n\n@keyframes fade-in-top {\n  0% {\n    -webkit-transform: translateY(-50px);\n            transform: translateY(-50px);\n    opacity: 0;\n  }\n  100% {\n    -webkit-transform: translateY(0);\n            transform: translateY(0);\n    opacity: 1;\n  }\n}\n\n\n\n<\/style>\n\n<div id=\"uc_content_slider_new_elementor_f3e46b8-wrapper\">\n<div class=\"uc_fixed_box_postslider\" id=\"uc_content_slider_new_elementor_f3e46b8\" style=\"direction:ltr;\">\n        <div class=\"uc_fbps_container\">\n            <div id=\"slider-uc_content_slider_new_elementor_f3e46b8\" class=\"owl-carousel uc-items-wrapper  uc-remote-parent \"  data-remoteid='auto' data-widgetname='Content Slider'  data-lightbox=\"false\">\n            \t<div class=\"uc_fbps_slide elementor-repeater-item-b07f863\" >\n  <div style=\"background-image:url(https:\/\/cmogroup.it\/wp-content\/uploads\/2023\/02\/cmo-cesano-768x402.jpg);\" class=\"ue-item-image\"><\/div>\n  \n    \t<div class=\"ue-item-overlay\"><\/div>\n      \n        <div class=\"uc_fbps_content \">\n        \n                <div class=\"uc_fbps_container_title\">CMO<\/div>\n        \n                <div class=\"uc_fbps_container_desc\"><strong>Fr\u00e4sen, Drehen, Stanzen und Biegen, L\u00f6tschwei\u00dfen, Wasserstrahl- und Laserschneiden, Beschichten, Montieren.<\/strong><br><br>\n\n<b>Telefon<\/b>: <a href=\"tel:00390362645901\" class=\"nero\">+39 0362 64 59 01<\/a><br>\n\n<b>E-mail<\/b>: <a href=\"mailto:info@cmogroup.it\">info@cmogroup.it<\/a>\n<br><br>\n<b>Adresse<\/b>:<br>Via dei Mille, 1<br> 20811 Cesano Maderno (MB)<br>ITALIEN<br>\n<br>Via delle Orobie, 159<br> 24059 Urgnano (BG) <br>ITALIEN\n<br><br>\n<u><a href=\"https:\/\/goo.gl\/maps\/Vrh3x3mWEhVFMPG17\" target=\"_blank\">Karte ansehen<\/a><\/u><\/div>\n        \n                                <div class=\"ue-btn-wrap\"><a href=\"\" class=\"uc_fbps_cta ue-btn \">Mehr entdecken<\/a><\/div>  \n          \t\n              <\/div>\n        \n    \n        \n    \n    \n \n<\/div>\n<div class=\"uc_fbps_slide elementor-repeater-item-4c952b6\" >\n  <div style=\"background-image:url(https:\/\/cmogroup.it\/wp-content\/uploads\/2023\/04\/maspero-azienda-768x576.jpg);\" class=\"ue-item-image\"><\/div>\n  \n    \t<div class=\"ue-item-overlay\"><\/div>\n      \n        <div class=\"uc_fbps_content \">\n        \n                <div class=\"uc_fbps_container_title\">MASPEROTECH<\/div>\n        \n                <div class=\"uc_fbps_container_desc\">SCHMIEDEL\u00d6SUNGEN<br><br>\r\n\r\n<b>Telefon<\/b>: <a href=\"tel:00390362645901\" class=\"nero\">+39 0362 64 59 01<\/a><br>\r\n<b>Fax<\/b>: +39 0362 64 59 49<br>\r\n<b>E-mail<\/b>: <a href=\"mailto:info@cmogroup.it\">info@cmogroup.it<\/a>\r\n<br><br>\r\n<b>Adresse<\/b>:<br>Via Ercolano, 2<br> 20900 - Monza (MB)<br>ITALIEN\r\n<br><br>\r\n<u><a href=\"https:\/\/goo.gl\/maps\/wpCzAiT7vThnb62W7\" target=\"_blank\">Karte ansehen<\/a><\/u><\/div>\n        \n                                <div class=\"ue-btn-wrap\"><a href=\"https:\/\/www.maspero.it\/\" class=\"uc_fbps_cta ue-btn \">Mehr entdecken<\/a><\/div>  \n          \t\n              <\/div>\n        \n    \n        \n    \n    \n \n<\/div>\n<div class=\"uc_fbps_slide elementor-repeater-item-e8196f7\" >\n  <div style=\"background-image:url(https:\/\/cmogroup.it\/wp-content\/uploads\/2023\/04\/tunitek-azienda-cmo-group-768x516.jpg);\" class=\"ue-item-image\"><\/div>\n  \n    \t<div class=\"ue-item-overlay\"><\/div>\n      \n        <div class=\"uc_fbps_content \">\n        \n                <div class=\"uc_fbps_container_title\">Tunitek<\/div>\n        \n                <div class=\"uc_fbps_container_desc\">MONTAGE, TESTS UND BEARBEITUNG<br><br>\r\n\r\n<b>Telefon<\/b>: <a href=\"tel:00390362645901\" class=\"nero\">+39 0362 64 59 01<\/a><br>\r\n<b>Fax<\/b>: +39 0362 64 59 49<br>\r\n<b>E-mail<\/b>: <a href=\"mailto:info@cmogroup.it\">info@cmogroup.it<\/a>\r\n<br><br>\r\n<b>Adresse<\/b>:<br>Lot 7 Bis El Agba<br>Tunis\r\n<br><br>\r\n<u><a href=\"https:\/\/goo.gl\/maps\/PFebSKVrGcjAh88T7\" target=\"_blank\">Karte ansehen<\/a><\/u><\/div>\n        \n                                <div class=\"ue-btn-wrap\"><a href=\"https:\/\/www.tunitek.com%20\" class=\"uc_fbps_cta ue-btn \">Mehr entdecken<\/a><\/div>  \n          \t\n              <\/div>\n        \n    \n        \n    \n    \n \n<\/div>\n<div class=\"uc_fbps_slide elementor-repeater-item-4f5d8d4\" >\n  <div style=\"background-image:url(https:\/\/cmogroup.it\/wp-content\/uploads\/2025\/02\/tecnofluid-bkg-768x604.webp);\" class=\"ue-item-image\"><\/div>\n  \n    \t<div class=\"ue-item-overlay\"><\/div>\n      \n        <div class=\"uc_fbps_content \">\n        \n                <div class=\"uc_fbps_container_title\">A&T Fluid Solutions Srl<\/div>\n        \n                <div class=\"uc_fbps_container_desc\">Designing & manufacturing of standard and customized solutions in the pneumatic and hydraulic automation industrial fields.<br><br>\n\n<b>Telefon<\/b>: <a href=\"tel:+39 0362 645951\" class=\"nero\">+39 0362 645951<\/a><br>\n<b>Fax<\/b>: +39 0362 645949<br>\n<b>E-mail<\/b>: <a href=\"mailto:info@at-fluidsolutions.com\">info@at-fluidsolutions.com<\/a>\n<br><br>\n<b>Adresse<\/b>:<br>Via Piemonte, 3\/5<br> 20841 Carate Brianza (MB)<br>ITALIEN\n<br><br>\n<u><a href=\"https:\/\/goo.gl\/maps\/aRao4pXCCe5tUeMb9\" target=\"_blank\">Karte ansehen<\/a><\/u><\/div>\n        \n                                <div class=\"ue-btn-wrap\"><a href=\"https:\/\/at-fluidsolutions.it\/\" class=\"uc_fbps_cta ue-btn \">Mehr entdecken<\/a><\/div>  \n          \t\n              <\/div>\n        \n    \n        \n    \n    \n \n<\/div>\n\n            <\/div>\n        <\/div>\n<\/div>\n<\/div>\n<!-- end Content Slider -->\t\t<\/div>\n\t\t\t\t<\/div>\n\t\t\t\t\t\t<\/div>\n\t\t\t\t\t<\/div>\n\t\t<\/div>\n\t\t\t\t<div class=\"elementor-column elementor-col-33 elementor-top-column elementor-element elementor-element-65e12f6\" data-id=\"65e12f6\" data-element_type=\"column\">\n\t\t\t<div class=\"elementor-column-wrap elementor-element-populated\">\n\t\t\t\t\t\t\t<div class=\"elementor-widget-wrap\">\n\t\t\t\t\t\t<div class=\"elementor-element elementor-element-0e3dcaf elementor-widget elementor-widget-ucaddon_remote_tabs\" data-id=\"0e3dcaf\" data-element_type=\"widget\" data-widget_type=\"ucaddon_remote_tabs.default\">\n\t\t\t\t<div class=\"elementor-widget-container\">\n\t\t\t\n<!-- start Remote Tabs -->\n<style>\/* widget: Remote Tabs *\/\n\n#uc_remote_tabs_elementor_0e3dcaf\n{\n  display:flex;\n  flex-wrap: wrap;\n}\n\n#uc_remote_tabs_elementor_0e3dcaf .ue-item\n{\n  transition:0.3s;\n  display:flex;\n  position:relative;\n}\n\n#uc_remote_tabs_elementor_0e3dcaf .ue-item:hover\n{\n  cursor:pointer;\n}\n\n\n#uc_remote_tabs_elementor_0e3dcaf .ue-item-icon\n{\n  display:inline-flex;\n  align-items:center;\n  justify-content:center;\n  flex-grow:0;\n  flex-shrink:0;\n}\n\n.ue-remote-tabs .ue-item-title\n{\n  font-size:18px;\n}\n\n#uc_remote_tabs_elementor_0e3dcaf .ue-item-icon\n{\n  line-height:1em;\n}\n\n#uc_remote_tabs_elementor_0e3dcaf .ue-item-icon svg\n{\n  height:1em;\n  width:1em;\n}\n\n#uc_remote_tabs_elementor_0e3dcaf .ue-item .ue-item-label\n{\n  position:absolute;\n  display:flex;\n  justify-content:center;\n  align-items:center;\n  transition:0.3s;\n}\n\n#uc_remote_tabs_elementor_0e3dcaf .ue-item-image \n{\n  display:inline-flex;\n  flex-grow:0;\n  flex-shrink:0;\n  overflow:hidden;\n}\n\n#uc_remote_tabs_elementor_0e3dcaf .ue-item-image img\n{\n  width:100%;\n}\n\n#uc_remote_tabs_elementor_0e3dcaf .ue-item-element-gap\n{\n  flex-grow:0;\n  flex-shrink:0;\n}\n\n<\/style>\n\n<div id=\"uc_remote_tabs_elementor_0e3dcaf\" class=\"ue-remote-tabs\"  data-parentid='auto'>\n  \n\t\n<div id=\"ue-item-1\" class=\"ue-item  elementor-repeater-item-01160f1 ue-item-active\" data-id=\"ue-item-1\" data-tab-number=\"\">\n    \n    <div class=\"ue-item-image\"><img decoding=\"async\" src=\"https:\/\/cmogroup.it\/wp-content\/uploads\/2025\/10\/CMO-group-logo1.png\"  src=\"https:\/\/cmogroup.it\/wp-content\/uploads\/2025\/10\/CMO-group-logo1.png\" alt=\"CMO-group-logo1\" width=\"270\" height=\"168\"><\/div> <div class=\"ue-item-element-gap\"><\/div>  <div>\n      <\/div>\n  \n  <\/div>\n\n\n<div id=\"ue-item-2\" class=\"ue-item  elementor-repeater-item-a8556c7 \" data-id=\"ue-item-2\" data-tab-number=\"\">\n    \n    <div class=\"ue-item-image\"><img decoding=\"async\" src=\"https:\/\/cmogroup.it\/wp-content\/uploads\/2025\/10\/Masperotech-logo.png\"  src=\"https:\/\/cmogroup.it\/wp-content\/uploads\/2025\/10\/Masperotech-logo.png\" alt=\"Masperotech-logo\" width=\"762\" height=\"244\"><\/div> <div class=\"ue-item-element-gap\"><\/div>  <div>\n      <\/div>\n  \n  <\/div>\n\n\n<div id=\"ue-item-3\" class=\"ue-item  elementor-repeater-item-22ff729 \" data-id=\"ue-item-3\" data-tab-number=\"\">\n    \n    <div class=\"ue-item-image\"><img decoding=\"async\" src=\"https:\/\/cmogroup.it\/wp-content\/uploads\/2025\/10\/tunitek_logo-1b-1.png\"  src=\"https:\/\/cmogroup.it\/wp-content\/uploads\/2025\/10\/tunitek_logo-1b-1.png\" alt=\"tunitek_logo-1b\" width=\"680\" height=\"164\"><\/div> <div class=\"ue-item-element-gap\"><\/div>  <div>\n      <\/div>\n  \n  <\/div>\n\n\n<div id=\"ue-item-4\" class=\"ue-item  elementor-repeater-item-38f654a \" data-id=\"ue-item-4\" data-tab-number=\"\">\n    \n    <div class=\"ue-item-image\"><img decoding=\"async\" src=\"https:\/\/cmogroup.it\/wp-content\/uploads\/2025\/10\/AT-logo.png\"  src=\"https:\/\/cmogroup.it\/wp-content\/uploads\/2025\/10\/AT-logo.png\" alt=\"AT-logo\" width=\"703\" height=\"265\"><\/div> <div class=\"ue-item-element-gap\"><\/div>  <div>\n      <\/div>\n  \n  <\/div>\n\n<\/div>\n<!-- end Remote Tabs -->\t\t<\/div>\n\t\t\t\t<\/div>\n\t\t\t\t\t\t<\/div>\n\t\t\t\t\t<\/div>\n\t\t<\/div>\n\t\t\t\t\t\t\t\t<\/div>\n\t\t\t\t\t<\/div>\n\t\t<\/section>\n\t\t\t\t<section data-dce-background-color=\"#051C2C\" data-dce-background-overlay-color=\"#274C69\" class=\"elementor-section elementor-top-section elementor-element elementor-element-1f33ad1 elementor-section-boxed elementor-section-height-default elementor-section-height-default\" data-id=\"1f33ad1\" data-element_type=\"section\" data-settings=\"{&quot;background_background&quot;:&quot;classic&quot;}\">\n\t\t\t\t\t\t\t<div class=\"elementor-background-overlay\"><\/div>\n\t\t\t\t\t\t\t<div class=\"elementor-container elementor-column-gap-default\">\n\t\t\t\t\t\t\t<div class=\"elementor-row\">\n\t\t\t\t\t<div class=\"elementor-column elementor-col-100 elementor-top-column elementor-element elementor-element-9820acb\" data-id=\"9820acb\" data-element_type=\"column\">\n\t\t\t<div class=\"elementor-column-wrap elementor-element-populated\">\n\t\t\t\t\t\t\t<div class=\"elementor-widget-wrap\">\n\t\t\t\t\t\t<div class=\"elementor-element elementor-element-aa2eb85 elementor-widget elementor-widget-heading\" data-id=\"aa2eb85\" data-element_type=\"widget\" data-widget_type=\"heading.default\">\n\t\t\t\t<div class=\"elementor-widget-container\">\n\t\t\t<h3 class=\"elementor-heading-title elementor-size-default\">unsere<\/h3>\t\t<\/div>\n\t\t\t\t<\/div>\n\t\t\t\t<div class=\"elementor-element elementor-element-d87421d animated-slow elementor-invisible elementor-widget elementor-widget-heading\" data-id=\"d87421d\" data-element_type=\"widget\" data-settings=\"{&quot;motion_fx_motion_fx_scrolling&quot;:&quot;yes&quot;,&quot;motion_fx_translateX_effect&quot;:&quot;yes&quot;,&quot;motion_fx_translateX_direction&quot;:&quot;negative&quot;,&quot;motion_fx_translateX_speed&quot;:{&quot;unit&quot;:&quot;px&quot;,&quot;size&quot;:1,&quot;sizes&quot;:[]},&quot;_animation&quot;:&quot;fadeIn&quot;,&quot;motion_fx_devices&quot;:[&quot;desktop&quot;],&quot;motion_fx_translateX_affectedRange&quot;:{&quot;unit&quot;:&quot;%&quot;,&quot;size&quot;:&quot;&quot;,&quot;sizes&quot;:{&quot;start&quot;:0,&quot;end&quot;:100}}}\" data-widget_type=\"heading.default\">\n\t\t\t\t<div class=\"elementor-widget-container\">\n\t\t\t<h2 class=\"elementor-heading-title elementor-size-default\">mission<\/h2>\t\t<\/div>\n\t\t\t\t<\/div>\n\t\t\t\t<div class=\"elementor-element elementor-element-b94d979 elementor-widget elementor-widget-text-editor\" data-id=\"b94d979\" data-element_type=\"widget\" data-widget_type=\"text-editor.default\">\n\t\t\t\t<div class=\"elementor-widget-container\">\n\t\t\t\t\t\t\t\t<div class=\"elementor-text-editor elementor-clearfix\">\n\t\t\t\t<p>Wir wollen zum Erfolg unserer Kunden beitragen, indem wir st\u00e4ndig nach neuen Fertigungsmethoden forschen, um die Produktionszeiten, den Investitionsaufwand und die Kosten f\u00fcr die elektrischen Kontakte, die ein wesentlicher Bestandteil der Produkte unserer Kunden sind, zu reduzieren.<\/p><p>Wir sind st\u00e4ndig auf der Suche nach intelligenten L\u00f6sungen, damit wir einen technischen Bezugspunkt bieten k\u00f6nnen, um Kunden und ihren Designern zu erm\u00f6glichen, auf eine interne Produktionsabteilung mit fortgeschrittenen technischen F\u00e4higkeiten und einem strategischen Interesse an der L\u00f6sung von Herausforderungen zuzugreifen.<\/p>\t\t\t\t\t<\/div>\n\t\t\t\t\t\t<\/div>\n\t\t\t\t<\/div>\n\t\t\t\t\t\t<\/div>\n\t\t\t\t\t<\/div>\n\t\t<\/div>\n\t\t\t\t\t\t\t\t<\/div>\n\t\t\t\t\t<\/div>\n\t\t<\/section>\n\t\t\t\t<section data-dce-background-image-url=\"https:\/\/cmogroup.it\/wp-content\/uploads\/2023\/02\/mission.jpg\" class=\"elementor-section elementor-top-section elementor-element elementor-element-0e3a78d elementor-section-boxed elementor-section-height-default elementor-section-height-default\" data-id=\"0e3a78d\" data-element_type=\"section\" data-settings=\"{&quot;background_background&quot;:&quot;classic&quot;}\">\n\t\t\t\t\t\t\t<div class=\"elementor-background-overlay\"><\/div>\n\t\t\t\t\t\t\t<div class=\"elementor-container elementor-column-gap-default\">\n\t\t\t\t\t\t\t<div class=\"elementor-row\">\n\t\t\t\t\t<div class=\"elementor-column elementor-col-100 elementor-top-column elementor-element elementor-element-0cbf517\" data-id=\"0cbf517\" data-element_type=\"column\">\n\t\t\t<div class=\"elementor-column-wrap\">\n\t\t\t\t\t\t\t<div class=\"elementor-widget-wrap\">\n\t\t\t\t\t\t\t\t<\/div>\n\t\t\t\t\t<\/div>\n\t\t<\/div>\n\t\t\t\t\t\t\t\t<\/div>\n\t\t\t\t\t<\/div>\n\t\t<\/section>\n\t\t\t\t\t\t\t\t\t<\/div>\n\t\t\t<\/div>\n\t\t\t\t\t<\/div>\n\t\t","protected":false},"excerpt":{"rendered":"<p>Die Gruppe verfolgt einen ma\u00dfgeschneiderten Ansatz mit f\u00fcnf Produktionsst\u00e4tten, die jeweils mit fortschrittlichen Technologien zur Herstellung von Kupfer- und Aluminiumkomponenten f\u00fcr den Elektroger\u00e4tesektor ausgestattet sind. CMO Fr\u00e4sen, Drehen, Stanzen und Biegen, L\u00f6tschwei\u00dfen, Wasserstrahl- und Laserschneiden, Beschichten, Montieren. Telefon: +39 0362 64 59 01 E-mail: info@cmogroup.it Adresse:Via dei Mille, 1 20811 Cesano Maderno (MB)ITALIEN Via delle [&hellip;]<\/p>\n","protected":false},"author":12,"featured_media":6052,"parent":0,"menu_order":0,"comment_status":"closed","ping_status":"closed","template":"","meta":{"footnotes":""},"class_list":["post-10251","page","type-page","status-publish","has-post-thumbnail","hentry"],"acf":[],"_links":{"self":[{"href":"https:\/\/cmogroup.it\/de\/wp-json\/wp\/v2\/pages\/10251","targetHints":{"allow":["GET"]}}],"collection":[{"href":"https:\/\/cmogroup.it\/de\/wp-json\/wp\/v2\/pages"}],"about":[{"href":"https:\/\/cmogroup.it\/de\/wp-json\/wp\/v2\/types\/page"}],"author":[{"embeddable":true,"href":"https:\/\/cmogroup.it\/de\/wp-json\/wp\/v2\/users\/12"}],"replies":[{"embeddable":true,"href":"https:\/\/cmogroup.it\/de\/wp-json\/wp\/v2\/comments?post=10251"}],"version-history":[{"count":15,"href":"https:\/\/cmogroup.it\/de\/wp-json\/wp\/v2\/pages\/10251\/revisions"}],"predecessor-version":[{"id":18782,"href":"https:\/\/cmogroup.it\/de\/wp-json\/wp\/v2\/pages\/10251\/revisions\/18782"}],"wp:featuredmedia":[{"embeddable":true,"href":"https:\/\/cmogroup.it\/de\/wp-json\/wp\/v2\/media\/6052"}],"wp:attachment":[{"href":"https:\/\/cmogroup.it\/de\/wp-json\/wp\/v2\/media?parent=10251"}],"curies":[{"name":"wp","href":"https:\/\/api.w.org\/{rel}","templated":true}]}}